{"id":14113,"date":"2022-03-16T13:40:35","date_gmt":"2022-03-16T13:40:35","guid":{"rendered":"https:\/\/rita-zia.com\/product\/collier-petit-scarabee-bumblebee\/"},"modified":"2022-11-23T16:03:32","modified_gmt":"2022-11-23T16:03:32","slug":"collier-petit-scarabee-bumblebee","status":"publish","type":"product","link":"https:\/\/rita-zia.com\/en\/product\/collier-petit-scarabee-bumblebee\/","title":{"rendered":"Collier Petit Scarab\u00e9e Bumblebee"},"content":{"rendered":"","protected":false},"excerpt":{"rendered":"","protected":false},"featured_media":16724,"template":"","meta":{"om_disable_all_campaigns":false,"_monsterinsights_skip_tracking":false,"_monsterinsights_sitenote_active":false,"_monsterinsights_sitenote_note":"","_monsterinsights_sitenote_category":0},"product_brand":[],"product_cat":[594,293,349],"product_tag":[154,330,341,328,228],"class_list":{"0":"post-14113","1":"product","2":"type-product","3":"status-publish","4":"has-post-thumbnail","6":"product_cat-collection-scarabee-argent","7":"product_cat-collection-scarabee","8":"product_cat-collier-collection-scarabee","9":"product_tag-argent","10":"product_tag-bumblebee","11":"product_tag-collier","12":"product_tag-plaque-or","13":"product_tag-scarabee","14":"pa_metal-argent-plaque-or-jaune","15":"pa_metal-argent-plaque-or-rose","16":"pa_metal-argent-rhodie","17":"pa_pierre-bumblebee","19":"first","20":"instock","21":"taxable","22":"shipping-taxable","23":"purchasable","24":"product-type-variable"},"aioseo_notices":[],"yoast_head":"<!-- This site is optimized with the Yoast SEO plugin v27.3 - https:\/\/yoast.com\/product\/yoast-seo-wordpress\/ -->\n<title>Collier Petit Scarab\u00e9e Bumblebee - Rita&amp;Zia<\/title>\n<meta name=\"description\" content=\"Collier Petit Scarab\u00e9e Bumblebee cha\u00eene Rita &amp; Zia\" \/>\n<meta name=\"robots\" content=\"index, follow, max-snippet:-1, max-image-preview:large, max-video-preview:-1\" \/>\n<link rel=\"canonical\" href=\"https:\/\/rita-zia.com\/en\/product\/collier-petit-scarabee-bumblebee\/\" \/>\n<meta property=\"og:locale\" content=\"en_US\" \/>\n<meta property=\"og:type\" content=\"article\" \/>\n<meta property=\"og:title\" content=\"Collier Petit Scarab\u00e9e Bumblebee - Rita&amp;Zia\" \/>\n<meta property=\"og:description\" content=\"Collier Petit Scarab\u00e9e Bumblebee cha\u00eene Rita &amp; Zia\" \/>\n<meta property=\"og:url\" content=\"https:\/\/rita-zia.com\/en\/product\/collier-petit-scarabee-bumblebee\/\" \/>\n<meta property=\"og:site_name\" content=\"Rita&amp;Zia\" \/>\n<meta property=\"article:modified_time\" content=\"2022-11-23T16:03:32+00:00\" \/>\n<meta property=\"og:image\" content=\"https:\/\/rita-zia.com\/wp-content\/uploads\/2022\/07\/S-DNNL3756E.BB_.jpg\" \/>\n\t<meta property=\"og:image:width\" content=\"2000\" \/>\n\t<meta property=\"og:image:height\" content=\"2000\" \/>\n\t<meta property=\"og:image:type\" content=\"image\/jpeg\" \/>\n<meta name=\"twitter:card\" content=\"summary_large_image\" \/>\n<script type=\"application\/ld+json\" class=\"yoast-schema-graph\">{\"@context\":\"https:\\\/\\\/schema.org\",\"@graph\":[{\"@type\":\"WebPage\",\"@id\":\"https:\\\/\\\/rita-zia.com\\\/product\\\/collier-petit-scarabee-bumblebee\\\/\",\"url\":\"https:\\\/\\\/rita-zia.com\\\/product\\\/collier-petit-scarabee-bumblebee\\\/\",\"name\":\"Collier Petit Scarab\u00e9e Bumblebee - Rita&amp;Zia\",\"isPartOf\":{\"@id\":\"https:\\\/\\\/rita-zia.com\\\/#website\"},\"primaryImageOfPage\":{\"@id\":\"https:\\\/\\\/rita-zia.com\\\/product\\\/collier-petit-scarabee-bumblebee\\\/#primaryimage\"},\"image\":{\"@id\":\"https:\\\/\\\/rita-zia.com\\\/product\\\/collier-petit-scarabee-bumblebee\\\/#primaryimage\"},\"thumbnailUrl\":\"https:\\\/\\\/rita-zia.com\\\/wp-content\\\/uploads\\\/2022\\\/07\\\/S-DNNL3756E.BB_.jpg\",\"datePublished\":\"2022-03-16T13:40:35+00:00\",\"dateModified\":\"2022-11-23T16:03:32+00:00\",\"description\":\"Collier Petit Scarab\u00e9e Bumblebee cha\u00eene Rita &amp; Zia\",\"breadcrumb\":{\"@id\":\"https:\\\/\\\/rita-zia.com\\\/product\\\/collier-petit-scarabee-bumblebee\\\/#breadcrumb\"},\"inLanguage\":\"en-US\",\"potentialAction\":[{\"@type\":\"ReadAction\",\"target\":[\"https:\\\/\\\/rita-zia.com\\\/product\\\/collier-petit-scarabee-bumblebee\\\/\"]}]},{\"@type\":\"ImageObject\",\"inLanguage\":\"en-US\",\"@id\":\"https:\\\/\\\/rita-zia.com\\\/product\\\/collier-petit-scarabee-bumblebee\\\/#primaryimage\",\"url\":\"https:\\\/\\\/rita-zia.com\\\/wp-content\\\/uploads\\\/2022\\\/07\\\/S-DNNL3756E.BB_.jpg\",\"contentUrl\":\"https:\\\/\\\/rita-zia.com\\\/wp-content\\\/uploads\\\/2022\\\/07\\\/S-DNNL3756E.BB_.jpg\",\"width\":2000,\"height\":2000},{\"@type\":\"BreadcrumbList\",\"@id\":\"https:\\\/\\\/rita-zia.com\\\/product\\\/collier-petit-scarabee-bumblebee\\\/#breadcrumb\",\"itemListElement\":[{\"@type\":\"ListItem\",\"position\":1,\"name\":\"Collection\",\"item\":\"https:\\\/\\\/rita-zia.com\\\/collection\\\/\"},{\"@type\":\"ListItem\",\"position\":2,\"name\":\"Collier Petit Scarab\u00e9e Bumblebee\"}]},{\"@type\":\"WebSite\",\"@id\":\"https:\\\/\\\/rita-zia.com\\\/#website\",\"url\":\"https:\\\/\\\/rita-zia.com\\\/\",\"name\":\"Rita&amp;Zia\",\"description\":\"Une f\u00e9minit\u00e9 assur\u00e9e\",\"publisher\":{\"@id\":\"https:\\\/\\\/rita-zia.com\\\/#organization\"},\"potentialAction\":[{\"@type\":\"SearchAction\",\"target\":{\"@type\":\"EntryPoint\",\"urlTemplate\":\"https:\\\/\\\/rita-zia.com\\\/?s={search_term_string}\"},\"query-input\":{\"@type\":\"PropertyValueSpecification\",\"valueRequired\":true,\"valueName\":\"search_term_string\"}}],\"inLanguage\":\"en-US\"},{\"@type\":\"Organization\",\"@id\":\"https:\\\/\\\/rita-zia.com\\\/#organization\",\"name\":\"Rita & Zia\",\"url\":\"https:\\\/\\\/rita-zia.com\\\/\",\"logo\":{\"@type\":\"ImageObject\",\"inLanguage\":\"en-US\",\"@id\":\"https:\\\/\\\/rita-zia.com\\\/#\\\/schema\\\/logo\\\/image\\\/\",\"url\":\"https:\\\/\\\/rita-zia.com\\\/wp-content\\\/uploads\\\/2022\\\/02\\\/Logo-Rita-Zia_vertical-scaled.jpg\",\"contentUrl\":\"https:\\\/\\\/rita-zia.com\\\/wp-content\\\/uploads\\\/2022\\\/02\\\/Logo-Rita-Zia_vertical-scaled.jpg\",\"width\":2560,\"height\":2560,\"caption\":\"Rita & Zia\"},\"image\":{\"@id\":\"https:\\\/\\\/rita-zia.com\\\/#\\\/schema\\\/logo\\\/image\\\/\"},\"sameAs\":[\"https:\\\/\\\/www.instagram.com\\\/ritazia\\\/\"]}]}<\/script>\n<!-- \/ Yoast SEO plugin. -->","yoast_head_json":{"title":"Collier Petit Scarab\u00e9e Bumblebee - Rita&amp;Zia","description":"Collier Petit Scarab\u00e9e Bumblebee cha\u00eene Rita &amp; Zia","robots":{"index":"index","follow":"follow","max-snippet":"max-snippet:-1","max-image-preview":"max-image-preview:large","max-video-preview":"max-video-preview:-1"},"canonical":"https:\/\/rita-zia.com\/en\/product\/collier-petit-scarabee-bumblebee\/","og_locale":"en_US","og_type":"article","og_title":"Collier Petit Scarab\u00e9e Bumblebee - Rita&amp;Zia","og_description":"Collier Petit Scarab\u00e9e Bumblebee cha\u00eene Rita &amp; Zia","og_url":"https:\/\/rita-zia.com\/en\/product\/collier-petit-scarabee-bumblebee\/","og_site_name":"Rita&amp;Zia","article_modified_time":"2022-11-23T16:03:32+00:00","og_image":[{"width":2000,"height":2000,"url":"https:\/\/rita-zia.com\/wp-content\/uploads\/2022\/07\/S-DNNL3756E.BB_.jpg","type":"image\/jpeg"}],"twitter_card":"summary_large_image","schema":{"@context":"https:\/\/schema.org","@graph":[{"@type":"WebPage","@id":"https:\/\/rita-zia.com\/product\/collier-petit-scarabee-bumblebee\/","url":"https:\/\/rita-zia.com\/product\/collier-petit-scarabee-bumblebee\/","name":"Collier Petit Scarab\u00e9e Bumblebee - Rita&amp;Zia","isPartOf":{"@id":"https:\/\/rita-zia.com\/#website"},"primaryImageOfPage":{"@id":"https:\/\/rita-zia.com\/product\/collier-petit-scarabee-bumblebee\/#primaryimage"},"image":{"@id":"https:\/\/rita-zia.com\/product\/collier-petit-scarabee-bumblebee\/#primaryimage"},"thumbnailUrl":"https:\/\/rita-zia.com\/wp-content\/uploads\/2022\/07\/S-DNNL3756E.BB_.jpg","datePublished":"2022-03-16T13:40:35+00:00","dateModified":"2022-11-23T16:03:32+00:00","description":"Collier Petit Scarab\u00e9e Bumblebee cha\u00eene Rita &amp; Zia","breadcrumb":{"@id":"https:\/\/rita-zia.com\/product\/collier-petit-scarabee-bumblebee\/#breadcrumb"},"inLanguage":"en-US","potentialAction":[{"@type":"ReadAction","target":["https:\/\/rita-zia.com\/product\/collier-petit-scarabee-bumblebee\/"]}]},{"@type":"ImageObject","inLanguage":"en-US","@id":"https:\/\/rita-zia.com\/product\/collier-petit-scarabee-bumblebee\/#primaryimage","url":"https:\/\/rita-zia.com\/wp-content\/uploads\/2022\/07\/S-DNNL3756E.BB_.jpg","contentUrl":"https:\/\/rita-zia.com\/wp-content\/uploads\/2022\/07\/S-DNNL3756E.BB_.jpg","width":2000,"height":2000},{"@type":"BreadcrumbList","@id":"https:\/\/rita-zia.com\/product\/collier-petit-scarabee-bumblebee\/#breadcrumb","itemListElement":[{"@type":"ListItem","position":1,"name":"Collection","item":"https:\/\/rita-zia.com\/collection\/"},{"@type":"ListItem","position":2,"name":"Collier Petit Scarab\u00e9e Bumblebee"}]},{"@type":"WebSite","@id":"https:\/\/rita-zia.com\/#website","url":"https:\/\/rita-zia.com\/","name":"Rita&amp;Zia","description":"Une f\u00e9minit\u00e9 assur\u00e9e","publisher":{"@id":"https:\/\/rita-zia.com\/#organization"},"potentialAction":[{"@type":"SearchAction","target":{"@type":"EntryPoint","urlTemplate":"https:\/\/rita-zia.com\/?s={search_term_string}"},"query-input":{"@type":"PropertyValueSpecification","valueRequired":true,"valueName":"search_term_string"}}],"inLanguage":"en-US"},{"@type":"Organization","@id":"https:\/\/rita-zia.com\/#organization","name":"Rita & Zia","url":"https:\/\/rita-zia.com\/","logo":{"@type":"ImageObject","inLanguage":"en-US","@id":"https:\/\/rita-zia.com\/#\/schema\/logo\/image\/","url":"https:\/\/rita-zia.com\/wp-content\/uploads\/2022\/02\/Logo-Rita-Zia_vertical-scaled.jpg","contentUrl":"https:\/\/rita-zia.com\/wp-content\/uploads\/2022\/02\/Logo-Rita-Zia_vertical-scaled.jpg","width":2560,"height":2560,"caption":"Rita & Zia"},"image":{"@id":"https:\/\/rita-zia.com\/#\/schema\/logo\/image\/"},"sameAs":["https:\/\/www.instagram.com\/ritazia\/"]}]}},"_links":{"self":[{"href":"https:\/\/rita-zia.com\/en\/wp-json\/wp\/v2\/product\/14113","targetHints":{"allow":["GET"]}}],"collection":[{"href":"https:\/\/rita-zia.com\/en\/wp-json\/wp\/v2\/product"}],"about":[{"href":"https:\/\/rita-zia.com\/en\/wp-json\/wp\/v2\/types\/product"}],"version-history":[{"count":1,"href":"https:\/\/rita-zia.com\/en\/wp-json\/wp\/v2\/product\/14113\/revisions"}],"predecessor-version":[{"id":14118,"href":"https:\/\/rita-zia.com\/en\/wp-json\/wp\/v2\/product\/14113\/revisions\/14118"}],"wp:featuredmedia":[{"embeddable":true,"href":"https:\/\/rita-zia.com\/en\/wp-json\/wp\/v2\/media\/16724"}],"wp:attachment":[{"href":"https:\/\/rita-zia.com\/en\/wp-json\/wp\/v2\/media?parent=14113"}],"wp:term":[{"taxonomy":"product_brand","embeddable":true,"href":"https:\/\/rita-zia.com\/en\/wp-json\/wp\/v2\/product_brand?post=14113"},{"taxonomy":"product_cat","embeddable":true,"href":"https:\/\/rita-zia.com\/en\/wp-json\/wp\/v2\/product_cat?post=14113"},{"taxonomy":"product_tag","embeddable":true,"href":"https:\/\/rita-zia.com\/en\/wp-json\/wp\/v2\/product_tag?post=14113"}],"curies":[{"name":"wp","href":"https:\/\/api.w.org\/{rel}","templated":true}]}}