{"id":7339,"date":"2021-07-01T14:42:09","date_gmt":"2021-07-01T14:42:09","guid":{"rendered":"https:\/\/rita-zia.com\/?page_id=7339"},"modified":"2022-09-05T14:40:57","modified_gmt":"2022-09-05T14:40:57","slug":"mentions-legales","status":"publish","type":"page","link":"https:\/\/rita-zia.com\/en\/mentions-legales\/","title":{"rendered":"Legal notices"},"content":{"rendered":"<div data-elementor-type=\"wp-page\" data-elementor-id=\"7339\" class=\"elementor elementor-7339\" data-elementor-post-type=\"page\">\n\t\t\t\t\t\t<section class=\"elementor-section elementor-top-section elementor-element elementor-element-3b335c33 elementor-section-boxed elementor-section-height-default elementor-section-height-default\" data-id=\"3b335c33\" data-element_type=\"section\" data-e-type=\"section\">\n\t\t\t\t\t\t<div class=\"elementor-container elementor-column-gap-default\">\n\t\t\t\t\t<div class=\"elementor-column elementor-col-100 elementor-top-column elementor-element elementor-element-62634a1\" data-id=\"62634a1\" data-element_type=\"column\" data-e-type=\"column\">\n\t\t\t<div class=\"elementor-widget-wrap elementor-element-populated\">\n\t\t\t\t\t\t<div class=\"elementor-element elementor-element-da6af07 elementor-widget elementor-widget-text-editor\" data-id=\"da6af07\" data-element_type=\"widget\" data-e-type=\"widget\" data-widget_type=\"text-editor.default\">\n\t\t\t\t<div class=\"elementor-widget-container\">\n\t\t\t\t\t\t\t\t\t<p>Conform\u00e9ment aux dispositions des articles 6-III et 19 de la Loi n\u00b0 2004-575 du 21 juin 2004 pour la Confiance dans l\u2019\u00e9conomie num\u00e9rique, dite L.C.E.N., nous portons \u00e0 la connaissance des utilisateurs et visiteurs du site <a href=\"https:\/\/rita-zia.com\/en\/\">&nbsp;www.rita-zia.com<\/a> les informations suivantes :<\/p>\n<p><strong>R\u00c9ALISATION<\/strong><br>Cr\u00e9ation du site : <a href=\"https:\/\/www.tec-artshd.com\/\">TEC Arts HD<\/a><br>Webdesign : <a href=\"https:\/\/www.tec-artshd.com\/\">TEC Arts HD<\/a><\/p>\n<p>Ic\u00f4nes : Flaticon.com<\/p>\n<p><\/p>\n<p><strong>\u00c9DITEUR<\/strong><br>Le site <a href=\"https:\/\/rita-zia.com\/en\/\">&nbsp;www.rita-zia.com<\/a> est la propri\u00e9t\u00e9 exclusive de SB Diffusion S\u00e0rl, qui l\u2019\u00e9dite.<\/p>\n<p><b>RITA &amp; ZIA<\/b><strong><br><\/strong>Adresse :<br>Chemin des Rosiers 2A<br>1337 Vallorbe<br>Immatricul\u00e9e au Registre du Commerce et des Soci\u00e9t\u00e9s de <strong>CH66024790069<br><\/strong>sous le num\u00e9ro<strong> CHE-113.232.052<\/strong><\/p>\n<p>T\u00e9l&nbsp; : <strong>+41 22 321 17 47<\/strong><\/p>\n<p>Adresse de courrier \u00e9lectronique :<br><strong>info[at]rita-zia.com<\/strong><\/p>\n<p>Directeur de la&nbsp; publication&nbsp;:<br><a href=\"mailto:Arnaud.faivre@tec-ebauches.ch\">Arnaud Faivre<\/a><\/p>\n<p><strong>H\u00c9BERGEMENT<\/strong><br>Le site est h\u00e9berg\u00e9&nbsp;par&nbsp;<strong>Infomaniak<br><\/strong>Rue Eug\u00e8ne-Marziano 25<br>1227 Les Acacias<\/p>\n<p><strong>NEWSLETTER<\/strong><br>L\u2019utilisateur peut souscrire au service de newsletter, lui permettant de recevoir des informations par courrier \u00e9lectronique. L\u2019inscription au service de newsletter est automatique en cas de cr\u00e9ation d\u2019un compte sur le site. Toute d\u00e9sinscription se fera exclusivement par l\u2019interm\u00e9diaire du service de newsletter.<\/p>\n<p><strong>COPYRIGHT<\/strong><br>Tous les \u00e9l\u00e9ments publi\u00e9s sur le Site Rita &amp; ZIA sont soumis au copyright suivant :<br>Copyright \u00a92022 Rita&amp;Zia. Tous droits r\u00e9serv\u00e9s.<\/p>\n<p><strong>LIENS HYPERTEXTES<\/strong><br>Certains liens contenus sur le site peuvent renvoyer \u00e0 d\u2019autres sites Internet g\u00e9r\u00e9s par des tiers, autres que RITA &amp; ZIA. La pr\u00e9sence de ces liens hypertexte n\u2019implique aucunement le cautionnement de ces sites par RITA &amp; ZIA. RITA &amp; ZIA n\u2019a pas contr\u00f4l\u00e9 l\u2019ensemble des sites tiers mentionn\u00e9s sur son site et ne saurait \u00eatre tenu responsable du contenu ou de la justesse des pages hors site ou des sites tiers mentionn\u00e9s sur son site. Les utilisateurs du Site consultent les pages hors site et les sites tiers \u00e0 leurs risques et p\u00e9rils.<\/p>\t\t\t\t\t\t\t\t<\/div>\n\t\t\t\t<\/div>\n\t\t\t\t\t<\/div>\n\t\t<\/div>\n\t\t\t\t\t<\/div>\n\t\t<\/section>\n\t\t\t\t<\/div>","protected":false},"excerpt":{"rendered":"<p>Conform\u00e9ment aux dispositions des articles 6-III et 19 de la Loi n\u00b0 2004-575 du 21 juin 2004 pour la Confiance dans l\u2019\u00e9conomie num\u00e9rique, dite L.C.E.N., nous portons \u00e0 la connaissance des utilisateurs et visiteurs du site &nbsp;www.rita-zia.com les informations suivantes : R\u00c9ALISATIONCr\u00e9ation du site : TEC Arts HDWebdesign : TEC Arts HD Ic\u00f4nes : Flaticon.com [&hellip;]<\/p>","protected":false},"author":2,"featured_media":0,"parent":0,"menu_order":0,"comment_status":"closed","ping_status":"closed","template":"","meta":{"om_disable_all_campaigns":false,"_monsterinsights_skip_tracking":false,"_monsterinsights_sitenote_active":false,"_monsterinsights_sitenote_note":"","_monsterinsights_sitenote_category":0,"footnotes":""},"class_list":["post-7339","page","type-page","status-publish","hentry"],"aioseo_notices":[],"yoast_head":"<!-- This site is optimized with the Yoast SEO plugin v27.4 - https:\/\/yoast.com\/product\/yoast-seo-wordpress\/ -->\n<title>Mentions L\u00e9gales - Rita&amp;Zia<\/title>\n<meta name=\"robots\" content=\"index, follow, max-snippet:-1, max-image-preview:large, max-video-preview:-1\" \/>\n<link rel=\"canonical\" href=\"https:\/\/rita-zia.com\/en\/mentions-legales\/\" \/>\n<meta property=\"og:locale\" content=\"en_US\" \/>\n<meta property=\"og:type\" content=\"article\" \/>\n<meta property=\"og:title\" content=\"Mentions L\u00e9gales - Rita&amp;Zia\" \/>\n<meta property=\"og:description\" content=\"Conform\u00e9ment aux dispositions des articles 6-III et 19 de la Loi n\u00b0 2004-575 du 21 juin 2004 pour la Confiance dans l\u2019\u00e9conomie num\u00e9rique, dite L.C.E.N., nous portons \u00e0 la connaissance des utilisateurs et visiteurs du site &nbsp;www.rita-zia.com les informations suivantes : R\u00c9ALISATIONCr\u00e9ation du site : TEC Arts HDWebdesign : TEC Arts HD Ic\u00f4nes : Flaticon.com [&hellip;]\" \/>\n<meta property=\"og:url\" content=\"https:\/\/rita-zia.com\/en\/mentions-legales\/\" \/>\n<meta property=\"og:site_name\" content=\"Rita&amp;Zia\" \/>\n<meta property=\"article:modified_time\" content=\"2022-09-05T14:40:57+00:00\" \/>\n<meta name=\"twitter:card\" content=\"summary_large_image\" \/>\n<meta name=\"twitter:label1\" content=\"Est. reading time\" \/>\n\t<meta name=\"twitter:data1\" content=\"2 minutes\" \/>\n<script type=\"application\/ld+json\" class=\"yoast-schema-graph\">{\"@context\":\"https:\\\/\\\/schema.org\",\"@graph\":[{\"@type\":\"WebPage\",\"@id\":\"https:\\\/\\\/rita-zia.com\\\/mentions-legales\\\/\",\"url\":\"https:\\\/\\\/rita-zia.com\\\/mentions-legales\\\/\",\"name\":\"Mentions L\u00e9gales - Rita&amp;Zia\",\"isPartOf\":{\"@id\":\"https:\\\/\\\/rita-zia.com\\\/#website\"},\"datePublished\":\"2021-07-01T14:42:09+00:00\",\"dateModified\":\"2022-09-05T14:40:57+00:00\",\"inLanguage\":\"en-US\",\"potentialAction\":[{\"@type\":\"ReadAction\",\"target\":[\"https:\\\/\\\/rita-zia.com\\\/mentions-legales\\\/\"]}]},{\"@type\":\"WebSite\",\"@id\":\"https:\\\/\\\/rita-zia.com\\\/#website\",\"url\":\"https:\\\/\\\/rita-zia.com\\\/\",\"name\":\"Rita&amp;Zia\",\"description\":\"Une f\u00e9minit\u00e9 assur\u00e9e\",\"publisher\":{\"@id\":\"https:\\\/\\\/rita-zia.com\\\/#organization\"},\"potentialAction\":[{\"@type\":\"SearchAction\",\"target\":{\"@type\":\"EntryPoint\",\"urlTemplate\":\"https:\\\/\\\/rita-zia.com\\\/?s={search_term_string}\"},\"query-input\":{\"@type\":\"PropertyValueSpecification\",\"valueRequired\":true,\"valueName\":\"search_term_string\"}}],\"inLanguage\":\"en-US\"},{\"@type\":\"Organization\",\"@id\":\"https:\\\/\\\/rita-zia.com\\\/#organization\",\"name\":\"Rita & Zia\",\"url\":\"https:\\\/\\\/rita-zia.com\\\/\",\"logo\":{\"@type\":\"ImageObject\",\"inLanguage\":\"en-US\",\"@id\":\"https:\\\/\\\/rita-zia.com\\\/#\\\/schema\\\/logo\\\/image\\\/\",\"url\":\"https:\\\/\\\/rita-zia.com\\\/wp-content\\\/uploads\\\/2022\\\/02\\\/Logo-Rita-Zia_vertical-scaled.jpg\",\"contentUrl\":\"https:\\\/\\\/rita-zia.com\\\/wp-content\\\/uploads\\\/2022\\\/02\\\/Logo-Rita-Zia_vertical-scaled.jpg\",\"width\":2560,\"height\":2560,\"caption\":\"Rita & Zia\"},\"image\":{\"@id\":\"https:\\\/\\\/rita-zia.com\\\/#\\\/schema\\\/logo\\\/image\\\/\"},\"sameAs\":[\"https:\\\/\\\/www.instagram.com\\\/ritazia\\\/\"]}]}<\/script>\n<!-- \/ Yoast SEO plugin. -->","yoast_head_json":{"title":"Mentions L\u00e9gales - Rita&amp;Zia","robots":{"index":"index","follow":"follow","max-snippet":"max-snippet:-1","max-image-preview":"max-image-preview:large","max-video-preview":"max-video-preview:-1"},"canonical":"https:\/\/rita-zia.com\/en\/mentions-legales\/","og_locale":"en_US","og_type":"article","og_title":"Mentions L\u00e9gales - Rita&amp;Zia","og_description":"Conform\u00e9ment aux dispositions des articles 6-III et 19 de la Loi n\u00b0 2004-575 du 21 juin 2004 pour la Confiance dans l\u2019\u00e9conomie num\u00e9rique, dite L.C.E.N., nous portons \u00e0 la connaissance des utilisateurs et visiteurs du site &nbsp;www.rita-zia.com les informations suivantes : R\u00c9ALISATIONCr\u00e9ation du site : TEC Arts HDWebdesign : TEC Arts HD Ic\u00f4nes : Flaticon.com [&hellip;]","og_url":"https:\/\/rita-zia.com\/en\/mentions-legales\/","og_site_name":"Rita&amp;Zia","article_modified_time":"2022-09-05T14:40:57+00:00","twitter_card":"summary_large_image","twitter_misc":{"Est. reading time":"2 minutes"},"schema":{"@context":"https:\/\/schema.org","@graph":[{"@type":"WebPage","@id":"https:\/\/rita-zia.com\/mentions-legales\/","url":"https:\/\/rita-zia.com\/mentions-legales\/","name":"Mentions L\u00e9gales - Rita&amp;Zia","isPartOf":{"@id":"https:\/\/rita-zia.com\/#website"},"datePublished":"2021-07-01T14:42:09+00:00","dateModified":"2022-09-05T14:40:57+00:00","inLanguage":"en-US","potentialAction":[{"@type":"ReadAction","target":["https:\/\/rita-zia.com\/mentions-legales\/"]}]},{"@type":"WebSite","@id":"https:\/\/rita-zia.com\/#website","url":"https:\/\/rita-zia.com\/","name":"Rita&amp;Zia","description":"Une f\u00e9minit\u00e9 assur\u00e9e","publisher":{"@id":"https:\/\/rita-zia.com\/#organization"},"potentialAction":[{"@type":"SearchAction","target":{"@type":"EntryPoint","urlTemplate":"https:\/\/rita-zia.com\/?s={search_term_string}"},"query-input":{"@type":"PropertyValueSpecification","valueRequired":true,"valueName":"search_term_string"}}],"inLanguage":"en-US"},{"@type":"Organization","@id":"https:\/\/rita-zia.com\/#organization","name":"Rita & Zia","url":"https:\/\/rita-zia.com\/","logo":{"@type":"ImageObject","inLanguage":"en-US","@id":"https:\/\/rita-zia.com\/#\/schema\/logo\/image\/","url":"https:\/\/rita-zia.com\/wp-content\/uploads\/2022\/02\/Logo-Rita-Zia_vertical-scaled.jpg","contentUrl":"https:\/\/rita-zia.com\/wp-content\/uploads\/2022\/02\/Logo-Rita-Zia_vertical-scaled.jpg","width":2560,"height":2560,"caption":"Rita & Zia"},"image":{"@id":"https:\/\/rita-zia.com\/#\/schema\/logo\/image\/"},"sameAs":["https:\/\/www.instagram.com\/ritazia\/"]}]}},"_links":{"self":[{"href":"https:\/\/rita-zia.com\/en\/wp-json\/wp\/v2\/pages\/7339","targetHints":{"allow":["GET"]}}],"collection":[{"href":"https:\/\/rita-zia.com\/en\/wp-json\/wp\/v2\/pages"}],"about":[{"href":"https:\/\/rita-zia.com\/en\/wp-json\/wp\/v2\/types\/page"}],"author":[{"embeddable":true,"href":"https:\/\/rita-zia.com\/en\/wp-json\/wp\/v2\/users\/2"}],"replies":[{"embeddable":true,"href":"https:\/\/rita-zia.com\/en\/wp-json\/wp\/v2\/comments?post=7339"}],"version-history":[{"count":13,"href":"https:\/\/rita-zia.com\/en\/wp-json\/wp\/v2\/pages\/7339\/revisions"}],"predecessor-version":[{"id":17537,"href":"https:\/\/rita-zia.com\/en\/wp-json\/wp\/v2\/pages\/7339\/revisions\/17537"}],"wp:attachment":[{"href":"https:\/\/rita-zia.com\/en\/wp-json\/wp\/v2\/media?parent=7339"}],"curies":[{"name":"wp","href":"https:\/\/api.w.org\/{rel}","templated":true}]}}