{"id":6015,"date":"2021-04-07T12:48:38","date_gmt":"2021-04-07T12:48:38","guid":{"rendered":"https:\/\/rita-zia.com\/?page_id=6015"},"modified":"2022-03-03T08:52:58","modified_gmt":"2022-03-03T08:52:58","slug":"symboles-rita-zia","status":"publish","type":"page","link":"https:\/\/rita-zia.com\/en\/symboles-rita-zia\/","title":{"rendered":"Symboles Rita &#038; Zia"},"content":{"rendered":"<div data-elementor-type=\"wp-page\" data-elementor-id=\"6015\" class=\"elementor elementor-6015\" data-elementor-post-type=\"page\">\n\t\t\t\t\t\t<section class=\"elementor-section elementor-top-section elementor-element elementor-element-8eda67d elementor-section-full_width elementor-section-height-default elementor-section-height-default\" data-id=\"8eda67d\" data-element_type=\"section\" data-e-type=\"section\">\n\t\t\t\t\t\t<div class=\"elementor-container elementor-column-gap-default\">\n\t\t\t\t\t<div class=\"elementor-column elementor-col-100 elementor-top-column elementor-element elementor-element-931f674\" data-id=\"931f674\" data-element_type=\"column\" data-e-type=\"column\" data-settings=\"{&quot;background_background&quot;:&quot;classic&quot;,&quot;background_motion_fx_translateY_speed&quot;:{&quot;unit&quot;:&quot;px&quot;,&quot;size&quot;:2.6,&quot;sizes&quot;:[]},&quot;background_motion_fx_motion_fx_scrolling&quot;:&quot;yes&quot;,&quot;background_motion_fx_translateY_effect&quot;:&quot;yes&quot;,&quot;background_motion_fx_translateY_direction&quot;:&quot;negative&quot;,&quot;background_motion_fx_translateY_affectedRange&quot;:{&quot;unit&quot;:&quot;%&quot;,&quot;size&quot;:&quot;&quot;,&quot;sizes&quot;:{&quot;start&quot;:0,&quot;end&quot;:100}},&quot;background_motion_fx_devices&quot;:[&quot;desktop&quot;,&quot;tablet&quot;,&quot;mobile&quot;]}\">\n\t\t\t<div class=\"elementor-widget-wrap elementor-element-populated\">\n\t\t\t\t\t\t<div class=\"elementor-element elementor-element-59d44e8 elementor-widget elementor-widget-spacer\" data-id=\"59d44e8\" data-element_type=\"widget\" data-e-type=\"widget\" data-widget_type=\"spacer.default\">\n\t\t\t\t<div class=\"elementor-widget-container\">\n\t\t\t\t\t\t\t<div class=\"elementor-spacer\">\n\t\t\t<div class=\"elementor-spacer-inner\"><\/div>\n\t\t<\/div>\n\t\t\t\t\t\t<\/div>\n\t\t\t\t<\/div>\n\t\t\t\t<div class=\"elementor-element elementor-element-9ba3330 elementor-widget elementor-widget-heading\" data-id=\"9ba3330\" data-element_type=\"widget\" data-e-type=\"widget\" data-widget_type=\"heading.default\">\n\t\t\t\t<div class=\"elementor-widget-container\">\n\t\t\t\t\t<h2 class=\"elementor-heading-title elementor-size-default\">SYMBOLES RITA &amp; ZIA<\/h2>\t\t\t\t<\/div>\n\t\t\t\t<\/div>\n\t\t\t\t\t<\/div>\n\t\t<\/div>\n\t\t\t\t\t<\/div>\n\t\t<\/section>\n\t\t\t\t<section class=\"elementor-section elementor-top-section elementor-element elementor-element-dec6393 elementor-section-boxed elementor-section-height-default elementor-section-height-default\" data-id=\"dec6393\" data-element_type=\"section\" data-e-type=\"section\">\n\t\t\t\t\t\t<div class=\"elementor-container elementor-column-gap-default\">\n\t\t\t\t\t\t<\/div>\n\t\t<\/section>\n\t\t\t\t<section class=\"elementor-section elementor-top-section elementor-element elementor-element-4549254 elementor-section-boxed elementor-section-height-default elementor-section-height-default\" data-id=\"4549254\" data-element_type=\"section\" data-e-type=\"section\">\n\t\t\t\t\t\t<div class=\"elementor-container elementor-column-gap-default\">\n\t\t\t\t\t<div class=\"elementor-column elementor-col-100 elementor-top-column elementor-element elementor-element-174d48f\" data-id=\"174d48f\" data-element_type=\"column\" data-e-type=\"column\">\n\t\t\t<div class=\"elementor-widget-wrap elementor-element-populated\">\n\t\t\t\t\t\t<div class=\"elementor-element elementor-element-ad0f801 elementor-widget elementor-widget-spacer\" data-id=\"ad0f801\" data-element_type=\"widget\" data-e-type=\"widget\" data-widget_type=\"spacer.default\">\n\t\t\t\t<div class=\"elementor-widget-container\">\n\t\t\t\t\t\t\t<div class=\"elementor-spacer\">\n\t\t\t<div class=\"elementor-spacer-inner\"><\/div>\n\t\t<\/div>\n\t\t\t\t\t\t<\/div>\n\t\t\t\t<\/div>\n\t\t\t\t\t<\/div>\n\t\t<\/div>\n\t\t\t\t\t<\/div>\n\t\t<\/section>\n\t\t\t\t<section class=\"elementor-section elementor-top-section elementor-element elementor-element-2905631 elementor-section-boxed elementor-section-height-default elementor-section-height-default\" data-id=\"2905631\" data-element_type=\"section\" data-e-type=\"section\">\n\t\t\t\t\t\t<div class=\"elementor-container elementor-column-gap-default\">\n\t\t\t\t\t<div class=\"elementor-column elementor-col-100 elementor-top-column elementor-element elementor-element-e5b6fa6\" data-id=\"e5b6fa6\" data-element_type=\"column\" data-e-type=\"column\">\n\t\t\t<div class=\"elementor-widget-wrap elementor-element-populated\">\n\t\t\t\t\t\t<div class=\"elementor-element elementor-element-1bd731a elementor-widget elementor-widget-heading\" data-id=\"1bd731a\" data-element_type=\"widget\" data-e-type=\"widget\" data-widget_type=\"heading.default\">\n\t\t\t\t<div class=\"elementor-widget-container\">\n\t\t\t\t\t<h1 class=\"elementor-heading-title elementor-size-default\"><a href=\"https:\/\/rita-zia.com\/en\/pierres-rita-zia\/\"><a href=\"https:\/\/rita-zia.com\/en\/pierres-rita-zia\/\">LES PIERRES<\/a><b> I <\/b>\n\u25ba<u><b>LES SYMBOLES<\/b><\/u>\u25c0\ufe0e<\/a><\/h1>\t\t\t\t<\/div>\n\t\t\t\t<\/div>\n\t\t\t\t\t<\/div>\n\t\t<\/div>\n\t\t\t\t\t<\/div>\n\t\t<\/section>\n\t\t\t\t<section class=\"elementor-section elementor-top-section elementor-element elementor-element-4193de5 elementor-section-boxed elementor-section-height-default elementor-section-height-default\" data-id=\"4193de5\" data-element_type=\"section\" data-e-type=\"section\" data-settings=\"{&quot;background_background&quot;:&quot;video&quot;}\">\n\t\t\t\t\t\t\t<div class=\"elementor-background-overlay\"><\/div>\n\t\t\t\t\t\t\t<div class=\"elementor-container elementor-column-gap-extended\">\n\t\t\t\t\t<div class=\"elementor-column elementor-col-100 elementor-top-column elementor-element elementor-element-5a97bec\" data-id=\"5a97bec\" data-element_type=\"column\" data-e-type=\"column\" data-settings=\"{&quot;background_background&quot;:&quot;classic&quot;}\">\n\t\t\t<div class=\"elementor-widget-wrap elementor-element-populated\">\n\t\t\t\t\t<div class=\"elementor-background-overlay\"><\/div>\n\t\t\t\t\t\t<div class=\"elementor-element elementor-element-eebb738 elementor-widget elementor-widget-spacer\" data-id=\"eebb738\" data-element_type=\"widget\" data-e-type=\"widget\" data-widget_type=\"spacer.default\">\n\t\t\t\t<div class=\"elementor-widget-container\">\n\t\t\t\t\t\t\t<div class=\"elementor-spacer\">\n\t\t\t<div class=\"elementor-spacer-inner\"><\/div>\n\t\t<\/div>\n\t\t\t\t\t\t<\/div>\n\t\t\t\t<\/div>\n\t\t\t\t<div class=\"elementor-element elementor-element-03ecadf elementor-position-left elementor-vertical-align-top elementor-widget elementor-widget-image-box\" data-id=\"03ecadf\" data-element_type=\"widget\" data-e-type=\"widget\" data-widget_type=\"image-box.default\">\n\t\t\t\t<div class=\"elementor-widget-container\">\n\t\t\t\t\t<div class=\"elementor-image-box-wrapper\"><figure class=\"elementor-image-box-img\"><a href=\"https:\/\/rita-zia.com\/en\/product-tag\/scarabee\/\" tabindex=\"-1\"><img fetchpriority=\"high\" decoding=\"async\" width=\"400\" height=\"200\" src=\"https:\/\/rita-zia.com\/wp-content\/uploads\/2022\/03\/scarabee.png\" class=\"attachment-450x900 size-450x900 wp-image-11382\" alt=\"\" srcset=\"https:\/\/rita-zia.com\/wp-content\/uploads\/2022\/03\/scarabee.png 400w, https:\/\/rita-zia.com\/wp-content\/uploads\/2022\/03\/scarabee-300x150.png 300w\" sizes=\"(max-width: 400px) 100vw, 400px\" \/><\/a><\/figure><div class=\"elementor-image-box-content\"><h3 class=\"elementor-image-box-title\"><a href=\"https:\/\/rita-zia.com\/en\/product-tag\/scarabee\/\">Scarab\u00e9e<\/a><\/h3><p class=\"elementor-image-box-description\">D\u00e9licatement stylis\u00e9, le Scarab\u00e9e de Rita &amp; Zia ennoblit la nature sans rien celer de sa v\u00e9rit\u00e9 concr\u00e8te. Laissez-vous s\u00e9duire par les versions en or jaune, rose ou blanc, \nserties de pierres pr\u00e9cieuses, ou les interpr\u00e9tations plus pop en argent plaqu\u00e9 or jaune, or rose ou rhodi\u00e9. <\/p><\/div><\/div>\t\t\t\t<\/div>\n\t\t\t\t<\/div>\n\t\t\t\t<div class=\"elementor-element elementor-element-0304c35 elementor-position-left elementor-vertical-align-top elementor-widget elementor-widget-image-box\" data-id=\"0304c35\" data-element_type=\"widget\" data-e-type=\"widget\" data-widget_type=\"image-box.default\">\n\t\t\t\t<div class=\"elementor-widget-container\">\n\t\t\t\t\t<div class=\"elementor-image-box-wrapper\"><figure class=\"elementor-image-box-img\"><a href=\"https:\/\/rita-zia.com\/en\/product-tag\/chakra\/\" tabindex=\"-1\"><img decoding=\"async\" width=\"400\" height=\"200\" src=\"https:\/\/rita-zia.com\/wp-content\/uploads\/2022\/03\/chakra.png\" class=\"attachment-450x900 size-450x900 wp-image-11380\" alt=\"\" srcset=\"https:\/\/rita-zia.com\/wp-content\/uploads\/2022\/03\/chakra.png 400w, https:\/\/rita-zia.com\/wp-content\/uploads\/2022\/03\/chakra-300x150.png 300w\" sizes=\"(max-width: 400px) 100vw, 400px\" \/><\/a><\/figure><div class=\"elementor-image-box-content\"><h3 class=\"elementor-image-box-title\"><a href=\"https:\/\/rita-zia.com\/en\/product-tag\/chakra\/\">Chakra Muladhara et Racine<\/a><\/h3><p class=\"elementor-image-box-description\">Rita &amp; Zia\u2019s Chakra is your starting point for self-discovery. Whether in enamel or stones, gold or silver, this mysterious circular motif accompanies you in daily life as your mood suits you.  <\/p><\/div><\/div>\t\t\t\t<\/div>\n\t\t\t\t<\/div>\n\t\t\t\t<div class=\"elementor-element elementor-element-400f206 elementor-position-left elementor-vertical-align-top elementor-widget elementor-widget-image-box\" data-id=\"400f206\" data-element_type=\"widget\" data-e-type=\"widget\" data-widget_type=\"image-box.default\">\n\t\t\t\t<div class=\"elementor-widget-container\">\n\t\t\t\t\t<div class=\"elementor-image-box-wrapper\"><figure class=\"elementor-image-box-img\"><a href=\"https:\/\/rita-zia.com\/en\/product-tag\/aigle\/\" tabindex=\"-1\"><img decoding=\"async\" width=\"400\" height=\"200\" src=\"https:\/\/rita-zia.com\/wp-content\/uploads\/2022\/03\/aigle.png\" class=\"attachment-450x900 size-450x900 wp-image-11379\" alt=\"\" srcset=\"https:\/\/rita-zia.com\/wp-content\/uploads\/2022\/03\/aigle.png 400w, https:\/\/rita-zia.com\/wp-content\/uploads\/2022\/03\/aigle-300x150.png 300w\" sizes=\"(max-width: 400px) 100vw, 400px\" \/><\/a><\/figure><div class=\"elementor-image-box-content\"><h3 class=\"elementor-image-box-title\"><a href=\"https:\/\/rita-zia.com\/en\/product-tag\/aigle\/\">L'Aigle<\/a><\/h3><p class=\"elementor-image-box-description\">The Aigle illustrates pure lines without losing any of its boldness or candor. The eagle, adorned in yellow, rose or white gold and set with precious stones, also comes in yellow gold-, pink gold- or rhodium-plated silver.\n <\/p><\/div><\/div>\t\t\t\t<\/div>\n\t\t\t\t<\/div>\n\t\t\t\t<div class=\"elementor-element elementor-element-4112fed elementor-position-left elementor-vertical-align-top elementor-widget elementor-widget-image-box\" data-id=\"4112fed\" data-element_type=\"widget\" data-e-type=\"widget\" data-widget_type=\"image-box.default\">\n\t\t\t\t<div class=\"elementor-widget-container\">\n\t\t\t\t\t<div class=\"elementor-image-box-wrapper\"><figure class=\"elementor-image-box-img\"><a href=\"https:\/\/rita-zia.com\/en\/product-tag\/pendule\/\" tabindex=\"-1\"><img loading=\"lazy\" decoding=\"async\" width=\"400\" height=\"200\" src=\"https:\/\/rita-zia.com\/wp-content\/uploads\/2022\/03\/pendule.png\" class=\"attachment-450x900 size-450x900 wp-image-11381\" alt=\"\" srcset=\"https:\/\/rita-zia.com\/wp-content\/uploads\/2022\/03\/pendule.png 400w, https:\/\/rita-zia.com\/wp-content\/uploads\/2022\/03\/pendule-300x150.png 300w\" sizes=\"(max-width: 400px) 100vw, 400px\" \/><\/a><\/figure><div class=\"elementor-image-box-content\"><h3 class=\"elementor-image-box-title\"><a href=\"https:\/\/rita-zia.com\/en\/product-tag\/pendule\/\">Pendule<\/a><\/h3><p class=\"elementor-image-box-description\">Two rings set with precious stones, entwining a monochromatic piece of sparkle: the Rita &amp; Zia Pendule represents geometry and contrast.<\/p><\/div><\/div>\t\t\t\t<\/div>\n\t\t\t\t<\/div>\n\t\t\t\t\t<\/div>\n\t\t<\/div>\n\t\t\t\t\t<\/div>\n\t\t<\/section>\n\t\t\t\t<\/div>","protected":false},"excerpt":{"rendered":"<p>SYMBOLES RITA &amp; ZIA LES PIERRES I \u25baLES SYMBOLES&#x25c0;\ufe0e Scarab\u00e9e D\u00e9licatement stylis\u00e9, le Scarab\u00e9e de Rita &#038; Zia ennoblit la nature sans rien celer de sa v\u00e9rit\u00e9 concr\u00e8te. Laissez-vous s\u00e9duire par les versions en or jaune, rose ou blanc, serties de pierres pr\u00e9cieuses, ou les interpr\u00e9tations plus pop en argent plaqu\u00e9 or jaune, or rose [&hellip;]<\/p>","protected":false},"author":2,"featured_media":9734,"parent":0,"menu_order":0,"comment_status":"closed","ping_status":"closed","template":"elementor_header_footer","meta":{"om_disable_all_campaigns":false,"_monsterinsights_skip_tracking":false,"_monsterinsights_sitenote_active":false,"_monsterinsights_sitenote_note":"","_monsterinsights_sitenote_category":0,"footnotes":""},"class_list":["post-6015","page","type-page","status-publish","has-post-thumbnail","hentry"],"aioseo_notices":[],"yoast_head":"<!-- This site is optimized with the Yoast SEO plugin v27.4 - https:\/\/yoast.com\/product\/yoast-seo-wordpress\/ -->\n<title>Symboles Rita &amp; Zia - Rita&amp;Zia<\/title>\n<meta name=\"robots\" content=\"index, follow, max-snippet:-1, max-image-preview:large, max-video-preview:-1\" \/>\n<link rel=\"canonical\" href=\"https:\/\/rita-zia.com\/en\/symboles-rita-zia\/\" \/>\n<meta property=\"og:locale\" content=\"en_US\" \/>\n<meta property=\"og:type\" content=\"article\" \/>\n<meta property=\"og:title\" content=\"Symboles Rita &amp; Zia - Rita&amp;Zia\" \/>\n<meta property=\"og:description\" content=\"SYMBOLES RITA &amp; ZIA LES PIERRES I \u25baLES SYMBOLES&#x25c0;\ufe0e Scarab\u00e9e D\u00e9licatement stylis\u00e9, le Scarab\u00e9e de Rita &#038; Zia ennoblit la nature sans rien celer de sa v\u00e9rit\u00e9 concr\u00e8te. Laissez-vous s\u00e9duire par les versions en or jaune, rose ou blanc, serties de pierres pr\u00e9cieuses, ou les interpr\u00e9tations plus pop en argent plaqu\u00e9 or jaune, or rose [&hellip;]\" \/>\n<meta property=\"og:url\" content=\"https:\/\/rita-zia.com\/en\/symboles-rita-zia\/\" \/>\n<meta property=\"og:site_name\" content=\"Rita&amp;Zia\" \/>\n<meta property=\"article:modified_time\" content=\"2022-03-03T08:52:58+00:00\" \/>\n<meta property=\"og:image\" content=\"https:\/\/rita-zia.com\/wp-content\/uploads\/2022\/01\/vignette.jpg\" \/>\n\t<meta property=\"og:image:width\" content=\"1174\" \/>\n\t<meta property=\"og:image:height\" content=\"480\" \/>\n\t<meta property=\"og:image:type\" content=\"image\/jpeg\" \/>\n<meta name=\"twitter:card\" content=\"summary_large_image\" \/>\n<meta name=\"twitter:label1\" content=\"Est. reading time\" \/>\n\t<meta name=\"twitter:data1\" content=\"2 minutes\" \/>\n<script type=\"application\/ld+json\" class=\"yoast-schema-graph\">{\"@context\":\"https:\\\/\\\/schema.org\",\"@graph\":[{\"@type\":\"WebPage\",\"@id\":\"https:\\\/\\\/rita-zia.com\\\/symboles-rita-zia\\\/\",\"url\":\"https:\\\/\\\/rita-zia.com\\\/symboles-rita-zia\\\/\",\"name\":\"Symboles Rita & Zia - Rita&amp;Zia\",\"isPartOf\":{\"@id\":\"https:\\\/\\\/rita-zia.com\\\/#website\"},\"primaryImageOfPage\":{\"@id\":\"https:\\\/\\\/rita-zia.com\\\/symboles-rita-zia\\\/#primaryimage\"},\"image\":{\"@id\":\"https:\\\/\\\/rita-zia.com\\\/symboles-rita-zia\\\/#primaryimage\"},\"thumbnailUrl\":\"https:\\\/\\\/rita-zia.com\\\/wp-content\\\/uploads\\\/2022\\\/01\\\/vignette.jpg\",\"datePublished\":\"2021-04-07T12:48:38+00:00\",\"dateModified\":\"2022-03-03T08:52:58+00:00\",\"inLanguage\":\"en-US\",\"potentialAction\":[{\"@type\":\"ReadAction\",\"target\":[\"https:\\\/\\\/rita-zia.com\\\/symboles-rita-zia\\\/\"]}]},{\"@type\":\"ImageObject\",\"inLanguage\":\"en-US\",\"@id\":\"https:\\\/\\\/rita-zia.com\\\/symboles-rita-zia\\\/#primaryimage\",\"url\":\"https:\\\/\\\/rita-zia.com\\\/wp-content\\\/uploads\\\/2022\\\/01\\\/vignette.jpg\",\"contentUrl\":\"https:\\\/\\\/rita-zia.com\\\/wp-content\\\/uploads\\\/2022\\\/01\\\/vignette.jpg\",\"width\":1174,\"height\":480},{\"@type\":\"WebSite\",\"@id\":\"https:\\\/\\\/rita-zia.com\\\/#website\",\"url\":\"https:\\\/\\\/rita-zia.com\\\/\",\"name\":\"Rita&amp;Zia\",\"description\":\"Une f\u00e9minit\u00e9 assur\u00e9e\",\"publisher\":{\"@id\":\"https:\\\/\\\/rita-zia.com\\\/#organization\"},\"potentialAction\":[{\"@type\":\"SearchAction\",\"target\":{\"@type\":\"EntryPoint\",\"urlTemplate\":\"https:\\\/\\\/rita-zia.com\\\/?s={search_term_string}\"},\"query-input\":{\"@type\":\"PropertyValueSpecification\",\"valueRequired\":true,\"valueName\":\"search_term_string\"}}],\"inLanguage\":\"en-US\"},{\"@type\":\"Organization\",\"@id\":\"https:\\\/\\\/rita-zia.com\\\/#organization\",\"name\":\"Rita & Zia\",\"url\":\"https:\\\/\\\/rita-zia.com\\\/\",\"logo\":{\"@type\":\"ImageObject\",\"inLanguage\":\"en-US\",\"@id\":\"https:\\\/\\\/rita-zia.com\\\/#\\\/schema\\\/logo\\\/image\\\/\",\"url\":\"https:\\\/\\\/rita-zia.com\\\/wp-content\\\/uploads\\\/2022\\\/02\\\/Logo-Rita-Zia_vertical-scaled.jpg\",\"contentUrl\":\"https:\\\/\\\/rita-zia.com\\\/wp-content\\\/uploads\\\/2022\\\/02\\\/Logo-Rita-Zia_vertical-scaled.jpg\",\"width\":2560,\"height\":2560,\"caption\":\"Rita & Zia\"},\"image\":{\"@id\":\"https:\\\/\\\/rita-zia.com\\\/#\\\/schema\\\/logo\\\/image\\\/\"},\"sameAs\":[\"https:\\\/\\\/www.instagram.com\\\/ritazia\\\/\"]}]}<\/script>\n<!-- \/ Yoast SEO plugin. -->","yoast_head_json":{"title":"Symboles Rita & Zia - Rita&amp;Zia","robots":{"index":"index","follow":"follow","max-snippet":"max-snippet:-1","max-image-preview":"max-image-preview:large","max-video-preview":"max-video-preview:-1"},"canonical":"https:\/\/rita-zia.com\/en\/symboles-rita-zia\/","og_locale":"en_US","og_type":"article","og_title":"Symboles Rita & Zia - Rita&amp;Zia","og_description":"SYMBOLES RITA &amp; ZIA LES PIERRES I \u25baLES SYMBOLES&#x25c0;\ufe0e Scarab\u00e9e D\u00e9licatement stylis\u00e9, le Scarab\u00e9e de Rita &#038; Zia ennoblit la nature sans rien celer de sa v\u00e9rit\u00e9 concr\u00e8te. Laissez-vous s\u00e9duire par les versions en or jaune, rose ou blanc, serties de pierres pr\u00e9cieuses, ou les interpr\u00e9tations plus pop en argent plaqu\u00e9 or jaune, or rose [&hellip;]","og_url":"https:\/\/rita-zia.com\/en\/symboles-rita-zia\/","og_site_name":"Rita&amp;Zia","article_modified_time":"2022-03-03T08:52:58+00:00","og_image":[{"width":1174,"height":480,"url":"https:\/\/rita-zia.com\/wp-content\/uploads\/2022\/01\/vignette.jpg","type":"image\/jpeg"}],"twitter_card":"summary_large_image","twitter_misc":{"Est. reading time":"2 minutes"},"schema":{"@context":"https:\/\/schema.org","@graph":[{"@type":"WebPage","@id":"https:\/\/rita-zia.com\/symboles-rita-zia\/","url":"https:\/\/rita-zia.com\/symboles-rita-zia\/","name":"Symboles Rita & Zia - Rita&amp;Zia","isPartOf":{"@id":"https:\/\/rita-zia.com\/#website"},"primaryImageOfPage":{"@id":"https:\/\/rita-zia.com\/symboles-rita-zia\/#primaryimage"},"image":{"@id":"https:\/\/rita-zia.com\/symboles-rita-zia\/#primaryimage"},"thumbnailUrl":"https:\/\/rita-zia.com\/wp-content\/uploads\/2022\/01\/vignette.jpg","datePublished":"2021-04-07T12:48:38+00:00","dateModified":"2022-03-03T08:52:58+00:00","inLanguage":"en-US","potentialAction":[{"@type":"ReadAction","target":["https:\/\/rita-zia.com\/symboles-rita-zia\/"]}]},{"@type":"ImageObject","inLanguage":"en-US","@id":"https:\/\/rita-zia.com\/symboles-rita-zia\/#primaryimage","url":"https:\/\/rita-zia.com\/wp-content\/uploads\/2022\/01\/vignette.jpg","contentUrl":"https:\/\/rita-zia.com\/wp-content\/uploads\/2022\/01\/vignette.jpg","width":1174,"height":480},{"@type":"WebSite","@id":"https:\/\/rita-zia.com\/#website","url":"https:\/\/rita-zia.com\/","name":"Rita&amp;Zia","description":"Une f\u00e9minit\u00e9 assur\u00e9e","publisher":{"@id":"https:\/\/rita-zia.com\/#organization"},"potentialAction":[{"@type":"SearchAction","target":{"@type":"EntryPoint","urlTemplate":"https:\/\/rita-zia.com\/?s={search_term_string}"},"query-input":{"@type":"PropertyValueSpecification","valueRequired":true,"valueName":"search_term_string"}}],"inLanguage":"en-US"},{"@type":"Organization","@id":"https:\/\/rita-zia.com\/#organization","name":"Rita & Zia","url":"https:\/\/rita-zia.com\/","logo":{"@type":"ImageObject","inLanguage":"en-US","@id":"https:\/\/rita-zia.com\/#\/schema\/logo\/image\/","url":"https:\/\/rita-zia.com\/wp-content\/uploads\/2022\/02\/Logo-Rita-Zia_vertical-scaled.jpg","contentUrl":"https:\/\/rita-zia.com\/wp-content\/uploads\/2022\/02\/Logo-Rita-Zia_vertical-scaled.jpg","width":2560,"height":2560,"caption":"Rita & Zia"},"image":{"@id":"https:\/\/rita-zia.com\/#\/schema\/logo\/image\/"},"sameAs":["https:\/\/www.instagram.com\/ritazia\/"]}]}},"_links":{"self":[{"href":"https:\/\/rita-zia.com\/en\/wp-json\/wp\/v2\/pages\/6015","targetHints":{"allow":["GET"]}}],"collection":[{"href":"https:\/\/rita-zia.com\/en\/wp-json\/wp\/v2\/pages"}],"about":[{"href":"https:\/\/rita-zia.com\/en\/wp-json\/wp\/v2\/types\/page"}],"author":[{"embeddable":true,"href":"https:\/\/rita-zia.com\/en\/wp-json\/wp\/v2\/users\/2"}],"replies":[{"embeddable":true,"href":"https:\/\/rita-zia.com\/en\/wp-json\/wp\/v2\/comments?post=6015"}],"version-history":[{"count":137,"href":"https:\/\/rita-zia.com\/en\/wp-json\/wp\/v2\/pages\/6015\/revisions"}],"predecessor-version":[{"id":11385,"href":"https:\/\/rita-zia.com\/en\/wp-json\/wp\/v2\/pages\/6015\/revisions\/11385"}],"wp:featuredmedia":[{"embeddable":true,"href":"https:\/\/rita-zia.com\/en\/wp-json\/wp\/v2\/media\/9734"}],"wp:attachment":[{"href":"https:\/\/rita-zia.com\/en\/wp-json\/wp\/v2\/media?parent=6015"}],"curies":[{"name":"wp","href":"https:\/\/api.w.org\/{rel}","templated":true}]}}