{"id":5,"date":"2016-04-15T16:09:10","date_gmt":"2016-04-15T16:09:10","guid":{"rendered":"https:\/\/rita-zia.com\/?page_id=5"},"modified":"2021-07-02T09:31:29","modified_gmt":"2021-07-02T09:31:29","slug":"wishlist","status":"publish","type":"page","link":"https:\/\/rita-zia.com\/en\/wishlist\/","title":{"rendered":"Wishlist"},"content":{"rendered":"<form\n\tid=\"yith-wcwl-form\"\n\taction=\"https:\/\/rita-zia.com\/en\/wishlist\/\"\n\tmethod=\"post\"\n\tclass=\"woocommerce yith-wcwl-form wishlist-fragment\"\n\tdata-fragment-options=\"{&quot;per_page&quot;:5,&quot;current_page&quot;:1,&quot;pagination&quot;:&quot;no&quot;,&quot;wishlist_id&quot;:false,&quot;action_params&quot;:false,&quot;no_interactions&quot;:false,&quot;layout&quot;:&quot;&quot;,&quot;wishlist&quot;:false,&quot;is_default&quot;:true,&quot;is_custom_list&quot;:false,&quot;wishlist_token&quot;:&quot;&quot;,&quot;is_private&quot;:false,&quot;count&quot;:0,&quot;page_title&quot;:&quot;My wishlist on My Great Blog&quot;,&quot;default_wishlsit_title&quot;:&quot;My wishlist on My Great Blog&quot;,&quot;page_links&quot;:false,&quot;is_user_logged_in&quot;:false,&quot;is_user_owner&quot;:true,&quot;can_user_edit_title&quot;:false,&quot;show_price&quot;:true,&quot;show_dateadded&quot;:false,&quot;show_stock_status&quot;:true,&quot;show_add_to_cart&quot;:true,&quot;show_remove_product&quot;:true,&quot;add_to_cart_text&quot;:&quot;Add to Cart&quot;,&quot;show_ask_estimate_button&quot;:false,&quot;ask_estimate_url&quot;:&quot;&quot;,&quot;price_excl_tax&quot;:false,&quot;show_cb&quot;:false,&quot;show_quantity&quot;:false,&quot;show_variation&quot;:false,&quot;show_price_variations&quot;:false,&quot;show_update&quot;:false,&quot;enable_drag_n_drop&quot;:false,&quot;enable_add_all_to_cart&quot;:false,&quot;move_to_another_wishlist&quot;:false,&quot;repeat_remove_button&quot;:false,&quot;show_last_column&quot;:true,&quot;heading_icon&quot;:&quot;&quot;,&quot;share_enabled&quot;:false,&quot;template_part&quot;:&quot;view&quot;,&quot;additional_info&quot;:false,&quot;available_multi_wishlist&quot;:false,&quot;form_action&quot;:&quot;https:\\\/\\\/rita-zia.com\\\/en\\\/wishlist\\\/&quot;,&quot;item&quot;:&quot;wishlist&quot;}\" data-trp-original-action=\"https:\/\/rita-zia.com\/en\/wishlist\/\"\n>\n\n\t<!-- TITLE -->\n\t\t\t<div class=\"wishlist-title-container\">\n\t\t\t<div class=\"wishlist-title\">\n\t\t\t\t<h2>My wishlist on My Great Blog<\/h2>\t\t\t\t\t\t\t<\/div>\n\t\t\t\t\t<\/div>\n\t\n\n\n<form id=\"yith-wcwl-form\" action=\"https:\/\/rita-zia.com\/en\/wishlist\/view\/\" method=\"post\" class=\"woocommerce empty\">\n\n\t<input type=\"hidden\" id=\"yith_wcwl_form_nonce\" name=\"yith_wcwl_form_nonce\" value=\"6965c1ecce\" \/><input type=\"hidden\" name=\"_wp_http_referer\" value=\"\/en\/wp-json\/wp\/v2\/pages\/5\" \/>\n\t<!-- TITLE -->\n\t\t\t<div class=\"wishlist-title wishlist-title-with-form\">\n\t\t\t<div>\n\t\t\t\t<h2>My wishlist on My Great Blog<\/h2>\t\t\t\t\t\t\t\t\t<button class=\"button show-title-form\">\n\t\t\t\t\t\t<i class=\"fa fa-pencil\"><\/i>\t\t\t\t\t\tEdit title\t\t\t\t\t<\/button>\n\t\t\t\t\t\t\t<\/div>\n\t\t<\/div>\n\t\t\t\t\t<div class=\"hidden-title-form\">\n\t\t\t\t<input type=\"text\" value=\"My wishlist on My Great Blog\" name=\"wishlist_name\"\/>\n\t\t\t\t<button class=\"button\">\n\t\t\t\t\t<i class=\"fa fa-check\"><\/i>\t\t\t\t\tSave\t\t\t\t<\/button>\n\t\t\t\t<button class=\"hide-title-form\">\n\t\t\t\t\t<i class=\"fa fa-remove\"><\/i>\t\t\t\t<\/button>\n\t\t\t<\/div>\n\t\t\t\n\t<!-- WISHLIST TABLE -->\n\t\n\t<div class=\"form-empty hidden\">\n\t\t<p class=\"cart-empty\">\n\t\t\tNo products were added to the wishlist.\t\t<\/p>\n\n\t\t\t\t\t<p class=\"return-to-shop\">\n\t\t\t\t<a class=\"button wc-backward\" href=\"https:\/\/rita-zia.com\/en\/collection\/\">\n\t\t\t\t\tReturn To Shop\t\t\t\t<\/a>\n\t\t\t<\/p>\n\t\t\t<\/div>\n\n\t<input type=\"hidden\" id=\"yith_wcwl_edit_wishlist\" name=\"yith_wcwl_edit_wishlist\" value=\"5f0b6c7578\" \/><input type=\"hidden\" name=\"_wp_http_referer\" value=\"\/en\/wp-json\/wp\/v2\/pages\/5\" \/>\n\t\t\t<input type=\"hidden\" value=\"\" name=\"wishlist_id\" id=\"wishlist_id\">\n\t\n\t\n<\/form>\n\n\n\n<div class=\"yith_wcwl_wishlist_footer\">\n\t\n\n\t\n\n\t\n\t<\/div>\n\n<input type=\"hidden\" id=\"yith_wcwl_edit_wishlist\" name=\"yith_wcwl_edit_wishlist\" value=\"5f0b6c7578\" \/><input type=\"hidden\" name=\"_wp_http_referer\" value=\"\/en\/wp-json\/wp\/v2\/pages\/5\" \/><input type=\"hidden\" value=\"\" name=\"wishlist_id\" id=\"wishlist_id\">\n\n\n<input type=\"hidden\" name=\"trp-form-language\" value=\"en\"\/><\/form>","protected":false},"excerpt":{"rendered":"My wishlist on My Great Blog My wishlist on My Great Blog Edit title Save No products were added to the wishlist. Return To Shop","protected":false},"author":2,"featured_media":0,"parent":0,"menu_order":0,"comment_status":"closed","ping_status":"open","template":"","meta":{"om_disable_all_campaigns":false,"_monsterinsights_skip_tracking":false,"_monsterinsights_sitenote_active":false,"_monsterinsights_sitenote_note":"","_monsterinsights_sitenote_category":0,"footnotes":""},"class_list":["post-5","page","type-page","status-publish","hentry"],"aioseo_notices":[],"yoast_head":"<!-- This site is optimized with the Yoast SEO plugin v27.3 - https:\/\/yoast.com\/product\/yoast-seo-wordpress\/ -->\n<title>Wishlist RITA&amp;ZIA - Rita&amp;Zia<\/title>\n<meta name=\"robots\" content=\"index, follow, max-snippet:-1, max-image-preview:large, max-video-preview:-1\" \/>\n<link rel=\"canonical\" href=\"https:\/\/rita-zia.com\/en\/wishlist\/\" \/>\n<meta property=\"og:locale\" content=\"en_US\" \/>\n<meta property=\"og:type\" content=\"article\" \/>\n<meta property=\"og:title\" content=\"Wishlist RITA&amp;ZIA - Rita&amp;Zia\" \/>\n<meta property=\"og:url\" content=\"https:\/\/rita-zia.com\/en\/wishlist\/\" \/>\n<meta property=\"og:site_name\" content=\"Rita&amp;Zia\" \/>\n<meta property=\"article:modified_time\" content=\"2021-07-02T09:31:29+00:00\" \/>\n<meta name=\"twitter:card\" content=\"summary_large_image\" \/>\n<meta name=\"twitter:label1\" content=\"Est. reading time\" \/>\n\t<meta name=\"twitter:data1\" content=\"1 minute\" \/>\n<script type=\"application\/ld+json\" class=\"yoast-schema-graph\">{\"@context\":\"https:\\\/\\\/schema.org\",\"@graph\":[{\"@type\":\"WebPage\",\"@id\":\"https:\\\/\\\/rita-zia.com\\\/wishlist\\\/\",\"url\":\"https:\\\/\\\/rita-zia.com\\\/wishlist\\\/\",\"name\":\"Wishlist RITA&ZIA - Rita&amp;Zia\",\"isPartOf\":{\"@id\":\"https:\\\/\\\/rita-zia.com\\\/#website\"},\"datePublished\":\"2016-04-15T16:09:10+00:00\",\"dateModified\":\"2021-07-02T09:31:29+00:00\",\"inLanguage\":\"en-US\",\"potentialAction\":[{\"@type\":\"ReadAction\",\"target\":[\"https:\\\/\\\/rita-zia.com\\\/wishlist\\\/\"]}]},{\"@type\":\"WebSite\",\"@id\":\"https:\\\/\\\/rita-zia.com\\\/#website\",\"url\":\"https:\\\/\\\/rita-zia.com\\\/\",\"name\":\"Rita&amp;Zia\",\"description\":\"Une f\u00e9minit\u00e9 assur\u00e9e\",\"publisher\":{\"@id\":\"https:\\\/\\\/rita-zia.com\\\/#organization\"},\"potentialAction\":[{\"@type\":\"SearchAction\",\"target\":{\"@type\":\"EntryPoint\",\"urlTemplate\":\"https:\\\/\\\/rita-zia.com\\\/?s={search_term_string}\"},\"query-input\":{\"@type\":\"PropertyValueSpecification\",\"valueRequired\":true,\"valueName\":\"search_term_string\"}}],\"inLanguage\":\"en-US\"},{\"@type\":\"Organization\",\"@id\":\"https:\\\/\\\/rita-zia.com\\\/#organization\",\"name\":\"Rita & Zia\",\"url\":\"https:\\\/\\\/rita-zia.com\\\/\",\"logo\":{\"@type\":\"ImageObject\",\"inLanguage\":\"en-US\",\"@id\":\"https:\\\/\\\/rita-zia.com\\\/#\\\/schema\\\/logo\\\/image\\\/\",\"url\":\"https:\\\/\\\/rita-zia.com\\\/wp-content\\\/uploads\\\/2022\\\/02\\\/Logo-Rita-Zia_vertical-scaled.jpg\",\"contentUrl\":\"https:\\\/\\\/rita-zia.com\\\/wp-content\\\/uploads\\\/2022\\\/02\\\/Logo-Rita-Zia_vertical-scaled.jpg\",\"width\":2560,\"height\":2560,\"caption\":\"Rita & Zia\"},\"image\":{\"@id\":\"https:\\\/\\\/rita-zia.com\\\/#\\\/schema\\\/logo\\\/image\\\/\"},\"sameAs\":[\"https:\\\/\\\/www.instagram.com\\\/ritazia\\\/\"]}]}<\/script>\n<!-- \/ Yoast SEO plugin. -->","yoast_head_json":{"title":"Wishlist RITA&ZIA - Rita&amp;Zia","robots":{"index":"index","follow":"follow","max-snippet":"max-snippet:-1","max-image-preview":"max-image-preview:large","max-video-preview":"max-video-preview:-1"},"canonical":"https:\/\/rita-zia.com\/en\/wishlist\/","og_locale":"en_US","og_type":"article","og_title":"Wishlist RITA&ZIA - Rita&amp;Zia","og_url":"https:\/\/rita-zia.com\/en\/wishlist\/","og_site_name":"Rita&amp;Zia","article_modified_time":"2021-07-02T09:31:29+00:00","twitter_card":"summary_large_image","twitter_misc":{"Est. reading time":"1 minute"},"schema":{"@context":"https:\/\/schema.org","@graph":[{"@type":"WebPage","@id":"https:\/\/rita-zia.com\/wishlist\/","url":"https:\/\/rita-zia.com\/wishlist\/","name":"Wishlist RITA&ZIA - Rita&amp;Zia","isPartOf":{"@id":"https:\/\/rita-zia.com\/#website"},"datePublished":"2016-04-15T16:09:10+00:00","dateModified":"2021-07-02T09:31:29+00:00","inLanguage":"en-US","potentialAction":[{"@type":"ReadAction","target":["https:\/\/rita-zia.com\/wishlist\/"]}]},{"@type":"WebSite","@id":"https:\/\/rita-zia.com\/#website","url":"https:\/\/rita-zia.com\/","name":"Rita&amp;Zia","description":"Une f\u00e9minit\u00e9 assur\u00e9e","publisher":{"@id":"https:\/\/rita-zia.com\/#organization"},"potentialAction":[{"@type":"SearchAction","target":{"@type":"EntryPoint","urlTemplate":"https:\/\/rita-zia.com\/?s={search_term_string}"},"query-input":{"@type":"PropertyValueSpecification","valueRequired":true,"valueName":"search_term_string"}}],"inLanguage":"en-US"},{"@type":"Organization","@id":"https:\/\/rita-zia.com\/#organization","name":"Rita & Zia","url":"https:\/\/rita-zia.com\/","logo":{"@type":"ImageObject","inLanguage":"en-US","@id":"https:\/\/rita-zia.com\/#\/schema\/logo\/image\/","url":"https:\/\/rita-zia.com\/wp-content\/uploads\/2022\/02\/Logo-Rita-Zia_vertical-scaled.jpg","contentUrl":"https:\/\/rita-zia.com\/wp-content\/uploads\/2022\/02\/Logo-Rita-Zia_vertical-scaled.jpg","width":2560,"height":2560,"caption":"Rita & Zia"},"image":{"@id":"https:\/\/rita-zia.com\/#\/schema\/logo\/image\/"},"sameAs":["https:\/\/www.instagram.com\/ritazia\/"]}]}},"_links":{"self":[{"href":"https:\/\/rita-zia.com\/en\/wp-json\/wp\/v2\/pages\/5","targetHints":{"allow":["GET"]}}],"collection":[{"href":"https:\/\/rita-zia.com\/en\/wp-json\/wp\/v2\/pages"}],"about":[{"href":"https:\/\/rita-zia.com\/en\/wp-json\/wp\/v2\/types\/page"}],"author":[{"embeddable":true,"href":"https:\/\/rita-zia.com\/en\/wp-json\/wp\/v2\/users\/2"}],"replies":[{"embeddable":true,"href":"https:\/\/rita-zia.com\/en\/wp-json\/wp\/v2\/comments?post=5"}],"version-history":[{"count":1,"href":"https:\/\/rita-zia.com\/en\/wp-json\/wp\/v2\/pages\/5\/revisions"}],"predecessor-version":[{"id":7361,"href":"https:\/\/rita-zia.com\/en\/wp-json\/wp\/v2\/pages\/5\/revisions\/7361"}],"wp:attachment":[{"href":"https:\/\/rita-zia.com\/en\/wp-json\/wp\/v2\/media?parent=5"}],"curies":[{"name":"wp","href":"https:\/\/api.w.org\/{rel}","templated":true}]}}