{"id":37,"date":"2016-04-16T04:37:11","date_gmt":"2016-04-16T04:37:11","guid":{"rendered":"https:\/\/rita-zia.com\/?page_id=37"},"modified":"2016-06-26T07:36:36","modified_gmt":"2016-06-26T07:36:36","slug":"testimonials","status":"publish","type":"page","link":"https:\/\/rita-zia.com\/en\/testimonials\/","title":{"rendered":"Testimonials"},"content":{"rendered":"<section class=\"wpb-content-wrapper\"><div class=\"container\"><div class=\"vc_row wpb_row vc_row-fluid vc_custom_1461557928247\"><div class=\"wpb_column vc_column_container vc_col-sm-12\"><div class=\"vc_column-inner\" ><div class=\"wpb_wrapper\"><div id=\"nitro_custom_css_284116102\" class=\"pr nitro-heading tc\"><div class=\"heading\"><h1>Testimonials<\/h1><\/div><div class=\"sep line bottom\"><\/div><\/div><\/div><\/div><\/div><\/div><\/div><div class=\"vc_row wpb_row vc_row-fluid mg0 vc_custom_1462413504234 vc_row-has-fill\"><div class=\"container\"><div class=\"wpb_column vc_column_container vc_col-sm-5\"><div class=\"vc_column-inner\" ><div class=\"wpb_wrapper\">\n\t<div class=\"wpb_single_image wpb_content_element vc_align_left  vc_custom_1462413128631\">\n\t\t\n\t\t<figure class=\"wpb_wrapper vc_figure\">\n\t\t\t<div class=\"vc_single_image-wrapper   vc_box_border_grey\"><\/div>\n\t\t<\/figure>\n\t<\/div>\n<\/div><\/div><\/div><div class=\"wpb_column vc_column_container vc_col-sm-7\"><div class=\"vc_column-inner vc_custom_1462414944890\" ><div class=\"wpb_wrapper\"><div id=\"nitro_custom_css_645622434\" class=\"nitro-quote quote-icon\"><blockquote class=\"pr\"><div class=\"quote-content pr\"><svg class=\"bts-40\"><g><text y=\"82\" x=\"-2\" fill=\"#22211f\">\u201c<\/text><\/g><\/svg><span>Lorem ipsum dolor sit amet, consectetur adipisicing elit, sed do eiusmod tempor incididunt ut labore et dolore magna aliqua. Ut enim ad minim veniam, quis nostrud exercitation. Aliquip ex ea commodo consequat. Duis aute irure dolor in reprehenderit.<\/span><\/div><\/blockquote><\/div><div id=\"nitro_custom_css_141874648\" class=\"pr nitro-heading mgl30 tl\"><div class=\"heading\"><h3>Beth Hallent<\/h3><\/div><div class=\"desc\"><span>Professional Model for MakeupDaily<\/span><\/div><\/div><\/div><\/div><\/div><\/div><\/div><div class=\"container\"><div class=\"vc_row wpb_row vc_row-fluid vc_custom_1461571810261\"><div class=\"wpb_column vc_column_container vc_col-sm-12\"><div class=\"vc_column-inner\" ><div class=\"wpb_wrapper\"><div class=\"sc-testimonials oh top style-1 tc columns-3\"><div class=\"testimonial-item cs-12 cxs-12 cm-4\"><div class=\"avatar mgb30 dib\"><img decoding=\"async\" src=\"\" alt=\"Susan Mendall\" class=\"br-50\" width=\"70\" height=\"70\" \/><\/div><div class=\"content\"><p>Duis aute irure dolor in reprehenderit in voluptate velit esse cillum dolore eu fugiat nulla pariatur. Excepteur sint occaecat cupidatat non proident, sunt in culpa qui<\/p><\/div><div class=\"author mgt20\"><h5 class=\"name dib\">Susan Mendall<\/h5><p class=\"job meta-color\">Customer<\/p><\/div><\/div><div class=\"testimonial-item cs-12 cxs-12 cm-4\"><div class=\"avatar mgb30 dib\"><img decoding=\"async\" src=\"\" alt=\"Fiona Thousound\" class=\"br-50\" width=\"70\" height=\"70\" \/><\/div><div class=\"content\"><p>Excepteur sint occaecat cupidatat non proident, sunt in culpa qui officia deserunt mollit anim id est laborum perspiciatis unde omnis iste natus error sit voluptatem<\/p><\/div><div class=\"author mgt20\"><h5 class=\"name dib\">Fiona Thousound<\/h5><p class=\"job meta-color\">Customer<\/p><\/div><\/div><div class=\"testimonial-item cs-12 cxs-12 cm-4\"><div class=\"avatar mgb30 dib\"><img decoding=\"async\" src=\"\" alt=\"Linda Tenmion\" class=\"br-50\" width=\"70\" height=\"70\" \/><\/div><div class=\"content\"><p> Ut enim ad minim veniam, quis nostrud exercitation. Duis aute irure dolor in reprehenderit in voluptate velit esse cillum dolore eu fugiat.<\/p><\/div><div class=\"author mgt20\"><h5 class=\"name dib\">Linda Tenmion<\/h5><p class=\"job meta-color\">Customer<\/p><\/div><\/div><\/div><\/div><\/div><\/div><\/div><\/div><div class=\"container\"><div class=\"vc_row wpb_row vc_row-fluid vc_custom_1461558089375\"><div class=\"wpb_column vc_column_container vc_col-sm-12\"><div class=\"vc_column-inner\" ><div class=\"wpb_wrapper\"><div class=\"sc-testimonials oh top style-1 tc columns-3\"><div class=\"testimonial-item cs-12 cxs-12 cm-4\"><div class=\"avatar mgb30 dib\"><img loading=\"lazy\" decoding=\"async\" src=\"\" alt=\"Christina Bortswild\" class=\"br-50\" width=\"70\" height=\"70\" \/><\/div><div class=\"content\"><p>Sed ut perspiciatis unde omnis iste natus error sit voluptatem accusantium dooremque laudantium, totam rem aperiam quasi architecto <\/p><\/div><div class=\"author mgt20\"><h5 class=\"name dib\">Christina Bortswild<\/h5><p class=\"job meta-color\">Customer<\/p><\/div><\/div><div class=\"testimonial-item cs-12 cxs-12 cm-4\"><div class=\"avatar mgb30 dib\"><img loading=\"lazy\" decoding=\"async\" src=\"\" alt=\"Helen Vein\" class=\"br-50\" width=\"70\" height=\"70\" \/><\/div><div class=\"content\"><p>Lorem ipsum dolor sit amet, consectetur adipisicing elit, sed do eiusmod tempor incididunt ut labore et dolore magna aliqua. Ut enim ad minim veniam, quis nostrud<\/p><\/div><div class=\"author mgt20\"><h5 class=\"name dib\">Helen Vein<\/h5><p class=\"job meta-color\">Customer<\/p><\/div><\/div><div class=\"testimonial-item cs-12 cxs-12 cm-4\"><div class=\"avatar mgb30 dib\"><img decoding=\"async\" src=\"\" alt=\"Linda Tenmion\" class=\"br-50\" width=\"70\" height=\"70\" \/><\/div><div class=\"content\"><p>Ut enim ad minim veniam, quis nostrud exercitation. Duis aute irure dolor in reprehenderit in voluptate velit esse cillum dolore eu fugiat.<\/p><\/div><div class=\"author mgt20\"><h5 class=\"name dib\">Linda Tenmion<\/h5><p class=\"job meta-color\">Customer<\/p><\/div><\/div><\/div><\/div><\/div><\/div><\/div><\/div>\n<\/section>","protected":false},"excerpt":{"rendered":"Testimonials \u201cLorem ipsum dolor sit amet, consectetur adipisicing elit, sed do eiusmod tempor incididunt ut labore et dolore magna aliqua. Ut enim ad minim veniam, quis nostrud exercitation. Aliquip ex ea commodo consequat. Duis aute irure dolor in reprehenderit.Beth HallentProfessional Model for MakeupDailyDuis aute irure dolor in reprehenderit in voluptate velit esse cillum dolore eu [...]","protected":false},"author":2,"featured_media":0,"parent":0,"menu_order":0,"comment_status":"closed","ping_status":"closed","template":"","meta":{"om_disable_all_campaigns":false,"_monsterinsights_skip_tracking":false,"_monsterinsights_sitenote_active":false,"_monsterinsights_sitenote_note":"","_monsterinsights_sitenote_category":0,"footnotes":""},"class_list":["post-37","page","type-page","status-publish","hentry"],"aioseo_notices":[],"yoast_head":"<!-- This site is optimized with the Yoast SEO plugin v27.4 - https:\/\/yoast.com\/product\/yoast-seo-wordpress\/ -->\n<title>Testimonials - Rita&amp;Zia<\/title>\n<meta name=\"robots\" content=\"index, follow, max-snippet:-1, max-image-preview:large, max-video-preview:-1\" \/>\n<link rel=\"canonical\" href=\"https:\/\/rita-zia.com\/en\/testimonials\/\" \/>\n<meta property=\"og:locale\" content=\"en_US\" \/>\n<meta property=\"og:type\" content=\"article\" \/>\n<meta property=\"og:title\" content=\"Testimonials - Rita&amp;Zia\" \/>\n<meta property=\"og:url\" content=\"https:\/\/rita-zia.com\/en\/testimonials\/\" \/>\n<meta property=\"og:site_name\" content=\"Rita&amp;Zia\" \/>\n<meta property=\"article:modified_time\" content=\"2016-06-26T07:36:36+00:00\" \/>\n<meta name=\"twitter:card\" content=\"summary_large_image\" \/>\n<meta name=\"twitter:label1\" content=\"Est. reading time\" \/>\n\t<meta name=\"twitter:data1\" content=\"1 minute\" \/>\n<script type=\"application\/ld+json\" class=\"yoast-schema-graph\">{\"@context\":\"https:\\\/\\\/schema.org\",\"@graph\":[{\"@type\":\"WebPage\",\"@id\":\"https:\\\/\\\/rita-zia.com\\\/testimonials\\\/\",\"url\":\"https:\\\/\\\/rita-zia.com\\\/testimonials\\\/\",\"name\":\"Testimonials - Rita&amp;Zia\",\"isPartOf\":{\"@id\":\"https:\\\/\\\/rita-zia.com\\\/#website\"},\"datePublished\":\"2016-04-16T04:37:11+00:00\",\"dateModified\":\"2016-06-26T07:36:36+00:00\",\"inLanguage\":\"en-US\",\"potentialAction\":[{\"@type\":\"ReadAction\",\"target\":[\"https:\\\/\\\/rita-zia.com\\\/testimonials\\\/\"]}]},{\"@type\":\"WebSite\",\"@id\":\"https:\\\/\\\/rita-zia.com\\\/#website\",\"url\":\"https:\\\/\\\/rita-zia.com\\\/\",\"name\":\"Rita&amp;Zia\",\"description\":\"Une f\u00e9minit\u00e9 assur\u00e9e\",\"publisher\":{\"@id\":\"https:\\\/\\\/rita-zia.com\\\/#organization\"},\"potentialAction\":[{\"@type\":\"SearchAction\",\"target\":{\"@type\":\"EntryPoint\",\"urlTemplate\":\"https:\\\/\\\/rita-zia.com\\\/?s={search_term_string}\"},\"query-input\":{\"@type\":\"PropertyValueSpecification\",\"valueRequired\":true,\"valueName\":\"search_term_string\"}}],\"inLanguage\":\"en-US\"},{\"@type\":\"Organization\",\"@id\":\"https:\\\/\\\/rita-zia.com\\\/#organization\",\"name\":\"Rita & Zia\",\"url\":\"https:\\\/\\\/rita-zia.com\\\/\",\"logo\":{\"@type\":\"ImageObject\",\"inLanguage\":\"en-US\",\"@id\":\"https:\\\/\\\/rita-zia.com\\\/#\\\/schema\\\/logo\\\/image\\\/\",\"url\":\"https:\\\/\\\/rita-zia.com\\\/wp-content\\\/uploads\\\/2022\\\/02\\\/Logo-Rita-Zia_vertical-scaled.jpg\",\"contentUrl\":\"https:\\\/\\\/rita-zia.com\\\/wp-content\\\/uploads\\\/2022\\\/02\\\/Logo-Rita-Zia_vertical-scaled.jpg\",\"width\":2560,\"height\":2560,\"caption\":\"Rita & Zia\"},\"image\":{\"@id\":\"https:\\\/\\\/rita-zia.com\\\/#\\\/schema\\\/logo\\\/image\\\/\"},\"sameAs\":[\"https:\\\/\\\/www.instagram.com\\\/ritazia\\\/\"]}]}<\/script>\n<!-- \/ Yoast SEO plugin. -->","yoast_head_json":{"title":"Testimonials - Rita&amp;Zia","robots":{"index":"index","follow":"follow","max-snippet":"max-snippet:-1","max-image-preview":"max-image-preview:large","max-video-preview":"max-video-preview:-1"},"canonical":"https:\/\/rita-zia.com\/en\/testimonials\/","og_locale":"en_US","og_type":"article","og_title":"Testimonials - Rita&amp;Zia","og_url":"https:\/\/rita-zia.com\/en\/testimonials\/","og_site_name":"Rita&amp;Zia","article_modified_time":"2016-06-26T07:36:36+00:00","twitter_card":"summary_large_image","twitter_misc":{"Est. reading time":"1 minute"},"schema":{"@context":"https:\/\/schema.org","@graph":[{"@type":"WebPage","@id":"https:\/\/rita-zia.com\/testimonials\/","url":"https:\/\/rita-zia.com\/testimonials\/","name":"Testimonials - Rita&amp;Zia","isPartOf":{"@id":"https:\/\/rita-zia.com\/#website"},"datePublished":"2016-04-16T04:37:11+00:00","dateModified":"2016-06-26T07:36:36+00:00","inLanguage":"en-US","potentialAction":[{"@type":"ReadAction","target":["https:\/\/rita-zia.com\/testimonials\/"]}]},{"@type":"WebSite","@id":"https:\/\/rita-zia.com\/#website","url":"https:\/\/rita-zia.com\/","name":"Rita&amp;Zia","description":"Une f\u00e9minit\u00e9 assur\u00e9e","publisher":{"@id":"https:\/\/rita-zia.com\/#organization"},"potentialAction":[{"@type":"SearchAction","target":{"@type":"EntryPoint","urlTemplate":"https:\/\/rita-zia.com\/?s={search_term_string}"},"query-input":{"@type":"PropertyValueSpecification","valueRequired":true,"valueName":"search_term_string"}}],"inLanguage":"en-US"},{"@type":"Organization","@id":"https:\/\/rita-zia.com\/#organization","name":"Rita & Zia","url":"https:\/\/rita-zia.com\/","logo":{"@type":"ImageObject","inLanguage":"en-US","@id":"https:\/\/rita-zia.com\/#\/schema\/logo\/image\/","url":"https:\/\/rita-zia.com\/wp-content\/uploads\/2022\/02\/Logo-Rita-Zia_vertical-scaled.jpg","contentUrl":"https:\/\/rita-zia.com\/wp-content\/uploads\/2022\/02\/Logo-Rita-Zia_vertical-scaled.jpg","width":2560,"height":2560,"caption":"Rita & Zia"},"image":{"@id":"https:\/\/rita-zia.com\/#\/schema\/logo\/image\/"},"sameAs":["https:\/\/www.instagram.com\/ritazia\/"]}]}},"_links":{"self":[{"href":"https:\/\/rita-zia.com\/en\/wp-json\/wp\/v2\/pages\/37","targetHints":{"allow":["GET"]}}],"collection":[{"href":"https:\/\/rita-zia.com\/en\/wp-json\/wp\/v2\/pages"}],"about":[{"href":"https:\/\/rita-zia.com\/en\/wp-json\/wp\/v2\/types\/page"}],"author":[{"embeddable":true,"href":"https:\/\/rita-zia.com\/en\/wp-json\/wp\/v2\/users\/2"}],"replies":[{"embeddable":true,"href":"https:\/\/rita-zia.com\/en\/wp-json\/wp\/v2\/comments?post=37"}],"version-history":[{"count":2,"href":"https:\/\/rita-zia.com\/en\/wp-json\/wp\/v2\/pages\/37\/revisions"}],"predecessor-version":[{"id":17643,"href":"https:\/\/rita-zia.com\/en\/wp-json\/wp\/v2\/pages\/37\/revisions\/17643"}],"wp:attachment":[{"href":"https:\/\/rita-zia.com\/en\/wp-json\/wp\/v2\/media?parent=37"}],"curies":[{"name":"wp","href":"https:\/\/api.w.org\/{rel}","templated":true}]}}