{"id":23,"date":"2016-04-15T16:39:36","date_gmt":"2016-04-15T16:39:36","guid":{"rendered":"https:\/\/rita-zia.com\/?page_id=23"},"modified":"2023-03-08T10:16:58","modified_gmt":"2023-03-08T10:16:58","slug":"rita-zia","status":"publish","type":"page","link":"https:\/\/rita-zia.com\/en\/","title":{"rendered":"Home"},"content":{"rendered":"<section class=\"wpb-content-wrapper\"><div class=\"vc_row wpb_row vc_row-fluid container-ban vc_custom_1678186791906 vc_row_padding\"><div class=\"wpb_column vc_column_container vc_col-sm-12\"><div class=\"vc_column-inner vc_custom_1678186810885\" ><div class=\"wpb_wrapper\">\n\t<div class=\"wpb_raw_code wpb_content_element wpb_raw_html vc_custom_1678262437002\" >\n\t\t<div class=\"wpb_wrapper\">\n\t\t\t<!-- Collection Scarab\u00e9  -->\r\n<div id=\"trigger1\"><\/div>\r\n<div class=\"ban ban-scarabe flex align-items-center justify-center\">\r\n    <div class=\"top-content text-center\">\r\n        <h2 class=\"mb-8 white\"><span>Collection<\/span><br \/> Scarab\u00e9e<\/h2>\r\n        <a href=\"https:\/\/rita-zia.com\/en\/product-category\/collection-scarabee\/\" class=\"button-rz white\" data-no-translation=\"\" data-trp-gettext=\"\">Discover<\/a>\r\n    <\/div>\r\n    <img decoding=\"async\" class=\"absimg\" id=\"pend-blanc-1\" src=\"\/wp-content\/themes\/wr-nitro-child\/img\/scarabe\/06-scarabee.png\" alt=\"Decor Rita Zia\">\r\n    <img decoding=\"async\" class=\"absimg\" id=\"mont-bleu-1\" src=\"\/wp-content\/themes\/wr-nitro-child\/img\/scarabe\/04-scarabee.svg\" alt=\"Decor Rita Zia\">\r\n    <!-- high resolution fix -->\r\n    <img decoding=\"async\" class=\"absimg hidden-rz lg:block lowres\" id=\"collier\" src=\"\/wp-content\/themes\/wr-nitro-child\/img\/scarabe\/collier.png\" alt=\"Decor Rita Zia\">\r\n    <img decoding=\"async\" class=\"absimg hidden-rz lg:block highres\" id=\"collier\" src=\"\/wp-content\/themes\/wr-nitro-child\/img\/scarabe\/_collier.png\" alt=\"Decor Rita Zia\">\r\n    <img decoding=\"async\" class=\"absimg\" id=\"mont-verte\" src=\"\/wp-content\/themes\/wr-nitro-child\/img\/scarabe\/montagne-verte.png\" alt=\"Decor Rita Zia\">\r\n    <img decoding=\"async\" class=\"absimg hidden-rz lg:block\" id=\"mont-bague-1\" src=\"\/wp-content\/themes\/wr-nitro-child\/img\/scarabe\/montagne-bague.png\" alt=\"Decor Rita Zia\">\r\n    <img decoding=\"async\" class=\"hidden-rz lg:block\" id=\"pic-bague\" src=\"\/wp-content\/themes\/wr-nitro-child\/img\/scarabe\/02-scarabee.png\" alt=\"Decor Rita Zia\">\r\n    <img decoding=\"async\" class=\"absimg hidden-rz lg:block\" id=\"bague\" src=\"\/wp-content\/themes\/wr-nitro-child\/img\/scarabe\/bague.png\" alt=\"Decor Rita Zia\">\r\n    <img decoding=\"async\" class=\"absimg\" id=\"mont-grise\" src=\"\/wp-content\/themes\/wr-nitro-child\/img\/scarabe\/08-scarabee.svg\" alt=\"Decor Rita Zia\">\r\n    <img decoding=\"async\" class=\"absimg hidden-rz lg:block\" id=\"pic\" src=\"\/wp-content\/themes\/wr-nitro-child\/img\/scarabe\/09-scarabee.svg\" alt=\"Decor Rita Zia\">\r\n<\/div>\r\n<!-- Collection Chakra  -->\r\n<div id=\"trigger2\"><\/div>\r\n<div class=\"ban ban-chakra flex align-items-center lg:align-items-start justify-center\">\r\n    <div class=\"top-content text-center lg:mt-24\">\r\n        <h2 class=\"mb-8 white\"> <span>Collection<\/span><br \/>Chakra<\/h2>\r\n        <a href=\"https:\/\/rita-zia.com\/en\/product-category\/collection-chakra\/\" class=\"button-rz white\" data-no-translation=\"\" data-trp-gettext=\"\">Discover<\/a>\r\n    <\/div>\r\n    <img decoding=\"async\" class=\"absimg hidden-rz lg:block\" id=\"\" src=\"\/wp-content\/themes\/wr-nitro-child\/img\/chakra\/02-chakra.png\" alt=\"Decor Rita Zia\">\r\n    <img decoding=\"async\" class=\"absimg\" id=\"\" src=\"\/wp-content\/themes\/wr-nitro-child\/img\/chakra\/03-chakra.svg\" alt=\"Decor Rita Zia\">\r\n    <img decoding=\"async\" class=\"absimg\" id=\"mont-violette\" src=\"\/wp-content\/themes\/wr-nitro-child\/img\/chakra\/04-chakra.svg\" alt=\"Decor Rita Zia\">\r\n    <img decoding=\"async\" class=\"absimg hidden-rz lg:block\" id=\"bague\" src=\"\/wp-content\/themes\/wr-nitro-child\/img\/chakra\/05-chakra.png\" alt=\"Decor Rita Zia\">\r\n    <img decoding=\"async\" class=\"absimg\" id=\"pendentif\" src=\"\/wp-content\/themes\/wr-nitro-child\/img\/chakra\/06-chakra.png\" alt=\"Decor Rita Zia\">\r\n    <img decoding=\"async\" class=\"absimg hidden-rz lg:block\" id=\"\" src=\"\/wp-content\/themes\/wr-nitro-child\/img\/chakra\/07-chakra.svg\" alt=\"Decor Rita Zia\">\r\n    <img decoding=\"async\" class=\"absimg\" id=\"mont-rose\" src=\"\/wp-content\/themes\/wr-nitro-child\/img\/chakra\/08-chakra.svg\" alt=\"Decor Rita Zia\">\r\n    <img decoding=\"async\" class=\"absimg hidden-rz lg:block\" id=\"bague-pic\" src=\"\/wp-content\/themes\/wr-nitro-child\/img\/chakra\/09-chakra.png\" alt=\"Decor Rita Zia\">\r\n    <img decoding=\"async\" class=\"absimg hidden-rz lg:block\" id=\"pic-bagues\" src=\"\/wp-content\/themes\/wr-nitro-child\/img\/chakra\/10-chakra.png\" alt=\"Decor Rita Zia\">\r\n<\/div>\r\n<!-- Collection Aigle  -->\r\n<div id=\"trigger3\"><\/div>\r\n<div class=\"ban ban-aigle flex align-items-center justify-center\">\r\n    <div class=\"top-content text-center lg:mt-36\">\r\n        <h2 class=\"mb-8 white\"> <span>Collection<\/span><br \/>Aigle<\/h2>\r\n        <a href=\"https:\/\/rita-zia.com\/en\/product-category\/collection-aigle\/\" class=\"button-rz white\" data-no-translation=\"\" data-trp-gettext=\"\">Discover<\/a>\r\n    <\/div>\r\n    <img decoding=\"async\" class=\"absimg hidden-rz lg:block\" id=\"\" src=\"\/wp-content\/themes\/wr-nitro-child\/img\/aigle\/02-aigle.png\" alt=\"Decor Rita Zia\">\r\n    <img decoding=\"async\" class=\"absimg\" id=\"pic1\" src=\"\/wp-content\/themes\/wr-nitro-child\/img\/aigle\/03-aigle.svg\" alt=\"Decor Rita Zia\">\r\n    <img decoding=\"async\" class=\"absimg\" id=\"mont-rose\" src=\"\/wp-content\/themes\/wr-nitro-child\/img\/aigle\/04-aigle.svg\" alt=\"Decor Rita Zia\">\r\n    <img decoding=\"async\" class=\"absimg\" id=\"\" src=\"\/wp-content\/themes\/wr-nitro-child\/img\/aigle\/05-aigle.png\" alt=\"Decor Rita Zia\">\r\n    <img decoding=\"async\" class=\"absimg hidden-rz lg:block\" id=\"pendentif2\" src=\"\/wp-content\/themes\/wr-nitro-child\/img\/aigle\/06-aigle.png\" alt=\"Decor Rita Zia\">\r\n    <img decoding=\"async\" class=\"absimg hidden-rz lg:block\" id=\"pic3\" src=\"\/wp-content\/themes\/wr-nitro-child\/img\/aigle\/10-aigle.svg\" alt=\"Decor Rita Zia\">\r\n    <img decoding=\"async\" class=\"absimg\" id=\"mont-marron\" src=\"\/wp-content\/themes\/wr-nitro-child\/img\/aigle\/07-aigle.svg\" alt=\"Decor Rita Zia\">\r\n    <img decoding=\"async\" class=\"absimg hidden-rz lg:block\" id=\"pic2\" src=\"\/wp-content\/themes\/wr-nitro-child\/img\/aigle\/08-aigle.svg\" alt=\"Decor Rita Zia\">\r\n    <img decoding=\"async\" class=\"absimg\" id=\"pendentif\" src=\"\/wp-content\/themes\/wr-nitro-child\/img\/aigle\/09-aigle.png\" alt=\"Decor Rita Zia\">\r\n    <img decoding=\"async\" class=\"absimg hidden-rz lg:block\" id=\"bagues\" src=\"\/wp-content\/themes\/wr-nitro-child\/img\/aigle\/11-aigle.png\" alt=\"Decor Rita Zia\">\r\n    <img decoding=\"async\" class=\"absimg\" id=\"mont-verte\" src=\"\/wp-content\/themes\/wr-nitro-child\/img\/aigle\/12-aigle.svg\" alt=\"Decor Rita Zia\">\r\n    <img decoding=\"async\" class=\"absimg hidden-rz lg:block\" id=\"pic4\" src=\"\/wp-content\/themes\/wr-nitro-child\/img\/aigle\/13-aigle.svg\" alt=\"Decor Rita Zia\">\r\n<\/div>\r\n<!-- Collection Pendule  -->\r\n<div id=\"trigger4\"><\/div>\r\n<div class=\"ban ban-pendule flex align-items-center justify-center\">\r\n    <div class=\"top-content text-center\">\r\n        <h2 class=\"mb-8 white\"> <span>Collection<\/span><br \/>Pendule<\/h2>\r\n        <a href=\"https:\/\/rita-zia.com\/en\/product-category\/collection-pendule\/\" class=\"button-rz white\" data-no-translation=\"\" data-trp-gettext=\"\">Discover<\/a>\r\n    <\/div>\r\n    <img decoding=\"async\" class=\"absimg hidden-rz lg:block\" id=\"pic\" src=\"\/wp-content\/themes\/wr-nitro-child\/img\/pendule\/02-pendule.svg\" alt=\"Decor Rita Zia\">\r\n    <img decoding=\"async\" class=\"absimg\" id=\"mont-rouge\" src=\"\/wp-content\/themes\/wr-nitro-child\/img\/pendule\/03-pendule.svg\" alt=\"Decor Rita Zia\">\r\n    <img decoding=\"async\" class=\"absimg hidden-rz lg:block\" id=\"\" src=\"\/wp-content\/themes\/wr-nitro-child\/img\/pendule\/04-pendule.svg\" alt=\"Decor Rita Zia\">\r\n    <img decoding=\"async\" class=\"absimg\" id=\"mont-rose\" src=\"\/wp-content\/themes\/wr-nitro-child\/img\/pendule\/05-pendule.svg\" alt=\"Decor Rita Zia\">\r\n    <img decoding=\"async\" class=\"absimg hidden-rz lg:block\" id=\"\" src=\"\/wp-content\/themes\/wr-nitro-child\/img\/pendule\/06-pendule.svg\" alt=\"Decor Rita Zia\">\r\n    <img decoding=\"async\" class=\"absimg\" id=\"mont-orange\" src=\"\/wp-content\/themes\/wr-nitro-child\/img\/pendule\/07-pendule.svg\" alt=\"Decor Rita Zia\">\r\n    <img decoding=\"async\" class=\"absimg hidden-rz lg:block\" id=\"\" src=\"\/wp-content\/themes\/wr-nitro-child\/img\/pendule\/08-pendule.svg\" alt=\"Decor Rita Zia\">\r\n    <img decoding=\"async\" class=\"absimg hidden-rz lg:block\" id=\"\" src=\"\/wp-content\/themes\/wr-nitro-child\/img\/pendule\/09-pendule.svg\" alt=\"Decor Rita Zia\">\r\n    <img decoding=\"async\" class=\"absimg hidden-rz lg:block\" id=\"pend1\" src=\"\/wp-content\/themes\/wr-nitro-child\/img\/pendule\/10-pendule.png\" alt=\"Decor Rita Zia\">\r\n    <img decoding=\"async\" class=\"absimg\" id=\"pend2\" src=\"\/wp-content\/themes\/wr-nitro-child\/img\/pendule\/11-pendule.png\" alt=\"Decor Rita Zia\">\r\n    <img decoding=\"async\" class=\"absimg hidden-rz lg:block\" id=\"pend3\" src=\"\/wp-content\/themes\/wr-nitro-child\/img\/pendule\/12-pendule.png\" alt=\"Decor Rita Zia\">\r\n<\/div>\r\n\r\n<div class=\"ban flex align-items-center justify-center wpb_column vc_column_container vc_col-sm-12\" style=\"background: url('\/wp-content\/themes\/wr-nitro-child\/img\/bg-brand.svg'); background-size: cover; background-attachment: fixed;\">\r\n    <div class=\"vc_column-inner\">\r\n        <div class=\"wpb_wrapper\">\r\n            <div class=\"wpb_raw_code wpb_content_element wpb_raw_html\">\r\n                <div class=\"wpb_wrapper\">\r\n                    <div class=\"top-content text-center\">\r\n                        <h2 class=\"mb-8 white\"><span>The<\/span><br>Brand <\/h2>\r\n                        <a href=\"https:\/\/rita-zia.com\/en\/la-marque-rita-zia\/\" class=\"button-rz white\">Discover<\/a>\r\n                    <\/div>\r\n                <\/div>\r\n            <\/div>\r\n        <\/div>\r\n    <\/div>\r\n<\/div>\n\t\t<\/div>\n\t<\/div>\n<\/div><\/div><\/div><\/div><div data-vc-parallax=\"1.5\" data-vc-parallax-image=\"https:\/\/rita-zia.com\/wp-content\/uploads\/2023\/03\/rz-nous-trouver.jpg\" class=\"vc_row wpb_row vc_row-fluid container-ban vc_row-has-fill vc_row_padding vc_general vc_parallax vc_parallax-content-moving\"><div class=\"ban flex align-items-center justify-center wpb_column vc_column_container vc_col-sm-12\"><div class=\"vc_column-inner vc_custom_1678186902979\" ><div class=\"wpb_wrapper\">\n\t<div class=\"wpb_raw_code wpb_content_element wpb_raw_html vc_custom_1678187324283\" >\n\t\t<div class=\"wpb_wrapper\">\n\t\t\t<div class=\"top-content text-center\">\n            <h2 class=\"mb-8 white\"><span>Find<\/span><br \/>US <\/h2>\n            <a href=\"https:\/\/rita-zia.com\/en\/contact\/\" class=\"button-rz white\">Discover<\/a>\n        <\/div>\n\t\t<\/div>\n\t<\/div>\n<\/div><\/div><\/div><\/div><div style=\"background-position: center center!important\" class=\"vc_row wpb_row vc_row-fluid\"><div class=\"wpb_column vc_column_container vc_col-sm-12\"><div class=\"vc_column-inner\" style=\"background-position: center center!important\"><div class=\"wpb_wrapper\"><div  class=\"wpb_widgetised_column wpb_content_element\">\n\t\t<div class=\"wpb_wrapper\">\n\t\t\t\n\t\t\t<aside id=\"wpzoom_instagram_widget-2\" class=\"widget zoom-instagram-widget\"><\/aside>\n\t\t<\/div>\n\t<\/div>\n<\/div><\/div><\/div><\/div><div class=\"vc_row wpb_row vc_row-fluid services vc_custom_1470793067834\"><div class=\"container\"><div class=\"wpb_column vc_column_container vc_col-sm-4\"><div class=\"vc_column-inner\" ><div class=\"wpb_wrapper\"><div id=\"nitro_custom_css_1570039999\" class=\"nitro-services fc tl image ts-03 pr\"><div class=\"image-icon\"><img decoding=\"async\" src=\"https:\/\/rita-zia.com\/wp-content\/uploads\/2022\/09\/livraison-icon.png\" alt=\"Separator\" width=\"75\" height=\"83\" data-no-translation-alt=\"\" \/><\/div><div class=\"content\"><h4>DELIVERY<\/h4><p class=\"ts-03\">Worldwide delivery<\/p><\/div><\/div><\/div><\/div><\/div><div class=\"wpb_column vc_column_container vc_col-sm-4\"><div class=\"vc_column-inner\" ><div class=\"wpb_wrapper\"><div id=\"nitro_custom_css_159369567\" class=\"nitro-services fc tl image ts-03 pr\"><div class=\"image-icon\"><img decoding=\"async\" src=\"https:\/\/rita-zia.com\/wp-content\/uploads\/2022\/09\/paiement-icon.png\" alt=\"Separator\" width=\"75\" height=\"75\" data-no-translation-alt=\"\" \/><\/div><div class=\"content\"><h4>PAYMENT<\/h4><p class=\"ts-03\">Secure Payment<\/p><\/div><\/div><\/div><\/div><\/div><div class=\"wpb_column vc_column_container vc_col-sm-4\"><div class=\"vc_column-inner\" ><div class=\"wpb_wrapper\"><div id=\"nitro_custom_css_1906581582\" class=\"nitro-services fc tl image ts-03 pr\"><div class=\"image-icon\"><img decoding=\"async\" src=\"https:\/\/rita-zia.com\/wp-content\/uploads\/2022\/09\/bijoux-icon.png\" alt=\"Separator\" width=\"75\" height=\"83\" data-no-translation-alt=\"\" \/><\/div><div class=\"content\"><h4>Quality Jewellery<\/h4><p class=\"ts-03\">2 years warranty<\/p><\/div><\/div><\/div><\/div><\/div><\/div><\/div>\n<\/section>","protected":false},"excerpt":{"rendered":"NousTrouver D\u00e9couvrir LIVRAISONLivraison dans le monde entier.PAIEMENTPaiement 100% s\u00e9curis\u00e9Bijoux de caract\u00e8re2 ans de garantie","protected":false},"author":2,"featured_media":0,"parent":0,"menu_order":0,"comment_status":"closed","ping_status":"closed","template":"","meta":{"om_disable_all_campaigns":false,"_monsterinsights_skip_tracking":false,"_monsterinsights_sitenote_active":false,"_monsterinsights_sitenote_note":"","_monsterinsights_sitenote_category":0,"footnotes":""},"class_list":["post-23","page","type-page","status-publish","hentry"],"aioseo_notices":[],"yoast_head":"<!-- This site is optimized with the Yoast SEO plugin v27.4 - https:\/\/yoast.com\/product\/yoast-seo-wordpress\/ -->\n<title>Rita &amp; Zia<\/title>\n<meta name=\"description\" content=\"Ses visages sont multiples mais sa personnalit\u00e9 est unique : la femme Rita &amp; Zia. Un esprit ind\u00e9pendant, une nature spontan\u00e9e, une \u00e2me ouverte sur le monde.\" \/>\n<meta name=\"robots\" content=\"index, follow, max-snippet:-1, max-image-preview:large, max-video-preview:-1\" \/>\n<link rel=\"canonical\" href=\"https:\/\/rita-zia.com\/en\/\" \/>\n<meta property=\"og:locale\" content=\"en_US\" \/>\n<meta property=\"og:type\" content=\"article\" \/>\n<meta property=\"og:title\" content=\"Rita &amp; Zia\" \/>\n<meta property=\"og:description\" content=\"Ses visages sont multiples mais sa personnalit\u00e9 est unique : la femme Rita &amp; Zia. Un esprit ind\u00e9pendant, une nature spontan\u00e9e, une \u00e2me ouverte sur le monde.\" \/>\n<meta property=\"og:url\" content=\"https:\/\/rita-zia.com\/en\/\" \/>\n<meta property=\"og:site_name\" content=\"Rita&amp;Zia\" \/>\n<meta property=\"article:modified_time\" content=\"2023-03-08T10:16:58+00:00\" \/>\n<meta name=\"twitter:card\" content=\"summary_large_image\" \/>\n<meta name=\"twitter:label1\" content=\"Est. reading time\" \/>\n\t<meta name=\"twitter:data1\" content=\"1 minute\" \/>\n<script type=\"application\/ld+json\" class=\"yoast-schema-graph\">{\"@context\":\"https:\\\/\\\/schema.org\",\"@graph\":[{\"@type\":\"WebPage\",\"@id\":\"https:\\\/\\\/rita-zia.com\\\/\",\"url\":\"https:\\\/\\\/rita-zia.com\\\/\",\"name\":\"Rita & Zia\",\"isPartOf\":{\"@id\":\"https:\\\/\\\/rita-zia.com\\\/#website\"},\"datePublished\":\"2016-04-15T16:39:36+00:00\",\"dateModified\":\"2023-03-08T10:16:58+00:00\",\"description\":\"Ses visages sont multiples mais sa personnalit\u00e9 est unique : la femme Rita & Zia. Un esprit ind\u00e9pendant, une nature spontan\u00e9e, une \u00e2me ouverte sur le monde.\",\"inLanguage\":\"en-US\",\"potentialAction\":[{\"@type\":\"ReadAction\",\"target\":[\"https:\\\/\\\/rita-zia.com\\\/\"]}]},{\"@type\":\"WebSite\",\"@id\":\"https:\\\/\\\/rita-zia.com\\\/#website\",\"url\":\"https:\\\/\\\/rita-zia.com\\\/\",\"name\":\"Rita&amp;Zia\",\"description\":\"Une f\u00e9minit\u00e9 assur\u00e9e\",\"publisher\":{\"@id\":\"https:\\\/\\\/rita-zia.com\\\/#organization\"},\"potentialAction\":[{\"@type\":\"SearchAction\",\"target\":{\"@type\":\"EntryPoint\",\"urlTemplate\":\"https:\\\/\\\/rita-zia.com\\\/?s={search_term_string}\"},\"query-input\":{\"@type\":\"PropertyValueSpecification\",\"valueRequired\":true,\"valueName\":\"search_term_string\"}}],\"inLanguage\":\"en-US\"},{\"@type\":\"Organization\",\"@id\":\"https:\\\/\\\/rita-zia.com\\\/#organization\",\"name\":\"Rita & Zia\",\"url\":\"https:\\\/\\\/rita-zia.com\\\/\",\"logo\":{\"@type\":\"ImageObject\",\"inLanguage\":\"en-US\",\"@id\":\"https:\\\/\\\/rita-zia.com\\\/#\\\/schema\\\/logo\\\/image\\\/\",\"url\":\"https:\\\/\\\/rita-zia.com\\\/wp-content\\\/uploads\\\/2022\\\/02\\\/Logo-Rita-Zia_vertical-scaled.jpg\",\"contentUrl\":\"https:\\\/\\\/rita-zia.com\\\/wp-content\\\/uploads\\\/2022\\\/02\\\/Logo-Rita-Zia_vertical-scaled.jpg\",\"width\":2560,\"height\":2560,\"caption\":\"Rita & Zia\"},\"image\":{\"@id\":\"https:\\\/\\\/rita-zia.com\\\/#\\\/schema\\\/logo\\\/image\\\/\"},\"sameAs\":[\"https:\\\/\\\/www.instagram.com\\\/ritazia\\\/\"]}]}<\/script>\n<!-- \/ Yoast SEO plugin. -->","yoast_head_json":{"title":"Rita & Zia","description":"Ses visages sont multiples mais sa personnalit\u00e9 est unique : la femme Rita & Zia. Un esprit ind\u00e9pendant, une nature spontan\u00e9e, une \u00e2me ouverte sur le monde.","robots":{"index":"index","follow":"follow","max-snippet":"max-snippet:-1","max-image-preview":"max-image-preview:large","max-video-preview":"max-video-preview:-1"},"canonical":"https:\/\/rita-zia.com\/en\/","og_locale":"en_US","og_type":"article","og_title":"Rita & Zia","og_description":"Ses visages sont multiples mais sa personnalit\u00e9 est unique : la femme Rita & Zia. Un esprit ind\u00e9pendant, une nature spontan\u00e9e, une \u00e2me ouverte sur le monde.","og_url":"https:\/\/rita-zia.com\/en\/","og_site_name":"Rita&amp;Zia","article_modified_time":"2023-03-08T10:16:58+00:00","twitter_card":"summary_large_image","twitter_misc":{"Est. reading time":"1 minute"},"schema":{"@context":"https:\/\/schema.org","@graph":[{"@type":"WebPage","@id":"https:\/\/rita-zia.com\/","url":"https:\/\/rita-zia.com\/","name":"Rita & Zia","isPartOf":{"@id":"https:\/\/rita-zia.com\/#website"},"datePublished":"2016-04-15T16:39:36+00:00","dateModified":"2023-03-08T10:16:58+00:00","description":"Ses visages sont multiples mais sa personnalit\u00e9 est unique : la femme Rita & Zia. Un esprit ind\u00e9pendant, une nature spontan\u00e9e, une \u00e2me ouverte sur le monde.","inLanguage":"en-US","potentialAction":[{"@type":"ReadAction","target":["https:\/\/rita-zia.com\/"]}]},{"@type":"WebSite","@id":"https:\/\/rita-zia.com\/#website","url":"https:\/\/rita-zia.com\/","name":"Rita&amp;Zia","description":"Une f\u00e9minit\u00e9 assur\u00e9e","publisher":{"@id":"https:\/\/rita-zia.com\/#organization"},"potentialAction":[{"@type":"SearchAction","target":{"@type":"EntryPoint","urlTemplate":"https:\/\/rita-zia.com\/?s={search_term_string}"},"query-input":{"@type":"PropertyValueSpecification","valueRequired":true,"valueName":"search_term_string"}}],"inLanguage":"en-US"},{"@type":"Organization","@id":"https:\/\/rita-zia.com\/#organization","name":"Rita & Zia","url":"https:\/\/rita-zia.com\/","logo":{"@type":"ImageObject","inLanguage":"en-US","@id":"https:\/\/rita-zia.com\/#\/schema\/logo\/image\/","url":"https:\/\/rita-zia.com\/wp-content\/uploads\/2022\/02\/Logo-Rita-Zia_vertical-scaled.jpg","contentUrl":"https:\/\/rita-zia.com\/wp-content\/uploads\/2022\/02\/Logo-Rita-Zia_vertical-scaled.jpg","width":2560,"height":2560,"caption":"Rita & Zia"},"image":{"@id":"https:\/\/rita-zia.com\/#\/schema\/logo\/image\/"},"sameAs":["https:\/\/www.instagram.com\/ritazia\/"]}]}},"_links":{"self":[{"href":"https:\/\/rita-zia.com\/en\/wp-json\/wp\/v2\/pages\/23","targetHints":{"allow":["GET"]}}],"collection":[{"href":"https:\/\/rita-zia.com\/en\/wp-json\/wp\/v2\/pages"}],"about":[{"href":"https:\/\/rita-zia.com\/en\/wp-json\/wp\/v2\/types\/page"}],"author":[{"embeddable":true,"href":"https:\/\/rita-zia.com\/en\/wp-json\/wp\/v2\/users\/2"}],"replies":[{"embeddable":true,"href":"https:\/\/rita-zia.com\/en\/wp-json\/wp\/v2\/comments?post=23"}],"version-history":[{"count":237,"href":"https:\/\/rita-zia.com\/en\/wp-json\/wp\/v2\/pages\/23\/revisions"}],"predecessor-version":[{"id":18388,"href":"https:\/\/rita-zia.com\/en\/wp-json\/wp\/v2\/pages\/23\/revisions\/18388"}],"wp:attachment":[{"href":"https:\/\/rita-zia.com\/en\/wp-json\/wp\/v2\/media?parent=23"}],"curies":[{"name":"wp","href":"https:\/\/api.w.org\/{rel}","templated":true}]}}