{"id":17108,"date":"2016-04-15T16:15:37","date_gmt":"2016-04-15T16:15:37","guid":{"rendered":"https:\/\/preprod.rita-zia.com\/?page_id=12"},"modified":"2025-05-08T10:18:42","modified_gmt":"2025-05-08T10:18:42","slug":"contact","status":"publish","type":"page","link":"https:\/\/rita-zia.com\/en\/contact\/","title":{"rendered":"Contact"},"content":{"rendered":"<section class=\"wpb-content-wrapper\"><div data-vc-parallax=\"1.5\" data-vc-parallax-image=\"https:\/\/rita-zia.com\/wp-content\/uploads\/2022\/03\/display-rita-zia.jpg\" style=\"background-position: center center!important\" class=\"vc_row wpb_row vc_row-fluid vc_custom_1646753183947 vc_row-has-fill vc_general vc_parallax vc_parallax-content-moving\"><div class=\"container\"><div class=\"wpb_column vc_column_container vc_col-sm-6\"><div class=\"vc_column-inner\" ><div class=\"wpb_wrapper\"><\/div><\/div><\/div><div class=\"mg0 wpb_column vc_column_container vc_col-sm-6\"><div class=\"vc_column-inner\" ><div class=\"wpb_wrapper\"><div class=\"vc_row wpb_row vc_inner vc_row-fluid\"><div class=\"wpb_column vc_column_container vc_col-sm-12\"><div class=\"vc_column-inner vc_custom_1462782440804\" ><div class=\"wpb_wrapper\"><div id=\"nitro_custom_css_1512570679\" class=\"pr nitro-heading tc\"><div class=\"heading\"><h2>Our points of sales<\/h2><\/div><\/div><\/div><\/div><\/div><\/div>\n\t<div class=\"wpb_text_column wpb_content_element\" >\n\t\t<div class=\"wpb_wrapper\">\n\t\t\t\n\t\t<\/div>\n\t<\/div>\n<div class=\"vc_row wpb_row vc_inner vc_row-fluid\" style=\"background-position: center center!important\"><div class=\"wpb_column vc_column_container vc_col-sm-6\"><div class=\"vc_column-inner\" ><div class=\"wpb_wrapper\"><div id=\"nitro_custom_css_1465476398\" class=\"pr nitro-heading tr\"><div class=\"heading\"><h1>HELVETICA HORLOGERIE<br \/>\nLE SENTIER<\/h1><\/div><\/div><div id=\"nitro_custom_css_1638500088\" class=\"nitro-list none\"><ul class=\"db\"><li class=\"pr\">Grand-Rue 38, 1347 Le Sentier<\/li><li class=\"pr\">Phone :  +41 21 565 88 88<\/li><li class=\"pr\">Du Mardi au Vendredi  <br \/> 10:00 - 12:30 et 13:30 - 18:30 <br \/> Samedi  <br \/> 10:00 - 12:30 et 13:30 - 17:00 <br \/> Ferm\u00e9 le dimanche<\/li><\/ul><\/div><\/div><\/div><\/div><div class=\"wpb_column vc_column_container vc_col-sm-6\"><div class=\"vc_column-inner\" ><div class=\"wpb_wrapper\"><div id=\"nitro_custom_css_156457964\" class=\"pr nitro-heading tr\"><div class=\"heading\"><h1>HELVETICA HORLOGERIE MORGES<\/h1><\/div><\/div><div id=\"nitro_custom_css_904922511\" class=\"nitro-list none\"><ul class=\"db\"><li class=\"pr\">Grand-Rue 76, 1110 Morges<\/li><li class=\"pr\">T\u00e9l. :  +41 21 801 14 72<\/li><li class=\"pr\">Mercredi\t<br \/> 10:00 - 12:30 13:30 - 18:00 <br \/> Samedi <br \/>   10:00 - 12:30 13:30 - 17:00<\/li><\/ul><\/div><\/div><\/div><\/div><\/div><\/div><\/div><\/div><\/div><\/div><div class=\"container\"><div class=\"vc_row wpb_row vc_row-fluid vc_custom_1467270770679\"><div class=\"wpb_column vc_column_container vc_col-sm-12\"><div class=\"vc_column-inner\" ><div class=\"wpb_wrapper\"><div id=\"nitro_custom_css_461898994\" class=\"pr nitro-heading tc\"><div class=\"heading\"><h2>CONTACT US<\/h2><\/div><\/div><div class=\"vc_empty_space\"   style=\"height: 60px\"><span class=\"vc_empty_space_inner\"><\/span><\/div>\n<div class=\"wpcf7 no-js\" id=\"wpcf7-f165-o1\" lang=\"en-US\" dir=\"ltr\" data-wpcf7-id=\"165\">\n<div class=\"screen-reader-response\"><p role=\"status\" aria-live=\"polite\" aria-atomic=\"true\"><\/p> <ul><\/ul><\/div>\n<form action=\"\/en\/wp-json\/wp\/v2\/pages\/17108#wpcf7-f165-o1\" method=\"post\" class=\"wpcf7-form init\" aria-label=\"Contact form\" novalidate=\"novalidate\" data-status=\"init\" data-no-translation-aria-label=\"\" data-trp-original-action=\"\/en\/wp-json\/wp\/v2\/pages\/17108#wpcf7-f165-o1\">\n<fieldset class=\"hidden-fields-container\"><input type=\"hidden\" name=\"_wpcf7\" value=\"165\" \/><input type=\"hidden\" name=\"_wpcf7_version\" value=\"6.1.5\" \/><input type=\"hidden\" name=\"_wpcf7_locale\" value=\"en_US\" \/><input type=\"hidden\" name=\"_wpcf7_unit_tag\" value=\"wpcf7-f165-o1\" \/><input type=\"hidden\" name=\"_wpcf7_container_post\" value=\"0\" \/><input type=\"hidden\" name=\"_wpcf7_posted_data_hash\" value=\"\" \/><input type=\"hidden\" name=\"_wpcf7_recaptcha_response\" value=\"\" \/>\n<\/fieldset>\n<div class=\"columns_wrap\">\n\t<span class=\"wpcf7-form-control-wrap\" data-name=\"your-name\"><input size=\"40\" maxlength=\"400\" class=\"wpcf7-form-control wpcf7-text wpcf7-validates-as-required\" aria-required=\"true\" aria-invalid=\"false\" placeholder=\"Votre nom*\" value=\"\" type=\"text\" name=\"your-name\" \/><\/span>\n\t<span class=\"wpcf7-form-control-wrap\" data-name=\"your-email\"><input size=\"40\" maxlength=\"400\" class=\"wpcf7-form-control wpcf7-email wpcf7-validates-as-required wpcf7-text wpcf7-validates-as-email\" aria-required=\"true\" aria-invalid=\"false\" placeholder=\"Votre E-mail*\" value=\"\" type=\"email\" name=\"your-email\" \/><\/span>\n<\/div>\n<div class=\"columns_wrap\">\n\t<div class=\"column-1_1\"><span class=\"wpcf7-form-control-wrap\" data-name=\"sujet\"><select class=\"wpcf7-form-control wpcf7-select wpcf7-validates-as-required form-control\" id=\"sujet\" aria-required=\"true\" aria-invalid=\"false\" name=\"sujet\"><option value=\"\">S\u00e9lectionnez<\/option><option value=\"Information sur les bijoux\">Information sur les bijoux<\/option><option value=\"Service apr\u00e8s-vente\">Service apr\u00e8s-vente<\/option><option value=\"Commande en cours\">Commande en cours<\/option><option value=\"R\u00e9clamation\">R\u00e9clamation<\/option><option value=\"Autre demande\">Autre demande<\/option><\/select><\/span><\/div>\n<\/div>\n<div class=\"columns_wrap\">\n\t<div class=\"column-1_1\"><span class=\"wpcf7-form-control-wrap\" data-name=\"textarea-message\"><textarea cols=\"40\" rows=\"4\" maxlength=\"2000\" class=\"wpcf7-form-control wpcf7-textarea wpcf7-validates-as-required\" aria-required=\"true\" aria-invalid=\"false\" placeholder=\"Votre message*\" name=\"textarea-message\"><\/textarea><\/span><\/div>\n<\/div>\n<div class=\"columns_wrap\">\n\t<div class=\"column-1_1 aligncenter\">\n\t\t<span class=\"wpcf7-form-control-wrap\" data-name=\"acceptance-86\"><span class=\"wpcf7-form-control wpcf7-acceptance\"><span class=\"wpcf7-list-item\"><label><input type=\"checkbox\" name=\"acceptance-86\" value=\"1\" aria-invalid=\"false\" \/><span class=\"wpcf7-list-item-label\">J'accepte que mes donn\u00e9es soumises soient collect\u00e9es et stock\u00e9es.<\/span><\/label><\/span><\/span><\/span>\n\t<\/div>\n\t<div class=\"column-1_1 aligncenter\">\n\t\t<span class=\"\"><input class=\"wpcf7-form-control wpcf7-submit has-spinner\" type=\"submit\" value=\"Send\" \/><\/span>\n\t<\/div>\n<\/div><div class=\"wpcf7-response-output\" aria-hidden=\"true\"><\/div>\n<input type=\"hidden\" name=\"trp-form-language\" value=\"en\"\/><\/form>\n<\/div>\n<\/div><\/div><\/div><\/div><\/div><div class=\"wpb_column vc_column_container vc_col-sm-2\"><div class=\"vc_column-inner\" ><div class=\"wpb_wrapper\"><\/div><\/div><\/div><div class=\"wpb_column vc_column_container vc_col-sm-8\"><div class=\"vc_column-inner\" ><div class=\"wpb_wrapper\"><\/div><\/div><\/div>\n<\/section>","protected":false},"excerpt":{"rendered":"Nos points de vente HELVETICA HORLOGERIE LE SENTIERGrand-Rue 38, 1347 Le SentierT\u00e9l. : +41 21 565 88 88Du Mardi au Vendredi 10:00 - 12:30 et 13:30 - 18:30 Samedi 10:00 - 12:30 et 13:30 - 17:00 Ferm\u00e9 le dimancheHELVETICA HORLOGERIE MORGESGrand-Rue 76, 1110 MorgesT\u00e9l. : +41 21 801 14 72Mercredi 10:00 - 12:30 13:30 - [...]","protected":false},"author":2,"featured_media":0,"parent":0,"menu_order":0,"comment_status":"closed","ping_status":"closed","template":"","meta":{"om_disable_all_campaigns":false,"_monsterinsights_skip_tracking":false,"_monsterinsights_sitenote_active":false,"_monsterinsights_sitenote_note":"","_monsterinsights_sitenote_category":0,"footnotes":""},"class_list":["post-17108","page","type-page","status-publish","hentry"],"aioseo_notices":[],"yoast_head":"<!-- This site is optimized with the Yoast SEO plugin v27.3 - https:\/\/yoast.com\/product\/yoast-seo-wordpress\/ -->\n<title>Contact - Rita&amp;Zia<\/title>\n<meta name=\"robots\" content=\"index, follow, max-snippet:-1, max-image-preview:large, max-video-preview:-1\" \/>\n<link rel=\"canonical\" href=\"https:\/\/rita-zia.com\/en\/contact\/\" \/>\n<meta property=\"og:locale\" content=\"en_US\" \/>\n<meta property=\"og:type\" content=\"article\" \/>\n<meta property=\"og:title\" content=\"Contact - Rita&amp;Zia\" \/>\n<meta property=\"og:url\" content=\"https:\/\/rita-zia.com\/en\/contact\/\" \/>\n<meta property=\"og:site_name\" content=\"Rita&amp;Zia\" \/>\n<meta property=\"article:modified_time\" content=\"2025-05-08T10:18:42+00:00\" \/>\n<meta name=\"twitter:card\" content=\"summary_large_image\" \/>\n<meta name=\"twitter:label1\" content=\"Est. reading time\" \/>\n\t<meta name=\"twitter:data1\" content=\"1 minute\" \/>\n<script type=\"application\/ld+json\" class=\"yoast-schema-graph\">{\"@context\":\"https:\\\/\\\/schema.org\",\"@graph\":[{\"@type\":\"WebPage\",\"@id\":\"https:\\\/\\\/rita-zia.com\\\/contact\\\/\",\"url\":\"https:\\\/\\\/rita-zia.com\\\/contact\\\/\",\"name\":\"Contact - Rita&amp;Zia\",\"isPartOf\":{\"@id\":\"https:\\\/\\\/rita-zia.com\\\/#website\"},\"datePublished\":\"2016-04-15T16:15:37+00:00\",\"dateModified\":\"2025-05-08T10:18:42+00:00\",\"inLanguage\":\"en-US\",\"potentialAction\":[{\"@type\":\"ReadAction\",\"target\":[\"https:\\\/\\\/rita-zia.com\\\/contact\\\/\"]}]},{\"@type\":\"WebSite\",\"@id\":\"https:\\\/\\\/rita-zia.com\\\/#website\",\"url\":\"https:\\\/\\\/rita-zia.com\\\/\",\"name\":\"Rita&amp;Zia\",\"description\":\"Une f\u00e9minit\u00e9 assur\u00e9e\",\"publisher\":{\"@id\":\"https:\\\/\\\/rita-zia.com\\\/#organization\"},\"potentialAction\":[{\"@type\":\"SearchAction\",\"target\":{\"@type\":\"EntryPoint\",\"urlTemplate\":\"https:\\\/\\\/rita-zia.com\\\/?s={search_term_string}\"},\"query-input\":{\"@type\":\"PropertyValueSpecification\",\"valueRequired\":true,\"valueName\":\"search_term_string\"}}],\"inLanguage\":\"en-US\"},{\"@type\":\"Organization\",\"@id\":\"https:\\\/\\\/rita-zia.com\\\/#organization\",\"name\":\"Rita & Zia\",\"url\":\"https:\\\/\\\/rita-zia.com\\\/\",\"logo\":{\"@type\":\"ImageObject\",\"inLanguage\":\"en-US\",\"@id\":\"https:\\\/\\\/rita-zia.com\\\/#\\\/schema\\\/logo\\\/image\\\/\",\"url\":\"https:\\\/\\\/rita-zia.com\\\/wp-content\\\/uploads\\\/2022\\\/02\\\/Logo-Rita-Zia_vertical-scaled.jpg\",\"contentUrl\":\"https:\\\/\\\/rita-zia.com\\\/wp-content\\\/uploads\\\/2022\\\/02\\\/Logo-Rita-Zia_vertical-scaled.jpg\",\"width\":2560,\"height\":2560,\"caption\":\"Rita & Zia\"},\"image\":{\"@id\":\"https:\\\/\\\/rita-zia.com\\\/#\\\/schema\\\/logo\\\/image\\\/\"},\"sameAs\":[\"https:\\\/\\\/www.instagram.com\\\/ritazia\\\/\"]}]}<\/script>\n<!-- \/ Yoast SEO plugin. -->","yoast_head_json":{"title":"Contact - Rita&amp;Zia","robots":{"index":"index","follow":"follow","max-snippet":"max-snippet:-1","max-image-preview":"max-image-preview:large","max-video-preview":"max-video-preview:-1"},"canonical":"https:\/\/rita-zia.com\/en\/contact\/","og_locale":"en_US","og_type":"article","og_title":"Contact - Rita&amp;Zia","og_url":"https:\/\/rita-zia.com\/en\/contact\/","og_site_name":"Rita&amp;Zia","article_modified_time":"2025-05-08T10:18:42+00:00","twitter_card":"summary_large_image","twitter_misc":{"Est. reading time":"1 minute"},"schema":{"@context":"https:\/\/schema.org","@graph":[{"@type":"WebPage","@id":"https:\/\/rita-zia.com\/contact\/","url":"https:\/\/rita-zia.com\/contact\/","name":"Contact - Rita&amp;Zia","isPartOf":{"@id":"https:\/\/rita-zia.com\/#website"},"datePublished":"2016-04-15T16:15:37+00:00","dateModified":"2025-05-08T10:18:42+00:00","inLanguage":"en-US","potentialAction":[{"@type":"ReadAction","target":["https:\/\/rita-zia.com\/contact\/"]}]},{"@type":"WebSite","@id":"https:\/\/rita-zia.com\/#website","url":"https:\/\/rita-zia.com\/","name":"Rita&amp;Zia","description":"Une f\u00e9minit\u00e9 assur\u00e9e","publisher":{"@id":"https:\/\/rita-zia.com\/#organization"},"potentialAction":[{"@type":"SearchAction","target":{"@type":"EntryPoint","urlTemplate":"https:\/\/rita-zia.com\/?s={search_term_string}"},"query-input":{"@type":"PropertyValueSpecification","valueRequired":true,"valueName":"search_term_string"}}],"inLanguage":"en-US"},{"@type":"Organization","@id":"https:\/\/rita-zia.com\/#organization","name":"Rita & Zia","url":"https:\/\/rita-zia.com\/","logo":{"@type":"ImageObject","inLanguage":"en-US","@id":"https:\/\/rita-zia.com\/#\/schema\/logo\/image\/","url":"https:\/\/rita-zia.com\/wp-content\/uploads\/2022\/02\/Logo-Rita-Zia_vertical-scaled.jpg","contentUrl":"https:\/\/rita-zia.com\/wp-content\/uploads\/2022\/02\/Logo-Rita-Zia_vertical-scaled.jpg","width":2560,"height":2560,"caption":"Rita & Zia"},"image":{"@id":"https:\/\/rita-zia.com\/#\/schema\/logo\/image\/"},"sameAs":["https:\/\/www.instagram.com\/ritazia\/"]}]}},"_links":{"self":[{"href":"https:\/\/rita-zia.com\/en\/wp-json\/wp\/v2\/pages\/17108","targetHints":{"allow":["GET"]}}],"collection":[{"href":"https:\/\/rita-zia.com\/en\/wp-json\/wp\/v2\/pages"}],"about":[{"href":"https:\/\/rita-zia.com\/en\/wp-json\/wp\/v2\/types\/page"}],"author":[{"embeddable":true,"href":"https:\/\/rita-zia.com\/en\/wp-json\/wp\/v2\/users\/2"}],"replies":[{"embeddable":true,"href":"https:\/\/rita-zia.com\/en\/wp-json\/wp\/v2\/comments?post=17108"}],"version-history":[{"count":105,"href":"https:\/\/rita-zia.com\/en\/wp-json\/wp\/v2\/pages\/17108\/revisions"}],"predecessor-version":[{"id":21268,"href":"https:\/\/rita-zia.com\/en\/wp-json\/wp\/v2\/pages\/17108\/revisions\/21268"}],"wp:attachment":[{"href":"https:\/\/rita-zia.com\/en\/wp-json\/wp\/v2\/media?parent=17108"}],"curies":[{"name":"wp","href":"https:\/\/api.w.org\/{rel}","templated":true}]}}