{"id":14,"date":"2016-04-15T16:16:33","date_gmt":"2016-04-15T16:16:33","guid":{"rendered":"https:\/\/rita-zia.com\/?page_id=14"},"modified":"2016-05-10T08:04:26","modified_gmt":"2016-05-10T08:04:26","slug":"lookbook","status":"publish","type":"page","link":"https:\/\/rita-zia.com\/en\/lookbook\/","title":{"rendered":"Lookbook"},"content":{"rendered":"<section class=\"wpb-content-wrapper\"><div class=\"container\"><div class=\"vc_row wpb_row vc_row-fluid vc_custom_1461202848933\"><div class=\"wpb_column vc_column_container vc_col-sm-5\"><div class=\"vc_column-inner\" ><div class=\"wpb_wrapper\"><div id=\"nitro_custom_css_1132517741\" class=\"pr nitro-heading tr\"><div class=\"heading\"><h1>2016<\/h1><\/div><\/div><div id=\"nitro_custom_css_1898252123\" class=\"pr nitro-heading tr\"><div class=\"heading\"><h1>Lookbook<\/h1><\/div><\/div><\/div><\/div><\/div><div class=\"wpb_column vc_column_container vc_col-sm-7\"><div class=\"vc_column-inner\" ><div class=\"wpb_wrapper\">\n\t<div class=\"wpb_text_column wpb_content_element  vc_custom_1460978552134\" >\n\t\t<div class=\"wpb_wrapper\">\n\t\t\t<p>Lorem ipsum dolor sit amet, consectur adiping elit, sed do esmod temporani incididunt ut labore et dolore magna aliqua. Ut enim ad minim veniam, quis nostrud exercitation ullamco laboris nisi ut aliqnuuip ex ea commodo consequat. Duis aute irure dolor in reprehenderit.<\/p>\n\n\t\t<\/div>\n\t<\/div>\n<\/div><\/div><\/div><\/div><\/div><div class=\"container\"><div class=\"vc_row wpb_row vc_row-fluid mg0\"><div class=\"mg0 wpb_column vc_column_container vc_col-sm-12\"><div class=\"vc_column-inner\" ><div class=\"wpb_wrapper\"><div id=\"nitro_custom_css_2025771855\" class=\"wr-masonry-wrap columns-3\"><div class=\"item large-square\"><div><div class=\"item-inner\"><div class=\"image-banner mg0 tl image style-7\"><div class=\"pr oh cs-12 cxs-12\"><a href=\"\" class=\"dt oh pr cxs-12 cs-12\"><img decoding=\"async\" class=\"front ts-04 cxs-12 cs-12\" src=\"\" width=\"\"  height=\"\" alt=\"Front Image\" \/><\/a><\/div><\/div><\/div><\/div><\/div><div class=\"item small-square\"><div><div class=\"item-inner\"><div class=\"image-banner mg0 tl image style-7\"><div class=\"pr oh cs-12 cxs-12\"><a href=\"\" class=\"dt oh pr cxs-12 cs-12\"><img decoding=\"async\" class=\"front ts-04 cxs-12 cs-12\" src=\"\" width=\"\"  height=\"\" alt=\"Front Image\" \/><\/a><\/div><\/div><\/div><\/div><\/div><div class=\"item rectangle-portrait\"><div><div class=\"item-inner\"><div class=\"image-banner tl image style-7\"><div class=\"pr oh cs-12 cxs-12\"><a href=\"\" class=\"dt oh pr cxs-12 cs-12\"><img decoding=\"async\" class=\"front ts-04 cxs-12 cs-12\" src=\"\" width=\"\"  height=\"\" alt=\"Front Image\" \/><\/a><\/div><\/div><\/div><\/div><\/div><div class=\"item small-square\"><div class=\"vc_custom_1462354288004\"><div class=\"item-inner\">\n\t<div class=\"wpb_text_column wpb_content_element  vc_custom_1462844724601\">\n\t\t<div class=\"wpb_wrapper\">\n\t\t\t<h4><span style=\"color: #ffffff;\">Jewelry is something that has to do with emotion. That aspect of jewelry really interests me.<\/span><\/h4>\n<p><span style=\"color: #ffffff;\"><strong>Ann Demeulemeester<\/strong><\/span><\/p>\n<p><span style=\"color: #ffffff;\"><em>Editor at VenturesFashion.com<\/em><\/span><\/p>\n\n\t\t<\/div>\n\t<\/div>\n<\/div><\/div><\/div><div class=\"item small-square\"><div><div class=\"item-inner\"><div class=\"image-banner tl image style-7\"><div class=\"pr oh cs-12 cxs-12\"><a href=\"\" class=\"dt oh pr cxs-12 cs-12\"><img decoding=\"async\" class=\"front ts-04 cxs-12 cs-12\" src=\"\" width=\"\"  height=\"\" alt=\"Front Image\" \/><\/a><\/div><\/div><\/div><\/div><\/div><\/div>\n\t\t\t<script>\n\t\t\t\t(function($) {\n\t\t\t\t\"use strict\";\n\n\t\t\t\t\tfunction masonryBuilder() {\n\t\t\t\t\t\t\/\/ Check if Isotope plugin for jQuery is loaded before setting up masonry layout.\n\t\t\t\t\t\tif (typeof $.fn.isotope == \"undefined\") {\n\t\t\t\t\t\t\treturn setTimeout(masonryBuilder, 100);\n\t\t\t\t\t\t}\n\n\t\t\t\t\t\tvar container    = $( \"#nitro_custom_css_2025771855.wr-masonry-wrap\" ),\n\t\t\t\t\t\t\tLargeSquare  = container.find( \".large-square\" ),\n\t\t\t\t\t\t\tSmallSquare  = container.find( \".small-square\" ),\n\t\t\t\t\t\t\trecLandscape = container.find( \".rectangle-landscape\" ),\n\t\t\t\t\t\t\trecPortrait  = container.find( \".rectangle-portrait\" ),\n\t\t\t\t\t\t\twrapWidth    = container.width();\n\n\t\t\t\t\t\tLargeSquare.css({\n\t\t\t\t\t\t\t\"width\": wrapWidth*2\/3,\n\t\t\t\t\t\t\t\"height\": wrapWidth*2\/3,\n\t\t\t\t\t\t});\n\t\t\t\t\t\tSmallSquare.css({\n\t\t\t\t\t\t\t\"width\": (wrapWidth*1\/3),\n\t\t\t\t\t\t\t\"height\": wrapWidth*1\/3,\n\t\t\t\t\t\t});\n\t\t\t\t\t\trecLandscape.css({\n\t\t\t\t\t\t\t\"width\": wrapWidth*2\/3,\n\t\t\t\t\t\t\t\"height\": wrapWidth*1\/3,\n\t\t\t\t\t\t});\n\t\t\t\t\t\trecPortrait.css({\n\t\t\t\t\t\t\t\"width\": wrapWidth*1\/3,\n\t\t\t\t\t\t\t\"height\": wrapWidth*2\/3,\n\t\t\t\t\t\t});\n\t\t\t\t\t\tsetTimeout( function() {\n\t\t\t\t\t\t\tcontainer.isotope({\n\t\t\t\t\t\t\t\titemSelector: \".item\",\n\t\t\t\t\t\t\t\tmasonry: {\n\t\t\t\t\t\t\t\t\tcolumnWidth: wrapWidth \/ 3,\n\t\t\t\t\t\t\t\t}\n\t\t\t\t\t\t\t});\n\t\t\t\t\t\t}, 100)\n\t\t\t\t\t}\n\t\t\t\t\t$(window).load(function() {\n\t\t\t\t\t\tsetTimeout(function(){\n\t\t\t\t\t\t\tmasonryBuilder();\n\t\t\t\t\t\t}, 100);\n\t\t\t\t\t});\n\t\t\t\t\t$(window).resize(function() {\n\t\t\t\t\t\tif ( window.innerWidth > 1024 ) {\n\t\t\t\t\t\t\tsetTimeout(function(){\n\t\t\t\t\t\t\t\tmasonryBuilder();\n\t\t\t\t\t\t\t}, 10);\n\t\t\t\t\t\t}\n\t\t\t\t\t});\n\t\t\t\t})( jQuery );\n\t\t\t<\/script>\n\t\t<\/div><\/div><\/div><\/div><\/div><div class=\"container\"><div class=\"vc_row wpb_row vc_row-fluid mg0\"><div class=\"mg0 wpb_column vc_column_container vc_col-sm-8\"><div class=\"vc_column-inner\" ><div class=\"wpb_wrapper\"><div class=\"image-banner mg0 tl image style-1\"><div class=\"pr oh cs-12 cxs-12\"><a href=\"\" class=\"dt oh pr cxs-12 cs-12\"><img decoding=\"async\" class=\"front ts-04 cxs-12 cs-12\" src=\"\" width=\"\"  height=\"\" alt=\"Front Image\" \/><\/a><\/div><\/div><\/div><\/div><\/div><div class=\"mg0 wpb_column vc_column_container vc_col-sm-4\"><div class=\"vc_column-inner vc_custom_1461003316464\" ><div class=\"wpb_wrapper\"><div class=\"image-banner mg0 tl image style-1\"><div class=\"pr oh cs-12 cxs-12\"><a href=\"\" class=\"dt oh pr cxs-12 cs-12\"><img decoding=\"async\" class=\"front ts-04 cxs-12 cs-12\" src=\"\" width=\"\"  height=\"\" alt=\"Front Image\" \/><\/a><\/div><\/div><\/div><\/div><\/div><\/div><\/div><div class=\"container\"><div class=\"vc_row wpb_row vc_row-fluid mg0\"><div class=\"wpb_column vc_column_container vc_col-sm-12\"><div class=\"vc_column-inner\" ><div class=\"wpb_wrapper\"><div id=\"nitro_custom_css_1333830511\" class=\"wr-masonry-wrap columns-3\"><div class=\"item small-square\"><div><div class=\"item-inner\"><div class=\"image-banner tl image style-7\"><div class=\"pr oh cs-12 cxs-12\"><a href=\"\" class=\"dt oh pr cxs-12 cs-12\"><img decoding=\"async\" class=\"front ts-04 cxs-12 cs-12\" src=\"\" width=\"\"  height=\"\" alt=\"Front Image\" \/><\/a><\/div><\/div><\/div><\/div><\/div><div class=\"item large-square\"><div><div class=\"item-inner\"><div class=\"image-banner tl image style-7\"><div class=\"pr oh cs-12 cxs-12\"><a href=\"\" class=\"dt oh pr cxs-12 cs-12\"><img decoding=\"async\" class=\"front ts-04 cxs-12 cs-12\" src=\"\" width=\"\"  height=\"\" alt=\"Front Image\" \/><\/a><\/div><\/div><\/div><\/div><\/div><div class=\"item small-square\"><div><div class=\"item-inner\"><div class=\"image-banner tl image style-7\"><div class=\"pr oh cs-12 cxs-12\"><a href=\"\" class=\"dt oh pr cxs-12 cs-12\"><img decoding=\"async\" class=\"front ts-04 cxs-12 cs-12\" src=\"\" width=\"\"  height=\"\" alt=\"Front Image\" \/><\/a><\/div><\/div><\/div><\/div><\/div><\/div>\n\t\t\t<script>\n\t\t\t\t(function($) {\n\t\t\t\t\"use strict\";\n\n\t\t\t\t\tfunction masonryBuilder() {\n\t\t\t\t\t\t\/\/ Check if Isotope plugin for jQuery is loaded before setting up masonry layout.\n\t\t\t\t\t\tif (typeof $.fn.isotope == \"undefined\") {\n\t\t\t\t\t\t\treturn setTimeout(masonryBuilder, 100);\n\t\t\t\t\t\t}\n\n\t\t\t\t\t\tvar container    = $( \"#nitro_custom_css_1333830511.wr-masonry-wrap\" ),\n\t\t\t\t\t\t\tLargeSquare  = container.find( \".large-square\" ),\n\t\t\t\t\t\t\tSmallSquare  = container.find( \".small-square\" ),\n\t\t\t\t\t\t\trecLandscape = container.find( \".rectangle-landscape\" ),\n\t\t\t\t\t\t\trecPortrait  = container.find( \".rectangle-portrait\" ),\n\t\t\t\t\t\t\twrapWidth    = container.width();\n\n\t\t\t\t\t\tLargeSquare.css({\n\t\t\t\t\t\t\t\"width\": wrapWidth*2\/3,\n\t\t\t\t\t\t\t\"height\": wrapWidth*2\/3,\n\t\t\t\t\t\t});\n\t\t\t\t\t\tSmallSquare.css({\n\t\t\t\t\t\t\t\"width\": (wrapWidth*1\/3),\n\t\t\t\t\t\t\t\"height\": wrapWidth*1\/3,\n\t\t\t\t\t\t});\n\t\t\t\t\t\trecLandscape.css({\n\t\t\t\t\t\t\t\"width\": wrapWidth*2\/3,\n\t\t\t\t\t\t\t\"height\": wrapWidth*1\/3,\n\t\t\t\t\t\t});\n\t\t\t\t\t\trecPortrait.css({\n\t\t\t\t\t\t\t\"width\": wrapWidth*1\/3,\n\t\t\t\t\t\t\t\"height\": wrapWidth*2\/3,\n\t\t\t\t\t\t});\n\t\t\t\t\t\tsetTimeout( function() {\n\t\t\t\t\t\t\tcontainer.isotope({\n\t\t\t\t\t\t\t\titemSelector: \".item\",\n\t\t\t\t\t\t\t\tmasonry: {\n\t\t\t\t\t\t\t\t\tcolumnWidth: wrapWidth \/ 3,\n\t\t\t\t\t\t\t\t}\n\t\t\t\t\t\t\t});\n\t\t\t\t\t\t}, 100)\n\t\t\t\t\t}\n\t\t\t\t\t$(window).load(function() {\n\t\t\t\t\t\tsetTimeout(function(){\n\t\t\t\t\t\t\tmasonryBuilder();\n\t\t\t\t\t\t}, 100);\n\t\t\t\t\t});\n\t\t\t\t\t$(window).resize(function() {\n\t\t\t\t\t\tif ( window.innerWidth > 1024 ) {\n\t\t\t\t\t\t\tsetTimeout(function(){\n\t\t\t\t\t\t\t\tmasonryBuilder();\n\t\t\t\t\t\t\t}, 10);\n\t\t\t\t\t\t}\n\t\t\t\t\t});\n\t\t\t\t})( jQuery );\n\t\t\t<\/script>\n\t\t<\/div><\/div><\/div><\/div><\/div><div class=\"container\"><div class=\"vc_row wpb_row vc_row-fluid mg0 vc_custom_1461005163283 vc_row-has-fill\"><div class=\"mg0 wpb_column vc_column_container vc_col-sm-6\"><div class=\"vc_column-inner\" ><div class=\"wpb_wrapper\"><div class=\"image-banner mg0 tl image style-7\"><div class=\"pr oh cs-12 cxs-12\"><a href=\"\" class=\"dt oh pr cxs-12 cs-12\"><img decoding=\"async\" class=\"front ts-04 cxs-12 cs-12\" src=\"\" width=\"\"  height=\"\" alt=\"Front Image\" \/><\/a><\/div><\/div><\/div><\/div><\/div><div class=\"mg0 wpb_column vc_column_container vc_col-sm-6\"><div class=\"vc_column-inner vc_custom_1462354701561\" ><div class=\"wpb_wrapper\"><div class=\"sc-testimonials oh mg0 top style-1 tl columns-1\"><div class=\"testimonial-item cs-12 cxs-12 cm-12\"><div class=\"content\"><p>\u201cJewelry and pins have been worn throughout history as symbols of power, sending messages. Interestingly enough, it was mostly men who wore the jewelry in various times, and obviously crowns were part of signals that were being sent to history by people of rank.\u201d<\/p><\/div><div class=\"author mgt20\"><h5 class=\"name dib\">Madeleine Albright<\/h5><p class=\"job meta-color\">CEO\/Co-Founder at Fashion Daily Magazine<\/p><\/div><\/div><\/div><\/div><\/div><\/div><\/div><\/div><div class=\"container\"><div class=\"vc_row wpb_row vc_row-fluid mg0 vc_custom_1462355091719\"><div class=\"wpb_column vc_column_container vc_col-sm-12\"><div class=\"vc_column-inner\" ><div class=\"wpb_wrapper\"><div id=\"nitro_custom_css_474516833\" class=\"wr-masonry-wrap columns-3\"><div class=\"item large-square\"><div><div class=\"item-inner\"><div id=\"nitro_custom_css_1403051732\" class=\"image-banner tl text style-1\"><div class=\"pr oh cs-12 cxs-12\"><a href=\"\" class=\"dt oh pr cxs-12 cs-12\"><img decoding=\"async\" class=\"front ts-04 cxs-12 cs-12\" src=\"\" width=\"\"  height=\"\" alt=\"Front Image\" \/><\/a><div class=\"content\"><div class=\"inner-content\"><h2>SILVER GLAMOUR<\/h2><p><\/p><\/div><\/div><\/div><\/div><\/div><\/div><\/div><div class=\"item small-square\"><div><div class=\"item-inner\"><div class=\"image-banner tl image style-7\"><div class=\"pr oh cs-12 cxs-12\"><a href=\"\" class=\"dt oh pr cxs-12 cs-12\"><img decoding=\"async\" class=\"front ts-04 cxs-12 cs-12\" src=\"\" width=\"\"  height=\"\" alt=\"Front Image\" \/><\/a><\/div><\/div><\/div><\/div><\/div><div class=\"item small-square\"><div><div class=\"item-inner\"><div class=\"image-banner tl image style-7\"><div class=\"pr oh cs-12 cxs-12\"><a href=\"\" class=\"dt oh pr cxs-12 cs-12\"><img decoding=\"async\" class=\"front ts-04 cxs-12 cs-12\" src=\"\" width=\"\"  height=\"\" alt=\"Front Image\" \/><\/a><\/div><\/div><\/div><\/div><\/div><\/div>\n\t\t\t<script>\n\t\t\t\t(function($) {\n\t\t\t\t\"use strict\";\n\n\t\t\t\t\tfunction masonryBuilder() {\n\t\t\t\t\t\t\/\/ Check if Isotope plugin for jQuery is loaded before setting up masonry layout.\n\t\t\t\t\t\tif (typeof $.fn.isotope == \"undefined\") {\n\t\t\t\t\t\t\treturn setTimeout(masonryBuilder, 100);\n\t\t\t\t\t\t}\n\n\t\t\t\t\t\tvar container    = $( \"#nitro_custom_css_474516833.wr-masonry-wrap\" ),\n\t\t\t\t\t\t\tLargeSquare  = container.find( \".large-square\" ),\n\t\t\t\t\t\t\tSmallSquare  = container.find( \".small-square\" ),\n\t\t\t\t\t\t\trecLandscape = container.find( \".rectangle-landscape\" ),\n\t\t\t\t\t\t\trecPortrait  = container.find( \".rectangle-portrait\" ),\n\t\t\t\t\t\t\twrapWidth    = container.width();\n\n\t\t\t\t\t\tLargeSquare.css({\n\t\t\t\t\t\t\t\"width\": wrapWidth*2\/3,\n\t\t\t\t\t\t\t\"height\": wrapWidth*2\/3,\n\t\t\t\t\t\t});\n\t\t\t\t\t\tSmallSquare.css({\n\t\t\t\t\t\t\t\"width\": (wrapWidth*1\/3),\n\t\t\t\t\t\t\t\"height\": wrapWidth*1\/3,\n\t\t\t\t\t\t});\n\t\t\t\t\t\trecLandscape.css({\n\t\t\t\t\t\t\t\"width\": wrapWidth*2\/3,\n\t\t\t\t\t\t\t\"height\": wrapWidth*1\/3,\n\t\t\t\t\t\t});\n\t\t\t\t\t\trecPortrait.css({\n\t\t\t\t\t\t\t\"width\": wrapWidth*1\/3,\n\t\t\t\t\t\t\t\"height\": wrapWidth*2\/3,\n\t\t\t\t\t\t});\n\t\t\t\t\t\tsetTimeout( function() {\n\t\t\t\t\t\t\tcontainer.isotope({\n\t\t\t\t\t\t\t\titemSelector: \".item\",\n\t\t\t\t\t\t\t\tmasonry: {\n\t\t\t\t\t\t\t\t\tcolumnWidth: wrapWidth \/ 3,\n\t\t\t\t\t\t\t\t}\n\t\t\t\t\t\t\t});\n\t\t\t\t\t\t}, 100)\n\t\t\t\t\t}\n\t\t\t\t\t$(window).load(function() {\n\t\t\t\t\t\tsetTimeout(function(){\n\t\t\t\t\t\t\tmasonryBuilder();\n\t\t\t\t\t\t}, 100);\n\t\t\t\t\t});\n\t\t\t\t\t$(window).resize(function() {\n\t\t\t\t\t\tif ( window.innerWidth > 1024 ) {\n\t\t\t\t\t\t\tsetTimeout(function(){\n\t\t\t\t\t\t\t\tmasonryBuilder();\n\t\t\t\t\t\t\t}, 10);\n\t\t\t\t\t\t}\n\t\t\t\t\t});\n\t\t\t\t})( jQuery );\n\t\t\t<\/script>\n\t\t<\/div><\/div><\/div><\/div><\/div>\n<\/section>","protected":false},"excerpt":{"rendered":"2016Lookbook Lorem ipsum dolor sit amet, consectur adiping elit, sed do esmod temporani incididunt ut labore et dolore magna aliqua. Ut enim ad minim veniam, quis nostrud exercitation ullamco laboris nisi ut aliqnuuip ex ea commodo consequat. Duis aute irure dolor in reprehenderit. Jewelry is something that has to do with emotion. That aspect of [...]","protected":false},"author":2,"featured_media":0,"parent":0,"menu_order":0,"comment_status":"closed","ping_status":"closed","template":"","meta":{"om_disable_all_campaigns":false,"_monsterinsights_skip_tracking":false,"_monsterinsights_sitenote_active":false,"_monsterinsights_sitenote_note":"","_monsterinsights_sitenote_category":0,"footnotes":""},"class_list":["post-14","page","type-page","status-publish","hentry"],"aioseo_notices":[],"yoast_head":"<!-- This site is optimized with the Yoast SEO plugin v27.5 - https:\/\/yoast.com\/product\/yoast-seo-wordpress\/ -->\n<title>Lookbook - Rita&amp;Zia<\/title>\n<meta name=\"robots\" content=\"index, follow, max-snippet:-1, max-image-preview:large, max-video-preview:-1\" \/>\n<link rel=\"canonical\" href=\"https:\/\/rita-zia.com\/en\/lookbook\/\" \/>\n<meta property=\"og:locale\" content=\"en_US\" \/>\n<meta property=\"og:type\" content=\"article\" \/>\n<meta property=\"og:title\" content=\"Lookbook - Rita&amp;Zia\" \/>\n<meta property=\"og:url\" content=\"https:\/\/rita-zia.com\/en\/lookbook\/\" \/>\n<meta property=\"og:site_name\" content=\"Rita&amp;Zia\" \/>\n<meta property=\"article:modified_time\" content=\"2016-05-10T08:04:26+00:00\" \/>\n<meta name=\"twitter:card\" content=\"summary_large_image\" \/>\n<meta name=\"twitter:label1\" content=\"Est. reading time\" \/>\n\t<meta name=\"twitter:data1\" content=\"4 minutes\" \/>\n<script type=\"application\/ld+json\" class=\"yoast-schema-graph\">{\"@context\":\"https:\\\/\\\/schema.org\",\"@graph\":[{\"@type\":\"WebPage\",\"@id\":\"https:\\\/\\\/rita-zia.com\\\/lookbook\\\/\",\"url\":\"https:\\\/\\\/rita-zia.com\\\/lookbook\\\/\",\"name\":\"Lookbook - Rita&amp;Zia\",\"isPartOf\":{\"@id\":\"https:\\\/\\\/rita-zia.com\\\/#website\"},\"datePublished\":\"2016-04-15T16:16:33+00:00\",\"dateModified\":\"2016-05-10T08:04:26+00:00\",\"inLanguage\":\"en-US\",\"potentialAction\":[{\"@type\":\"ReadAction\",\"target\":[\"https:\\\/\\\/rita-zia.com\\\/lookbook\\\/\"]}]},{\"@type\":\"WebSite\",\"@id\":\"https:\\\/\\\/rita-zia.com\\\/#website\",\"url\":\"https:\\\/\\\/rita-zia.com\\\/\",\"name\":\"Rita&amp;Zia\",\"description\":\"Une f\u00e9minit\u00e9 assur\u00e9e\",\"publisher\":{\"@id\":\"https:\\\/\\\/rita-zia.com\\\/#organization\"},\"potentialAction\":[{\"@type\":\"SearchAction\",\"target\":{\"@type\":\"EntryPoint\",\"urlTemplate\":\"https:\\\/\\\/rita-zia.com\\\/?s={search_term_string}\"},\"query-input\":{\"@type\":\"PropertyValueSpecification\",\"valueRequired\":true,\"valueName\":\"search_term_string\"}}],\"inLanguage\":\"en-US\"},{\"@type\":\"Organization\",\"@id\":\"https:\\\/\\\/rita-zia.com\\\/#organization\",\"name\":\"Rita & Zia\",\"url\":\"https:\\\/\\\/rita-zia.com\\\/\",\"logo\":{\"@type\":\"ImageObject\",\"inLanguage\":\"en-US\",\"@id\":\"https:\\\/\\\/rita-zia.com\\\/#\\\/schema\\\/logo\\\/image\\\/\",\"url\":\"https:\\\/\\\/rita-zia.com\\\/wp-content\\\/uploads\\\/2022\\\/02\\\/Logo-Rita-Zia_vertical-scaled.jpg\",\"contentUrl\":\"https:\\\/\\\/rita-zia.com\\\/wp-content\\\/uploads\\\/2022\\\/02\\\/Logo-Rita-Zia_vertical-scaled.jpg\",\"width\":2560,\"height\":2560,\"caption\":\"Rita & Zia\"},\"image\":{\"@id\":\"https:\\\/\\\/rita-zia.com\\\/#\\\/schema\\\/logo\\\/image\\\/\"},\"sameAs\":[\"https:\\\/\\\/www.instagram.com\\\/ritazia\\\/\"]}]}<\/script>\n<!-- \/ Yoast SEO plugin. -->","yoast_head_json":{"title":"Lookbook - Rita&amp;Zia","robots":{"index":"index","follow":"follow","max-snippet":"max-snippet:-1","max-image-preview":"max-image-preview:large","max-video-preview":"max-video-preview:-1"},"canonical":"https:\/\/rita-zia.com\/en\/lookbook\/","og_locale":"en_US","og_type":"article","og_title":"Lookbook - Rita&amp;Zia","og_url":"https:\/\/rita-zia.com\/en\/lookbook\/","og_site_name":"Rita&amp;Zia","article_modified_time":"2016-05-10T08:04:26+00:00","twitter_card":"summary_large_image","twitter_misc":{"Est. reading time":"4 minutes"},"schema":{"@context":"https:\/\/schema.org","@graph":[{"@type":"WebPage","@id":"https:\/\/rita-zia.com\/lookbook\/","url":"https:\/\/rita-zia.com\/lookbook\/","name":"Lookbook - Rita&amp;Zia","isPartOf":{"@id":"https:\/\/rita-zia.com\/#website"},"datePublished":"2016-04-15T16:16:33+00:00","dateModified":"2016-05-10T08:04:26+00:00","inLanguage":"en-US","potentialAction":[{"@type":"ReadAction","target":["https:\/\/rita-zia.com\/lookbook\/"]}]},{"@type":"WebSite","@id":"https:\/\/rita-zia.com\/#website","url":"https:\/\/rita-zia.com\/","name":"Rita&amp;Zia","description":"Une f\u00e9minit\u00e9 assur\u00e9e","publisher":{"@id":"https:\/\/rita-zia.com\/#organization"},"potentialAction":[{"@type":"SearchAction","target":{"@type":"EntryPoint","urlTemplate":"https:\/\/rita-zia.com\/?s={search_term_string}"},"query-input":{"@type":"PropertyValueSpecification","valueRequired":true,"valueName":"search_term_string"}}],"inLanguage":"en-US"},{"@type":"Organization","@id":"https:\/\/rita-zia.com\/#organization","name":"Rita & Zia","url":"https:\/\/rita-zia.com\/","logo":{"@type":"ImageObject","inLanguage":"en-US","@id":"https:\/\/rita-zia.com\/#\/schema\/logo\/image\/","url":"https:\/\/rita-zia.com\/wp-content\/uploads\/2022\/02\/Logo-Rita-Zia_vertical-scaled.jpg","contentUrl":"https:\/\/rita-zia.com\/wp-content\/uploads\/2022\/02\/Logo-Rita-Zia_vertical-scaled.jpg","width":2560,"height":2560,"caption":"Rita & Zia"},"image":{"@id":"https:\/\/rita-zia.com\/#\/schema\/logo\/image\/"},"sameAs":["https:\/\/www.instagram.com\/ritazia\/"]}]}},"_links":{"self":[{"href":"https:\/\/rita-zia.com\/en\/wp-json\/wp\/v2\/pages\/14","targetHints":{"allow":["GET"]}}],"collection":[{"href":"https:\/\/rita-zia.com\/en\/wp-json\/wp\/v2\/pages"}],"about":[{"href":"https:\/\/rita-zia.com\/en\/wp-json\/wp\/v2\/types\/page"}],"author":[{"embeddable":true,"href":"https:\/\/rita-zia.com\/en\/wp-json\/wp\/v2\/users\/2"}],"replies":[{"embeddable":true,"href":"https:\/\/rita-zia.com\/en\/wp-json\/wp\/v2\/comments?post=14"}],"version-history":[{"count":0,"href":"https:\/\/rita-zia.com\/en\/wp-json\/wp\/v2\/pages\/14\/revisions"}],"wp:attachment":[{"href":"https:\/\/rita-zia.com\/en\/wp-json\/wp\/v2\/media?parent=14"}],"curies":[{"name":"wp","href":"https:\/\/api.w.org\/{rel}","templated":true}]}}