{"id":13785,"date":"2022-03-15T17:07:03","date_gmt":"2022-03-15T17:07:03","guid":{"rendered":"https:\/\/rita-zia.com\/?page_id=13785"},"modified":"2022-09-23T12:28:54","modified_gmt":"2022-09-23T12:28:54","slug":"les-collections","status":"publish","type":"page","link":"https:\/\/rita-zia.com\/en\/les-collections\/","title":{"rendered":"Les Collections"},"content":{"rendered":"<div class=\"wp-block-themepunch-revslider revslider\" data-modal=\"false\" data-slidertitle=\"Collection Scarab\u00e9e\" style=\"\">\t\t\t<rs-module-wrap id=\"rev_slider_error_1_wrapper\">\n\t\t\t\t<rs-module id=\"rev_slider_error_1\">\n\t\t\t\t\t<div class=\"rs_error_message_box\">\n\t\t\t\t\t\t<div class=\"rs_error_message_oops\">Oops...<\/div>\n\t\t\t\t\t\t<div class=\"rs_error_message_content\">Slider with alias collection-chakra-1 not found.<\/div>\n\t\t\t\t\t<\/div>\n\t\t\t\t<\/rs-module>\n\t\t\t<\/rs-module-wrap>\n\t\t\t<script>\n\t\t\t\tvar rs_eslider = document.getElementById(\"rev_slider_error_1\");\n\t\t\t\trs_eslider.style.display = \"none\";\n\t\t\t\tconsole.log(\"Slider with alias collection-chakra-1 not found.\");\n\t\t\t<\/script>\n<\/div>\n\n\n\n<div class=\"wp-block-themepunch-revslider revslider\" data-modal=\"false\" data-slidertitle=\"Collection Chakra\" style=\"\">\n\t\t\t<!-- START Collection Chakra REVOLUTION SLIDER 6.5.31 --><p class=\"rs-p-wp-fix\"><\/p>\n\t\t\t<rs-module-wrap id=\"rev_slider_4_2_wrapper\" data-source=\"gallery\" style=\"visibility:hidden;background:transparent;padding:0;margin:0px auto;margin-top:0;margin-bottom:0;\">\n\t\t\t\t<rs-module id=\"rev_slider_4_2\" style=\"\" data-version=\"6.5.31\">\n\t\t\t\t\t<rs-slides>\n\t\t\t\t\t\t<rs-slide style=\"position: absolute;\" data-key=\"rs-24\" data-title=\"CHAKRA\" data-anim=\"adpr:false;ms:10;\" data-in=\"o:1;\" data-out=\"a:false;\" data-sloop=\"s:2500;e:4500;\">\n\t\t\t\t\t\t\t<img decoding=\"async\" src=\"\/\/rita-zia.com\/wp-content\/plugins\/revslider\/public\/assets\/assets\/dummy.png\" alt=\"CHAKRA\" title=\"Les Collections\" class=\"rev-slidebg tp-rs-img rs-lazyload\" data-lazyload=\"\/\/rita-zia.com\/wp-content\/plugins\/revslider\/public\/assets\/assets\/transparent.png\" data-no-retina>\n<!--\n\t\t\t\t\t\t\t--><rs-layer\n\t\t\t\t\t\t\t\tid=\"slider-4-slide-24-layer-0\" \n\t\t\t\t\t\t\t\tclass=\"rs-nolc rs-layer-video intrinsic-ignore\"\n\t\t\t\t\t\t\t\tdata-type=\"video\"\n\t\t\t\t\t\t\t\tdata-rsp_ch=\"on\"\n\t\t\t\t\t\t\t\tdata-xy=\"x:c;y:t,t,m,m;yo:-245px,-101px,0,0;\"\n\t\t\t\t\t\t\t\tdata-text=\"w:normal;s:20,8,6,4;l:0,10,7,6;\"\n\t\t\t\t\t\t\t\tdata-dim=\"w:2560px,1065px,809px,499px;h:1440px,599px,455px,280px;\"\n\t\t\t\t\t\t\t\tdata-vbility=\"t,t,t,f\"\n\t\t\t\t\t\t\t\tdata-video=\"vfc:true;vd:100;l:true;ptimer:false;nse:f;sav:f;\"\n\t\t\t\t\t\t\t\tdata-poster=\"\/\/rita-zia.com\/wp-content\/uploads\/revslider\/video-media\/Collection-Chakra_V2_24_layer.jpeg\"\n\t\t\t\t\t\t\t\tdata-mp4=\"\/\/rita-zia.com\/wp-content\/uploads\/2022\/03\/Collection-Chakra_V2.mp4\"\n\t\t\t\t\t\t\t\tdata-frame_1=\"sp:550;\"\n\t\t\t\t\t\t\t\tdata-frame_999=\"o:0;st:w;sR:9450;\"\n\t\t\t\t\t\t\t\tstyle=\"z-index:9;\"\n\t\t\t\t\t\t\t>\n\t\t\t\t\t\t\t<\/rs-layer><!--\n\n\t\t\t\t\t\t\t--><rs-layer\n\t\t\t\t\t\t\t\tid=\"slider-4-slide-24-layer-1\" \n\t\t\t\t\t\t\t\tdata-type=\"image\"\n\t\t\t\t\t\t\t\tdata-rsp_ch=\"on\"\n\t\t\t\t\t\t\t\tdata-xy=\"xo:50px,20px,15px,-9px;yo:50px,20px,15px,0;\"\n\t\t\t\t\t\t\t\tdata-text=\"w:normal;s:20,8,6,4;l:0,10,7,6;\"\n\t\t\t\t\t\t\t\tdata-dim=\"w:300px,124px,94px,503px;h:180px,74px,56px,456px;\"\n\t\t\t\t\t\t\t\tdata-frame_1=\"sp:550;\"\n\t\t\t\t\t\t\t\tdata-frame_999=\"o:0;st:w;sR:9450;\"\n\t\t\t\t\t\t\t\tstyle=\"z-index:8;\"\n\t\t\t\t\t\t\t><img fetchpriority=\"high\" decoding=\"async\" src=\"\/\/rita-zia.com\/wp-content\/plugins\/revslider\/public\/assets\/assets\/dummy.png\" alt=\"\" class=\"tp-rs-img rs-lazyload\" width=\"1170\" height=\"1060\" data-lazyload=\"\/\/rita-zia.com\/wp-content\/uploads\/2022\/04\/chakra-RZ_mobile.jpg\" data-no-retina> \n\t\t\t\t\t\t\t<\/rs-layer><!--\n\n\t\t\t\t\t\t\t--><rs-layer\n\t\t\t\t\t\t\t\tid=\"slider-4-slide-24-layer-4\" \n\t\t\t\t\t\t\t\tclass=\"Fashion-BigDisplay\"\n\t\t\t\t\t\t\t\tdata-type=\"text\"\n\t\t\t\t\t\t\t\tdata-color=\"#161616\"\n\t\t\t\t\t\t\t\tdata-rsp_ch=\"on\"\n\t\t\t\t\t\t\t\tdata-xy=\"x:c;y:t,m,m,m;yo:643px,-60px,-60px,-61px;\"\n\t\t\t\t\t\t\t\tdata-text=\"w:normal;s:25;ls:2px;a:center;\"\n\t\t\t\t\t\t\t\tdata-frame_0=\"sX:0.9;sY:0.9;\"\n\t\t\t\t\t\t\t\tdata-frame_1=\"tp:0px;e:power1.inOut;st:1750;sp:550;sR:1750;\"\n\t\t\t\t\t\t\t\tdata-frame_999=\"x:0;y:0;z:0;sX:1;sY:1;o:1;rX:0;rY:0;rZ:0;skX:0;skY:0;st:w;sp:500;sR:7700;\"\n\t\t\t\t\t\t\t\tdata-frame_999_words=\"d:10;o:0;\"\n\t\t\t\t\t\t\t\tstyle=\"z-index:10;font-family:'Playfair Display';\"\n\t\t\t\t\t\t\t>COLLECTION \n\t\t\t\t\t\t\t<\/rs-layer><!--\n\n\t\t\t\t\t\t\t--><rs-layer\n\t\t\t\t\t\t\t\tid=\"slider-4-slide-24-layer-5\" \n\t\t\t\t\t\t\t\tdata-type=\"text\"\n\t\t\t\t\t\t\t\tdata-color=\"#161616\"\n\t\t\t\t\t\t\t\tdata-rsp_ch=\"on\"\n\t\t\t\t\t\t\t\tdata-xy=\"x:c;y:t,m,m,m;yo:698px,-5px,-5px,-5px;\"\n\t\t\t\t\t\t\t\tdata-text=\"w:normal,normal,normal,normal;s:70,70,70,70;ls:4;a:center;\"\n\t\t\t\t\t\t\t\tdata-frame_1=\"e:power1.inOut;st:1900;sp:550;sR:1900;\"\n\t\t\t\t\t\t\t\tdata-frame_999=\"o:0;st:w;sp:600;sR:7550;\"\n\t\t\t\t\t\t\t\tstyle=\"z-index:11;font-family:'Playfair Display';\"\n\t\t\t\t\t\t\t>CHAKRA \n\t\t\t\t\t\t\t<\/rs-layer><!--\n\n\t\t\t\t\t\t\t--><a\n\t\t\t\t\t\t\t\tid=\"slider-4-slide-24-layer-9\" \n\t\t\t\t\t\t\t\tclass=\"rs-layer rev-btn\"\n\t\t\t\t\t\t\t\thref=\"https:\/\/rita-zia.com\/en\/product-category\/collection-chakra\/\" target=\"_self\" rel=\"nofollow\"\n\t\t\t\t\t\t\t\tdata-type=\"button\"\n\t\t\t\t\t\t\t\tdata-color=\"#161616\"\n\t\t\t\t\t\t\t\tdata-rsp_ch=\"on\"\n\t\t\t\t\t\t\t\tdata-xy=\"x:c;y:t,m,m,m;yo:760px,60px,60px,61px;\"\n\t\t\t\t\t\t\t\tdata-text=\"w:normal;s:14,13,13,15;l:0,0,0,26;ls:1,1px,1px,1px;a:center;\"\n\t\t\t\t\t\t\t\tdata-dim=\"minh:0,none,none,none;\"\n\t\t\t\t\t\t\t\tdata-padding=\"t:18,16,16,4;r:20,18,18,15;b:18,16,16,4;l:20,18,18,15;\"\n\t\t\t\t\t\t\t\tdata-border=\"bos:solid;boc:#161616;bow:1px,1px,1px,1px;bor:30px,30px,30px,30px;\"\n\t\t\t\t\t\t\t\tdata-frame_1=\"e:power1.inOut;st:2050;sp:550;sR:2050;\"\n\t\t\t\t\t\t\t\tdata-frame_999=\"o:0;st:w;sp:600;sR:7400;\"\n\t\t\t\t\t\t\t\tdata-frame_hover=\"c:#fff;bgc:#161616;boc:#161616;bor:30px,30px,30px,30px;bos:solid;bow:1px,1px,1px,1px;tp:0px;sp:240ms;e:power1.inOut;\"\n\t\t\t\t\t\t\t\tstyle=\"z-index:12;background-color:rgba(0,0,0,0);font-family:'Roboto';text-transform:uppercase;\"\n\t\t\t\t\t\t\t>Discover \n\t\t\t\t\t\t\t<\/a><!--\n-->\t\t\t\t\t\t<\/rs-slide>\n\t\t\t\t\t<\/rs-slides>\n\t\t\t\t\t<rs-static-layers><!--\n\t\t\t\t\t--><\/rs-static-layers>\n\t\t\t\t<\/rs-module>\n\t\t\t\t<script>\n\t\t\t\t\tsetREVStartSize({c: 'rev_slider_4_2',rl:[1240,1024,778,480],el:[880,440,440,440],gw:[2460,1024,778,480],gh:[880,440,440,440],type:'standard',justify:'',layout:'fullwidth',mh:\"0\"});if (window.RS_MODULES!==undefined && window.RS_MODULES.modules!==undefined && window.RS_MODULES.modules[\"revslider42\"]!==undefined) {window.RS_MODULES.modules[\"revslider42\"].once = false;window.revapi4 = undefined;if (window.RS_MODULES.checkMinimal!==undefined) window.RS_MODULES.checkMinimal()}\n\t\t\t\t<\/script>\n\t\t\t<\/rs-module-wrap>\n\t\t\t<!-- END REVOLUTION SLIDER -->\n<\/div>\n\n\n\n<div class=\"wp-block-themepunch-revslider revslider\" data-modal=\"false\" data-slidertitle=\"Collection Aigle\" style=\"\">\n\t\t\t<!-- START Collection Aigle REVOLUTION SLIDER 6.5.31 --><p class=\"rs-p-wp-fix\"><\/p>\n\t\t\t<rs-module-wrap id=\"rev_slider_6_3_wrapper\" data-source=\"gallery\" style=\"visibility:hidden;background:transparent;padding:0;margin:0px auto;margin-top:0;margin-bottom:0;\">\n\t\t\t\t<rs-module id=\"rev_slider_6_3\" style=\"\" data-version=\"6.5.31\">\n\t\t\t\t\t<rs-slides>\n\t\t\t\t\t\t<rs-slide style=\"position: absolute;\" data-key=\"rs-33\" data-title=\"AIGLE\" data-anim=\"adpr:false;\" data-in=\"o:0;\" data-out=\"a:false;\">\n\t\t\t\t\t\t\t<img decoding=\"async\" src=\"\/\/rita-zia.com\/wp-content\/plugins\/revslider\/public\/assets\/assets\/dummy.png\" alt=\"AIGLE\" title=\"Les Collections\" class=\"rev-slidebg tp-rs-img rs-lazyload\" data-lazyload=\"\/\/rita-zia.com\/wp-content\/plugins\/revslider\/public\/assets\/assets\/transparent.png\" data-no-retina>\n<!--\n\t\t\t\t\t\t\t--><rs-layer\n\t\t\t\t\t\t\t\tid=\"slider-6-slide-33-layer-1\" \n\t\t\t\t\t\t\t\tdata-type=\"image\"\n\t\t\t\t\t\t\t\tdata-rsp_ch=\"on\"\n\t\t\t\t\t\t\t\tdata-xy=\"xo:50px,20px,15px,-8px;yo:50px,20px,15px,-5px;\"\n\t\t\t\t\t\t\t\tdata-text=\"w:normal;s:20,8,6,4;l:0,10,7,6;\"\n\t\t\t\t\t\t\t\tdata-dim=\"w:300px,124px,94px,493px;h:180px,74px,56px,447px;\"\n\t\t\t\t\t\t\t\tdata-frame_1=\"sp:550;\"\n\t\t\t\t\t\t\t\tdata-frame_999=\"o:0;st:w;sR:9450;\"\n\t\t\t\t\t\t\t\tstyle=\"z-index:8;\"\n\t\t\t\t\t\t\t><img decoding=\"async\" src=\"\/\/rita-zia.com\/wp-content\/plugins\/revslider\/public\/assets\/assets\/dummy.png\" alt=\"\" class=\"tp-rs-img rs-lazyload\" width=\"1170\" height=\"1060\" data-lazyload=\"\/\/rita-zia.com\/wp-content\/uploads\/2022\/04\/scarabee-RZ_mobile.jpg\" data-no-retina> \n\t\t\t\t\t\t\t<\/rs-layer><!--\n\n\t\t\t\t\t\t\t--><rs-layer\n\t\t\t\t\t\t\t\tid=\"slider-6-slide-33-layer-2\" \n\t\t\t\t\t\t\t\tclass=\"rs-nolc rs-layer-video intrinsic-ignore\"\n\t\t\t\t\t\t\t\tdata-type=\"video\"\n\t\t\t\t\t\t\t\tdata-rsp_ch=\"on\"\n\t\t\t\t\t\t\t\tdata-xy=\"x:c;y:m;\"\n\t\t\t\t\t\t\t\tdata-text=\"w:normal;s:20,8,6,4;l:0,10,7,6;\"\n\t\t\t\t\t\t\t\tdata-dim=\"w:2560px,1065px,809px,499px;h:1440px,599px,455px,280px;\"\n\t\t\t\t\t\t\t\tdata-vbility=\"t,t,t,f\"\n\t\t\t\t\t\t\t\tdata-video=\"vfc:true;vd:100;l:true;ptimer:false;nse:f;sav:f;\"\n\t\t\t\t\t\t\t\tdata-poster=\"\/\/rita-zia.com\/wp-content\/uploads\/revslider\/video-media\/Collection-Aigles-RZ_V2_33_layer.jpeg\"\n\t\t\t\t\t\t\t\tdata-mp4=\"\/\/rita-zia.com\/wp-content\/uploads\/2022\/03\/Collection-Aigles-RZ_V2.mp4\"\n\t\t\t\t\t\t\t\tdata-frame_1=\"sp:550;\"\n\t\t\t\t\t\t\t\tdata-frame_999=\"o:0;st:w;sR:9450;\"\n\t\t\t\t\t\t\t\tstyle=\"z-index:9;\"\n\t\t\t\t\t\t\t>\n\t\t\t\t\t\t\t<\/rs-layer><!--\n\n\t\t\t\t\t\t\t--><rs-layer\n\t\t\t\t\t\t\t\tid=\"slider-6-slide-33-layer-4\" \n\t\t\t\t\t\t\t\tclass=\"Fashion-BigDisplay\"\n\t\t\t\t\t\t\t\tdata-type=\"text\"\n\t\t\t\t\t\t\t\tdata-color=\"#161616\"\n\t\t\t\t\t\t\t\tdata-rsp_ch=\"on\"\n\t\t\t\t\t\t\t\tdata-xy=\"x:c;y:t,m,m,m;yo:643px,-60px,-60px,-61px;\"\n\t\t\t\t\t\t\t\tdata-text=\"w:normal;s:25;ls:2px;a:center;\"\n\t\t\t\t\t\t\t\tdata-frame_0=\"sX:0.9;sY:0.9;\"\n\t\t\t\t\t\t\t\tdata-frame_1=\"e:power1.inOut;st:1750;sp:550;sR:1750;\"\n\t\t\t\t\t\t\t\tdata-frame_999=\"x:0;y:0;z:0;sX:1;sY:1;o:1;rX:0;rY:0;rZ:0;skX:0;skY:0;st:w;sp:500;sR:7700;\"\n\t\t\t\t\t\t\t\tdata-frame_999_words=\"d:10;o:0;\"\n\t\t\t\t\t\t\t\tstyle=\"z-index:10;font-family:'Playfair Display';\"\n\t\t\t\t\t\t\t>COLLECTION \n\t\t\t\t\t\t\t<\/rs-layer><!--\n\n\t\t\t\t\t\t\t--><rs-layer\n\t\t\t\t\t\t\t\tid=\"slider-6-slide-33-layer-5\" \n\t\t\t\t\t\t\t\tdata-type=\"text\"\n\t\t\t\t\t\t\t\tdata-color=\"#161616||#000000||#161616||#161616\"\n\t\t\t\t\t\t\t\tdata-rsp_ch=\"on\"\n\t\t\t\t\t\t\t\tdata-xy=\"x:c;xo:-1px,0,0,0;y:t,m,m,m;yo:698px,-5px,-5px,-5px;\"\n\t\t\t\t\t\t\t\tdata-text=\"w:normal,normal,normal,normal;s:70,70,70,70;ls:4,4,4px,4px;a:center;\"\n\t\t\t\t\t\t\t\tdata-frame_1=\"e:power1.inOut;st:1900;sp:550;sR:1900;\"\n\t\t\t\t\t\t\t\tdata-frame_999=\"o:0;st:w;sp:600;sR:7550;\"\n\t\t\t\t\t\t\t\tstyle=\"z-index:11;font-family:'Playfair Display';\"\n\t\t\t\t\t\t\t>AIGLE \n\t\t\t\t\t\t\t<\/rs-layer><!--\n\n\t\t\t\t\t\t\t--><a\n\t\t\t\t\t\t\t\tid=\"slider-6-slide-33-layer-9\" \n\t\t\t\t\t\t\t\tclass=\"rs-layer rev-btn\"\n\t\t\t\t\t\t\t\thref=\"https:\/\/rita-zia.com\/en\/product-category\/collection-aigle\/\" target=\"_self\" rel=\"nofollow\"\n\t\t\t\t\t\t\t\tdata-type=\"button\"\n\t\t\t\t\t\t\t\tdata-color=\"#161616\"\n\t\t\t\t\t\t\t\tdata-rsp_ch=\"on\"\n\t\t\t\t\t\t\t\tdata-xy=\"x:c;y:t,m,m,m;yo:760px,60px,60px,61px;\"\n\t\t\t\t\t\t\t\tdata-text=\"w:normal;s:14,13,13,15;l:0,0,0,26;ls:1,1px,1px,1px;a:center;\"\n\t\t\t\t\t\t\t\tdata-dim=\"minh:0,none,none,none;\"\n\t\t\t\t\t\t\t\tdata-padding=\"t:18,16,16,4;r:20,18,18,15;b:18,16,16,4;l:20,18,18,15;\"\n\t\t\t\t\t\t\t\tdata-border=\"bos:solid;boc:#161616;bow:1px,1px,1px,1px;bor:30px,30px,30px,30px;\"\n\t\t\t\t\t\t\t\tdata-frame_1=\"e:power1.inOut;st:2050;sp:550;sR:2050;\"\n\t\t\t\t\t\t\t\tdata-frame_999=\"o:0;st:w;sp:600;sR:7400;\"\n\t\t\t\t\t\t\t\tdata-frame_hover=\"c:#fff;bgc:#161616;boc:#161616;bor:30px,30px,30px,30px;bos:solid;bow:1px,1px,1px,1px;sp:240ms;e:power1.inOut;\"\n\t\t\t\t\t\t\t\tstyle=\"z-index:12;background-color:rgba(0,0,0,0);font-family:'Roboto';text-transform:uppercase;\"\n\t\t\t\t\t\t\t>Discover \n\t\t\t\t\t\t\t<\/a><!--\n-->\t\t\t\t\t\t<\/rs-slide>\n\t\t\t\t\t<\/rs-slides>\n\t\t\t\t\t<rs-static-layers><!--\n\t\t\t\t\t--><\/rs-static-layers>\n\t\t\t\t<\/rs-module>\n\t\t\t\t<script>\n\t\t\t\t\tsetREVStartSize({c: 'rev_slider_6_3',rl:[1240,1024,778,480],el:[880,440,440,440],gw:[2460,1024,778,480],gh:[880,440,440,440],type:'standard',justify:'',layout:'fullwidth',mh:\"0\"});if (window.RS_MODULES!==undefined && window.RS_MODULES.modules!==undefined && window.RS_MODULES.modules[\"revslider63\"]!==undefined) {window.RS_MODULES.modules[\"revslider63\"].once = false;window.revapi6 = undefined;if (window.RS_MODULES.checkMinimal!==undefined) window.RS_MODULES.checkMinimal()}\n\t\t\t\t<\/script>\n\t\t\t<\/rs-module-wrap>\n\t\t\t<!-- END REVOLUTION SLIDER -->\n<\/div>\n\n\n\n<div class=\"wp-block-themepunch-revslider revslider\" data-modal=\"false\" data-slidertitle=\"Collection Pendule\" style=\"\">\n\t\t\t<!-- START Collection Pendule REVOLUTION SLIDER 6.5.31 --><p class=\"rs-p-wp-fix\"><\/p>\n\t\t\t<rs-module-wrap id=\"rev_slider_1_4_wrapper\" data-source=\"gallery\" style=\"visibility:hidden;background:transparent;padding:0;margin:0px auto;margin-top:0;margin-bottom:0;\">\n\t\t\t\t<rs-module id=\"rev_slider_1_4\" style=\"\" data-version=\"6.5.31\">\n\t\t\t\t\t<rs-slides>\n\t\t\t\t\t\t<rs-slide style=\"position: absolute;\" data-key=\"rs-17\" data-title=\"PENDULE\" data-anim=\"adpr:false;\" data-in=\"o:0;\" data-out=\"a:false;\">\n\t\t\t\t\t\t\t<img decoding=\"async\" src=\"\/\/rita-zia.com\/wp-content\/plugins\/revslider\/public\/assets\/assets\/dummy.png\" alt=\"PENDULE\" title=\"Les Collections\" class=\"rev-slidebg tp-rs-img rs-lazyload\" data-lazyload=\"\/\/rita-zia.com\/wp-content\/plugins\/revslider\/public\/assets\/assets\/transparent.png\" data-no-retina>\n<!--\n\t\t\t\t\t\t\t--><rs-layer\n\t\t\t\t\t\t\t\tid=\"slider-1-slide-17-layer-0\" \n\t\t\t\t\t\t\t\tclass=\"rs-nolc rs-layer-video intrinsic-ignore\"\n\t\t\t\t\t\t\t\tdata-type=\"video\"\n\t\t\t\t\t\t\t\tdata-rsp_ch=\"on\"\n\t\t\t\t\t\t\t\tdata-xy=\"x:c;y:t,t,m,m;yo:-248px,-103px,0,0;\"\n\t\t\t\t\t\t\t\tdata-text=\"w:normal;s:20,8,6,4;l:0,10,7,6;\"\n\t\t\t\t\t\t\t\tdata-dim=\"w:2560px,1065px,809px,499px;h:1440px,599px,455px,280px;\"\n\t\t\t\t\t\t\t\tdata-vbility=\"t,t,t,f\"\n\t\t\t\t\t\t\t\tdata-video=\"vfc:true;vd:100;l:true;ptimer:false;nse:f;sav:f;\"\n\t\t\t\t\t\t\t\tdata-poster=\"\/\/rita-zia.com\/wp-content\/uploads\/revslider\/video-media\/Collection_Pendules-v2_17_layer.jpeg\"\n\t\t\t\t\t\t\t\tdata-mp4=\"\/\/rita-zia.com\/wp-content\/uploads\/2022\/03\/Collection_Pendules-v2.mp4\"\n\t\t\t\t\t\t\t\tdata-frame_1=\"sp:550;\"\n\t\t\t\t\t\t\t\tdata-frame_999=\"o:0;st:w;sR:9450;\"\n\t\t\t\t\t\t\t\tdata-tloop=\"u:true;\"\n\t\t\t\t\t\t\t\tstyle=\"z-index:9;\"\n\t\t\t\t\t\t\t>\n\t\t\t\t\t\t\t<\/rs-layer><!--\n\n\t\t\t\t\t\t\t--><rs-layer\n\t\t\t\t\t\t\t\tid=\"slider-1-slide-17-layer-1\" \n\t\t\t\t\t\t\t\tdata-type=\"image\"\n\t\t\t\t\t\t\t\tdata-rsp_ch=\"on\"\n\t\t\t\t\t\t\t\tdata-xy=\"xo:50px,20px,15px,-28px;yo:50px,20px,15px,-7px;\"\n\t\t\t\t\t\t\t\tdata-text=\"w:normal;s:20,8,6,4;l:0,10,7,6;\"\n\t\t\t\t\t\t\t\tdata-dim=\"w:300px,124px,94px,542px;h:180px,74px,56px,491px;\"\n\t\t\t\t\t\t\t\tdata-frame_1=\"sp:550;\"\n\t\t\t\t\t\t\t\tdata-frame_999=\"o:0;st:w;sR:9450;\"\n\t\t\t\t\t\t\t\tstyle=\"z-index:8;\"\n\t\t\t\t\t\t\t><img decoding=\"async\" src=\"\/\/rita-zia.com\/wp-content\/plugins\/revslider\/public\/assets\/assets\/dummy.png\" alt=\"\" class=\"tp-rs-img rs-lazyload\" width=\"1170\" height=\"1060\" data-lazyload=\"\/\/rita-zia.com\/wp-content\/uploads\/2022\/04\/pendule-RZ_mobile.jpg\" data-no-retina> \n\t\t\t\t\t\t\t<\/rs-layer><!--\n\n\t\t\t\t\t\t\t--><rs-layer\n\t\t\t\t\t\t\t\tid=\"slider-1-slide-17-layer-4\" \n\t\t\t\t\t\t\t\tclass=\"Fashion-BigDisplay\"\n\t\t\t\t\t\t\t\tdata-type=\"text\"\n\t\t\t\t\t\t\t\tdata-color=\"#161616\"\n\t\t\t\t\t\t\t\tdata-rsp_ch=\"on\"\n\t\t\t\t\t\t\t\tdata-xy=\"x:c;y:t,m,m,m;yo:643px,-60px,-60px,-61px;\"\n\t\t\t\t\t\t\t\tdata-text=\"w:normal;s:25;ls:2px;a:center;\"\n\t\t\t\t\t\t\t\tdata-frame_0=\"sX:0.9;sY:0.9;\"\n\t\t\t\t\t\t\t\tdata-frame_1=\"e:power1.inOut;st:1750;sp:550;sR:1750;\"\n\t\t\t\t\t\t\t\tdata-frame_999=\"x:0;y:0;z:0;sX:1;sY:1;o:1;rX:0;rY:0;rZ:0;skX:0;skY:0;st:w;sp:500;sR:7700;\"\n\t\t\t\t\t\t\t\tdata-frame_999_words=\"d:10;o:0;\"\n\t\t\t\t\t\t\t\tstyle=\"z-index:10;font-family:'Playfair Display';\"\n\t\t\t\t\t\t\t>COLLECTION \n\t\t\t\t\t\t\t<\/rs-layer><!--\n\n\t\t\t\t\t\t\t--><rs-layer\n\t\t\t\t\t\t\t\tid=\"slider-1-slide-17-layer-5\" \n\t\t\t\t\t\t\t\tdata-type=\"text\"\n\t\t\t\t\t\t\t\tdata-color=\"#161616||#161616||rgba(34,33,31,1)||#161616\"\n\t\t\t\t\t\t\t\tdata-rsp_ch=\"on\"\n\t\t\t\t\t\t\t\tdata-xy=\"x:c;y:t,m,m,m;yo:698px,-5px,-5px,-5px;\"\n\t\t\t\t\t\t\t\tdata-text=\"w:normal,normal,normal,normal;s:70,70,70,70;ls:4;a:center;\"\n\t\t\t\t\t\t\t\tdata-frame_1=\"e:power1.inOut;st:1900;sp:550;sR:1900;\"\n\t\t\t\t\t\t\t\tdata-frame_999=\"o:0;st:w;sp:600;sR:7550;\"\n\t\t\t\t\t\t\t\tstyle=\"z-index:11;font-family:'Playfair Display';\"\n\t\t\t\t\t\t\t>PENDULE \n\t\t\t\t\t\t\t<\/rs-layer><!--\n\n\t\t\t\t\t\t\t--><a\n\t\t\t\t\t\t\t\tid=\"slider-1-slide-17-layer-6\" \n\t\t\t\t\t\t\t\tclass=\"rs-layer rev-btn\"\n\t\t\t\t\t\t\t\thref=\"https:\/\/rita-zia.com\/en\/product-category\/collection-pendule\/\" target=\"_self\" rel=\"nofollow\"\n\t\t\t\t\t\t\t\tdata-type=\"button\"\n\t\t\t\t\t\t\t\tdata-color=\"#161616\"\n\t\t\t\t\t\t\t\tdata-rsp_ch=\"on\"\n\t\t\t\t\t\t\t\tdata-xy=\"x:c;y:t,m,m,m;yo:760px,60px,60px,61px;\"\n\t\t\t\t\t\t\t\tdata-text=\"w:normal;s:14,13,13,15;l:0,0,0,26;ls:1,1px,1px,1px;a:center;\"\n\t\t\t\t\t\t\t\tdata-dim=\"minh:0,none,none,none;\"\n\t\t\t\t\t\t\t\tdata-padding=\"t:18,16,16,4;r:20,18,18,15;b:18,16,16,4;l:20,18,18,15;\"\n\t\t\t\t\t\t\t\tdata-border=\"bos:solid;boc:#161616;bow:1px,1px,1px,1px;bor:30px,30px,30px,30px;\"\n\t\t\t\t\t\t\t\tdata-frame_1=\"e:power1.inOut;st:2050;sp:550;sR:2050;\"\n\t\t\t\t\t\t\t\tdata-frame_999=\"o:0;st:w;sp:600;sR:7400;\"\n\t\t\t\t\t\t\t\tdata-frame_hover=\"c:#fff;bgc:#161616;boc:#161616;bor:30px,30px,30px,30px;bos:solid;bow:1px,1px,1px,1px;sp:240ms;e:power1.inOut;\"\n\t\t\t\t\t\t\t\tstyle=\"z-index:12;background-color:rgba(0,0,0,0);font-family:'Roboto';text-transform:uppercase;\"\n\t\t\t\t\t\t\t>Discover \n\t\t\t\t\t\t\t<\/a><!--\n-->\t\t\t\t\t\t<\/rs-slide>\n\t\t\t\t\t<\/rs-slides>\n\t\t\t\t\t<rs-static-layers><!--\n\t\t\t\t\t--><\/rs-static-layers>\n\t\t\t\t<\/rs-module>\n\t\t\t\t<script>\n\t\t\t\t\tsetREVStartSize({c: 'rev_slider_1_4',rl:[1240,1024,778,480],el:[880,440,440,440],gw:[2460,1024,778,480],gh:[880,440,440,440],type:'standard',justify:'',layout:'fullwidth',mh:\"0\"});if (window.RS_MODULES!==undefined && window.RS_MODULES.modules!==undefined && window.RS_MODULES.modules[\"revslider14\"]!==undefined) {window.RS_MODULES.modules[\"revslider14\"].once = false;window.revapi1 = undefined;if (window.RS_MODULES.checkMinimal!==undefined) window.RS_MODULES.checkMinimal()}\n\t\t\t\t<\/script>\n\t\t\t<\/rs-module-wrap>\n\t\t\t<!-- END REVOLUTION SLIDER -->\n<\/div>\n\n\n\n<p><\/p>","protected":false},"excerpt":{"rendered":"Oops... Slider with alias collection-chakra-1 not found. COLLECTION CHAKRA D\u00c9COUVRIR COLLECTION AIGLE D\u00c9COUVRIR COLLECTION PENDULE D\u00c9COUVRIR","protected":false},"author":2,"featured_media":0,"parent":0,"menu_order":0,"comment_status":"closed","ping_status":"closed","template":"","meta":{"om_disable_all_campaigns":false,"_monsterinsights_skip_tracking":false,"_monsterinsights_sitenote_active":false,"_monsterinsights_sitenote_note":"","_monsterinsights_sitenote_category":0,"footnotes":""},"class_list":["post-13785","page","type-page","status-publish","hentry"],"aioseo_notices":[],"yoast_head":"<!-- This site is optimized with the Yoast SEO plugin v27.3 - https:\/\/yoast.com\/product\/yoast-seo-wordpress\/ -->\n<title>Les Collections - Rita&amp;Zia<\/title>\n<meta name=\"robots\" content=\"index, follow, max-snippet:-1, max-image-preview:large, max-video-preview:-1\" \/>\n<link rel=\"canonical\" href=\"https:\/\/rita-zia.com\/en\/les-collections\/\" \/>\n<meta property=\"og:locale\" content=\"en_US\" \/>\n<meta property=\"og:type\" content=\"article\" \/>\n<meta property=\"og:title\" content=\"Les Collections - Rita&amp;Zia\" \/>\n<meta property=\"og:url\" content=\"https:\/\/rita-zia.com\/en\/les-collections\/\" \/>\n<meta property=\"og:site_name\" content=\"Rita&amp;Zia\" \/>\n<meta property=\"article:modified_time\" content=\"2022-09-23T12:28:54+00:00\" \/>\n<meta name=\"twitter:card\" content=\"summary_large_image\" \/>\n<meta name=\"twitter:label1\" content=\"Est. reading time\" \/>\n\t<meta name=\"twitter:data1\" content=\"1 minute\" \/>\n<script type=\"application\/ld+json\" class=\"yoast-schema-graph\">{\"@context\":\"https:\\\/\\\/schema.org\",\"@graph\":[{\"@type\":\"WebPage\",\"@id\":\"https:\\\/\\\/rita-zia.com\\\/les-collections\\\/\",\"url\":\"https:\\\/\\\/rita-zia.com\\\/les-collections\\\/\",\"name\":\"Les Collections - Rita&amp;Zia\",\"isPartOf\":{\"@id\":\"https:\\\/\\\/rita-zia.com\\\/#website\"},\"datePublished\":\"2022-03-15T17:07:03+00:00\",\"dateModified\":\"2022-09-23T12:28:54+00:00\",\"inLanguage\":\"en-US\",\"potentialAction\":[{\"@type\":\"ReadAction\",\"target\":[\"https:\\\/\\\/rita-zia.com\\\/les-collections\\\/\"]}]},{\"@type\":\"WebSite\",\"@id\":\"https:\\\/\\\/rita-zia.com\\\/#website\",\"url\":\"https:\\\/\\\/rita-zia.com\\\/\",\"name\":\"Rita&amp;Zia\",\"description\":\"Une f\u00e9minit\u00e9 assur\u00e9e\",\"publisher\":{\"@id\":\"https:\\\/\\\/rita-zia.com\\\/#organization\"},\"potentialAction\":[{\"@type\":\"SearchAction\",\"target\":{\"@type\":\"EntryPoint\",\"urlTemplate\":\"https:\\\/\\\/rita-zia.com\\\/?s={search_term_string}\"},\"query-input\":{\"@type\":\"PropertyValueSpecification\",\"valueRequired\":true,\"valueName\":\"search_term_string\"}}],\"inLanguage\":\"en-US\"},{\"@type\":\"Organization\",\"@id\":\"https:\\\/\\\/rita-zia.com\\\/#organization\",\"name\":\"Rita & Zia\",\"url\":\"https:\\\/\\\/rita-zia.com\\\/\",\"logo\":{\"@type\":\"ImageObject\",\"inLanguage\":\"en-US\",\"@id\":\"https:\\\/\\\/rita-zia.com\\\/#\\\/schema\\\/logo\\\/image\\\/\",\"url\":\"https:\\\/\\\/rita-zia.com\\\/wp-content\\\/uploads\\\/2022\\\/02\\\/Logo-Rita-Zia_vertical-scaled.jpg\",\"contentUrl\":\"https:\\\/\\\/rita-zia.com\\\/wp-content\\\/uploads\\\/2022\\\/02\\\/Logo-Rita-Zia_vertical-scaled.jpg\",\"width\":2560,\"height\":2560,\"caption\":\"Rita & Zia\"},\"image\":{\"@id\":\"https:\\\/\\\/rita-zia.com\\\/#\\\/schema\\\/logo\\\/image\\\/\"},\"sameAs\":[\"https:\\\/\\\/www.instagram.com\\\/ritazia\\\/\"]}]}<\/script>\n<!-- \/ Yoast SEO plugin. -->","yoast_head_json":{"title":"Les Collections - Rita&amp;Zia","robots":{"index":"index","follow":"follow","max-snippet":"max-snippet:-1","max-image-preview":"max-image-preview:large","max-video-preview":"max-video-preview:-1"},"canonical":"https:\/\/rita-zia.com\/en\/les-collections\/","og_locale":"en_US","og_type":"article","og_title":"Les Collections - Rita&amp;Zia","og_url":"https:\/\/rita-zia.com\/en\/les-collections\/","og_site_name":"Rita&amp;Zia","article_modified_time":"2022-09-23T12:28:54+00:00","twitter_card":"summary_large_image","twitter_misc":{"Est. reading time":"1 minute"},"schema":{"@context":"https:\/\/schema.org","@graph":[{"@type":"WebPage","@id":"https:\/\/rita-zia.com\/les-collections\/","url":"https:\/\/rita-zia.com\/les-collections\/","name":"Les Collections - Rita&amp;Zia","isPartOf":{"@id":"https:\/\/rita-zia.com\/#website"},"datePublished":"2022-03-15T17:07:03+00:00","dateModified":"2022-09-23T12:28:54+00:00","inLanguage":"en-US","potentialAction":[{"@type":"ReadAction","target":["https:\/\/rita-zia.com\/les-collections\/"]}]},{"@type":"WebSite","@id":"https:\/\/rita-zia.com\/#website","url":"https:\/\/rita-zia.com\/","name":"Rita&amp;Zia","description":"Une f\u00e9minit\u00e9 assur\u00e9e","publisher":{"@id":"https:\/\/rita-zia.com\/#organization"},"potentialAction":[{"@type":"SearchAction","target":{"@type":"EntryPoint","urlTemplate":"https:\/\/rita-zia.com\/?s={search_term_string}"},"query-input":{"@type":"PropertyValueSpecification","valueRequired":true,"valueName":"search_term_string"}}],"inLanguage":"en-US"},{"@type":"Organization","@id":"https:\/\/rita-zia.com\/#organization","name":"Rita & Zia","url":"https:\/\/rita-zia.com\/","logo":{"@type":"ImageObject","inLanguage":"en-US","@id":"https:\/\/rita-zia.com\/#\/schema\/logo\/image\/","url":"https:\/\/rita-zia.com\/wp-content\/uploads\/2022\/02\/Logo-Rita-Zia_vertical-scaled.jpg","contentUrl":"https:\/\/rita-zia.com\/wp-content\/uploads\/2022\/02\/Logo-Rita-Zia_vertical-scaled.jpg","width":2560,"height":2560,"caption":"Rita & Zia"},"image":{"@id":"https:\/\/rita-zia.com\/#\/schema\/logo\/image\/"},"sameAs":["https:\/\/www.instagram.com\/ritazia\/"]}]}},"_links":{"self":[{"href":"https:\/\/rita-zia.com\/en\/wp-json\/wp\/v2\/pages\/13785","targetHints":{"allow":["GET"]}}],"collection":[{"href":"https:\/\/rita-zia.com\/en\/wp-json\/wp\/v2\/pages"}],"about":[{"href":"https:\/\/rita-zia.com\/en\/wp-json\/wp\/v2\/types\/page"}],"author":[{"embeddable":true,"href":"https:\/\/rita-zia.com\/en\/wp-json\/wp\/v2\/users\/2"}],"replies":[{"embeddable":true,"href":"https:\/\/rita-zia.com\/en\/wp-json\/wp\/v2\/comments?post=13785"}],"version-history":[{"count":6,"href":"https:\/\/rita-zia.com\/en\/wp-json\/wp\/v2\/pages\/13785\/revisions"}],"predecessor-version":[{"id":17588,"href":"https:\/\/rita-zia.com\/en\/wp-json\/wp\/v2\/pages\/13785\/revisions\/17588"}],"wp:attachment":[{"href":"https:\/\/rita-zia.com\/en\/wp-json\/wp\/v2\/media?parent=13785"}],"curies":[{"name":"wp","href":"https:\/\/api.w.org\/{rel}","templated":true}]}}