{"id":10,"date":"2016-04-15T16:15:26","date_gmt":"2016-04-15T16:15:26","guid":{"rendered":"https:\/\/rita-zia.com\/?page_id=10"},"modified":"2022-12-01T15:10:37","modified_gmt":"2022-12-01T15:10:37","slug":"la-marque-rita-zia","status":"publish","type":"page","link":"https:\/\/rita-zia.com\/en\/la-marque-rita-zia\/","title":{"rendered":"The Brand"},"content":{"rendered":"<section class=\"wpb-content-wrapper\"><div class=\"container\"><div data-vc-parallax=\"1.5\" style=\"background-position: right center!important\" class=\"vc_row wpb_row vc_row-fluid vc_custom_1626096975445 vc_row-has-fill vc_general vc_parallax vc_parallax-content-moving\"><div class=\"wpb_column vc_column_container vc_col-sm-2\"><div class=\"vc_column-inner\" ><div class=\"wpb_wrapper\"><\/div><\/div><\/div><div class=\"wpb_column vc_column_container vc_col-sm-8\"><div class=\"vc_column-inner\" ><div class=\"wpb_wrapper\"><div id=\"nitro_custom_css_1055623209\" class=\"pr nitro-heading tl\"><div class=\"heading\"><h2>An assured femininity<\/h2><\/div><\/div><p style=\"font-size: 18px;color: #22211f;line-height: 1.2;text-align: left\" class=\"vc_custom_heading pd0 vc_custom_1669903789518\" >Her facets are many, but her personality is unique: that is the Rita &amp; Zia woman.<\/p>\n<p>An independent spirit, spontaneous in nature, a soul open to the world. She dictates her own elegance, her tastes, her moods. Jewellery is her most intimate ally in that journey. Whether they adorn her neck or her hands, the stylized Scarab\u00e9e and Aigle\u2014emblems of the brand\u2014are the emblems of her confidence. Bold in colour, these pieces inspire poise in the face of everyday life. Cut in semi-precious stones, they tell a distinctive story, that of a heroine who writes her own profound tale every day. Their romantic curvature compliments the more abstract curves of Chakra and Pendule. Worn individually or together, simply or in multiples, Rita &amp; Zia\u2019s jewels are sculptures of today that will be passed down to tomorrow\u2019s generation. They reveal a character of their time. In Geneva, on Rue du Rh\u00f4ne, the Rita &amp; Zia boutique is the starting point for the quest for oneself.<\/p><\/div><\/div><\/div><div class=\"wpb_column vc_column_container vc_col-sm-2\"><div class=\"vc_column-inner\" ><div class=\"wpb_wrapper\"><\/div><\/div><\/div><\/div><\/div><div class=\"container\"><div class=\"vc_row wpb_row vc_row-fluid\"><div class=\"wpb_column vc_column_container vc_col-sm-12\"><div class=\"vc_column-inner\" ><div class=\"wpb_wrapper\"><div class=\"vc_empty_space\"   style=\"height: 32px\"><span class=\"vc_empty_space_inner\"><\/span><\/div><\/div><\/div><\/div><\/div><\/div><div class=\"container\"><div class=\"vc_row wpb_row vc_row-fluid\"><div class=\"wpb_column vc_column_container vc_col-sm-2\"><div class=\"vc_column-inner\" ><div class=\"wpb_wrapper\"><\/div><\/div><\/div><div class=\"wpb_column vc_column_container vc_col-sm-8\"><div class=\"vc_column-inner\" ><div class=\"wpb_wrapper\">\n\t<div class=\"wpb_single_image wpb_content_element vc_align_center\">\n\t\t\n\t\t<figure class=\"wpb_wrapper vc_figure\">\n\t\t\t<div class=\"vc_single_image-wrapper   vc_box_border_grey\"><img fetchpriority=\"high\" decoding=\"async\" class=\"vc_single_image-img\" src=\"https:\/\/rita-zia.com\/wp-content\/uploads\/2022\/11\/Rita-Zia_la-marque.jpg\" width=\"800\" height=\"450\" alt=\"Rita Zia The Brand\" title=\"Rita Zia The Brand\" \/><\/div>\n\t\t<\/figure>\n\t<\/div>\n<\/div><\/div><\/div><div class=\"wpb_column vc_column_container vc_col-sm-2\"><div class=\"vc_column-inner\" ><div class=\"wpb_wrapper\"><\/div><\/div><\/div><\/div><\/div>\n<\/section>","protected":false},"excerpt":{"rendered":"<p>Un esprit ind\u00e9pendant, une nature spontan\u00e9e, une \u00e2me ouverte sur le monde. Ce qui dicte son \u00e9l\u00e9gance? Elle-m\u00eame.<\/p>","protected":false},"author":2,"featured_media":0,"parent":0,"menu_order":0,"comment_status":"closed","ping_status":"closed","template":"","meta":{"om_disable_all_campaigns":false,"_monsterinsights_skip_tracking":false,"_monsterinsights_sitenote_active":false,"_monsterinsights_sitenote_note":"","_monsterinsights_sitenote_category":0,"footnotes":""},"class_list":["post-10","page","type-page","status-publish","hentry"],"aioseo_notices":[],"yoast_head":"<!-- This site is optimized with the Yoast SEO plugin v27.3 - https:\/\/yoast.com\/product\/yoast-seo-wordpress\/ -->\n<title>La Marque - Rita&amp;Zia<\/title>\n<meta name=\"description\" content=\"Les derni\u00e8res collections font rimer des bijoux avec magie, des collections au caract\u00e8re joyeux, les cr\u00e9ations se portent en accumulations.\" \/>\n<meta name=\"robots\" content=\"index, follow, max-snippet:-1, max-image-preview:large, max-video-preview:-1\" \/>\n<link rel=\"canonical\" href=\"https:\/\/rita-zia.com\/en\/la-marque-rita-zia\/\" \/>\n<meta property=\"og:locale\" content=\"en_US\" \/>\n<meta property=\"og:type\" content=\"article\" \/>\n<meta property=\"og:title\" content=\"La Marque - Rita&amp;Zia\" \/>\n<meta property=\"og:description\" content=\"Les derni\u00e8res collections font rimer des bijoux avec magie, des collections au caract\u00e8re joyeux, les cr\u00e9ations se portent en accumulations.\" \/>\n<meta property=\"og:url\" content=\"https:\/\/rita-zia.com\/en\/la-marque-rita-zia\/\" \/>\n<meta property=\"og:site_name\" content=\"Rita&amp;Zia\" \/>\n<meta property=\"article:modified_time\" content=\"2022-12-01T15:10:37+00:00\" \/>\n<meta name=\"twitter:card\" content=\"summary_large_image\" \/>\n<meta name=\"twitter:label1\" content=\"Est. reading time\" \/>\n\t<meta name=\"twitter:data1\" content=\"2 minutes\" \/>\n<script type=\"application\/ld+json\" class=\"yoast-schema-graph\">{\"@context\":\"https:\\\/\\\/schema.org\",\"@graph\":[{\"@type\":\"WebPage\",\"@id\":\"https:\\\/\\\/rita-zia.com\\\/la-marque-rita-zia\\\/\",\"url\":\"https:\\\/\\\/rita-zia.com\\\/la-marque-rita-zia\\\/\",\"name\":\"La Marque - Rita&amp;Zia\",\"isPartOf\":{\"@id\":\"https:\\\/\\\/rita-zia.com\\\/#website\"},\"datePublished\":\"2016-04-15T16:15:26+00:00\",\"dateModified\":\"2022-12-01T15:10:37+00:00\",\"description\":\"Les derni\u00e8res collections font rimer des bijoux avec magie, des collections au caract\u00e8re joyeux, les cr\u00e9ations se portent en accumulations.\",\"inLanguage\":\"en-US\",\"potentialAction\":[{\"@type\":\"ReadAction\",\"target\":[\"https:\\\/\\\/rita-zia.com\\\/la-marque-rita-zia\\\/\"]}]},{\"@type\":\"WebSite\",\"@id\":\"https:\\\/\\\/rita-zia.com\\\/#website\",\"url\":\"https:\\\/\\\/rita-zia.com\\\/\",\"name\":\"Rita&amp;Zia\",\"description\":\"Une f\u00e9minit\u00e9 assur\u00e9e\",\"publisher\":{\"@id\":\"https:\\\/\\\/rita-zia.com\\\/#organization\"},\"potentialAction\":[{\"@type\":\"SearchAction\",\"target\":{\"@type\":\"EntryPoint\",\"urlTemplate\":\"https:\\\/\\\/rita-zia.com\\\/?s={search_term_string}\"},\"query-input\":{\"@type\":\"PropertyValueSpecification\",\"valueRequired\":true,\"valueName\":\"search_term_string\"}}],\"inLanguage\":\"en-US\"},{\"@type\":\"Organization\",\"@id\":\"https:\\\/\\\/rita-zia.com\\\/#organization\",\"name\":\"Rita & Zia\",\"url\":\"https:\\\/\\\/rita-zia.com\\\/\",\"logo\":{\"@type\":\"ImageObject\",\"inLanguage\":\"en-US\",\"@id\":\"https:\\\/\\\/rita-zia.com\\\/#\\\/schema\\\/logo\\\/image\\\/\",\"url\":\"https:\\\/\\\/rita-zia.com\\\/wp-content\\\/uploads\\\/2022\\\/02\\\/Logo-Rita-Zia_vertical-scaled.jpg\",\"contentUrl\":\"https:\\\/\\\/rita-zia.com\\\/wp-content\\\/uploads\\\/2022\\\/02\\\/Logo-Rita-Zia_vertical-scaled.jpg\",\"width\":2560,\"height\":2560,\"caption\":\"Rita & Zia\"},\"image\":{\"@id\":\"https:\\\/\\\/rita-zia.com\\\/#\\\/schema\\\/logo\\\/image\\\/\"},\"sameAs\":[\"https:\\\/\\\/www.instagram.com\\\/ritazia\\\/\"]}]}<\/script>\n<!-- \/ Yoast SEO plugin. -->","yoast_head_json":{"title":"La Marque - Rita&amp;Zia","description":"Les derni\u00e8res collections font rimer des bijoux avec magie, des collections au caract\u00e8re joyeux, les cr\u00e9ations se portent en accumulations.","robots":{"index":"index","follow":"follow","max-snippet":"max-snippet:-1","max-image-preview":"max-image-preview:large","max-video-preview":"max-video-preview:-1"},"canonical":"https:\/\/rita-zia.com\/en\/la-marque-rita-zia\/","og_locale":"en_US","og_type":"article","og_title":"La Marque - Rita&amp;Zia","og_description":"Les derni\u00e8res collections font rimer des bijoux avec magie, des collections au caract\u00e8re joyeux, les cr\u00e9ations se portent en accumulations.","og_url":"https:\/\/rita-zia.com\/en\/la-marque-rita-zia\/","og_site_name":"Rita&amp;Zia","article_modified_time":"2022-12-01T15:10:37+00:00","twitter_card":"summary_large_image","twitter_misc":{"Est. reading time":"2 minutes"},"schema":{"@context":"https:\/\/schema.org","@graph":[{"@type":"WebPage","@id":"https:\/\/rita-zia.com\/la-marque-rita-zia\/","url":"https:\/\/rita-zia.com\/la-marque-rita-zia\/","name":"La Marque - Rita&amp;Zia","isPartOf":{"@id":"https:\/\/rita-zia.com\/#website"},"datePublished":"2016-04-15T16:15:26+00:00","dateModified":"2022-12-01T15:10:37+00:00","description":"Les derni\u00e8res collections font rimer des bijoux avec magie, des collections au caract\u00e8re joyeux, les cr\u00e9ations se portent en accumulations.","inLanguage":"en-US","potentialAction":[{"@type":"ReadAction","target":["https:\/\/rita-zia.com\/la-marque-rita-zia\/"]}]},{"@type":"WebSite","@id":"https:\/\/rita-zia.com\/#website","url":"https:\/\/rita-zia.com\/","name":"Rita&amp;Zia","description":"Une f\u00e9minit\u00e9 assur\u00e9e","publisher":{"@id":"https:\/\/rita-zia.com\/#organization"},"potentialAction":[{"@type":"SearchAction","target":{"@type":"EntryPoint","urlTemplate":"https:\/\/rita-zia.com\/?s={search_term_string}"},"query-input":{"@type":"PropertyValueSpecification","valueRequired":true,"valueName":"search_term_string"}}],"inLanguage":"en-US"},{"@type":"Organization","@id":"https:\/\/rita-zia.com\/#organization","name":"Rita & Zia","url":"https:\/\/rita-zia.com\/","logo":{"@type":"ImageObject","inLanguage":"en-US","@id":"https:\/\/rita-zia.com\/#\/schema\/logo\/image\/","url":"https:\/\/rita-zia.com\/wp-content\/uploads\/2022\/02\/Logo-Rita-Zia_vertical-scaled.jpg","contentUrl":"https:\/\/rita-zia.com\/wp-content\/uploads\/2022\/02\/Logo-Rita-Zia_vertical-scaled.jpg","width":2560,"height":2560,"caption":"Rita & Zia"},"image":{"@id":"https:\/\/rita-zia.com\/#\/schema\/logo\/image\/"},"sameAs":["https:\/\/www.instagram.com\/ritazia\/"]}]}},"_links":{"self":[{"href":"https:\/\/rita-zia.com\/en\/wp-json\/wp\/v2\/pages\/10","targetHints":{"allow":["GET"]}}],"collection":[{"href":"https:\/\/rita-zia.com\/en\/wp-json\/wp\/v2\/pages"}],"about":[{"href":"https:\/\/rita-zia.com\/en\/wp-json\/wp\/v2\/types\/page"}],"author":[{"embeddable":true,"href":"https:\/\/rita-zia.com\/en\/wp-json\/wp\/v2\/users\/2"}],"replies":[{"embeddable":true,"href":"https:\/\/rita-zia.com\/en\/wp-json\/wp\/v2\/comments?post=10"}],"version-history":[{"count":129,"href":"https:\/\/rita-zia.com\/en\/wp-json\/wp\/v2\/pages\/10\/revisions"}],"predecessor-version":[{"id":17816,"href":"https:\/\/rita-zia.com\/en\/wp-json\/wp\/v2\/pages\/10\/revisions\/17816"}],"wp:attachment":[{"href":"https:\/\/rita-zia.com\/en\/wp-json\/wp\/v2\/media?parent=10"}],"curies":[{"name":"wp","href":"https:\/\/api.w.org\/{rel}","templated":true}]}}